{"id":2494,"date":"2016-03-09T05:41:44","date_gmt":"2016-03-09T11:41:44","guid":{"rendered":"https:\/\/demo2.chethemes.com\/electro\/?page_id=2494"},"modified":"2023-01-24T10:12:05","modified_gmt":"2023-01-24T16:12:05","slug":"about","status":"publish","type":"page","link":"https:\/\/www.c-enter.com.mx\/tienda\/about\/","title":{"rendered":"Acerca de Nosotros"},"content":{"rendered":"<p>[vc_row el_class=&#8221;about-features inner-top-md inner-bottom-sm&#8221;][vc_column][vc_column_text]Bienvenido a nuestra tienda en l\u00ednea de computaci\u00f3n y videovigilancia, donde hemos estado sirviendo a nuestros clientes con productos de alta calidad y precios competitivos durante los \u00faltimos 8 a\u00f1os. Nuestra experiencia en el mercado nos permite ofrecerle una amplia selecci\u00f3n de productos de marcas reconocidas, desde computadoras, c\u00e1maras de seguridad, servicios en Conpaqi y accesorios de computo.<\/p>\n<p>En nuestra tienda, puede encontrar una gran variedad de opciones para satisfacer sus necesidades tecnol\u00f3gicas. Ofrecemos computadoras de escritorio de las mejores marcas, como Dell, HP y Lenovo, con especificaciones y precios que se adaptan a todos los presupuestos. Tambi\u00e9n tenemos una amplia gama de accesorios de computo como cargadores, mouse, teclados, etc., as\u00ed como tambi\u00e9n de equipo de videovigilancia y sistemas de Contpaqi.<\/p>\n<p>Adem\u00e1s de nuestra gran selecci\u00f3n de productos, ofrecemos un servicio al cliente excepcional. Nuestro equipo de profesionales est\u00e1 disponible para responder cualquier pregunta o inquietud que pueda tener sobre nuestros productos. Tambi\u00e9n ofrecemos env\u00edo gratis local en pedidos mayores de $300.00 y una pol\u00edtica de devoluci\u00f3n f\u00e1cil y sin complicaciones de acuerdo a los lineamientos de nuestras pol\u00edticas de devoluci\u00f3n, cambio de mercanc\u00edas y garant\u00edas de producto. V\u00e9ase https:\/\/www.c-enter.com.mx\/tienda\/terminos-y-condiciones\/<\/p>\n<p>En nuestra tienda, estamos comprometidos a brindarle una experiencia de compra en l\u00ednea segura y f\u00e1cil. Utilizamos tecnolog\u00eda de encriptaci\u00f3n de \u00faltima generaci\u00f3n para proteger sus datos personales y financieros, y trabajamos solo con proveedores de pago confiables.<\/p>\n<p>Si est\u00e1 buscando una tienda confiable para satisfacer sus necesidades tecnol\u00f3gicas, no busque m\u00e1s all\u00e1 de nuestra tienda en l\u00ednea de computaci\u00f3n y videovigilancia. Ofrecemos una gran variedad de productos de alta calidad a precios competitivos, junto con un servicio al cliente excepcional. \u00a1Haga su pedido hoy y experimente la diferencia!&#8221;[\/vc_column_text][\/vc_column][vc_column width=&#8221;1\/3&#8243; css=&#8221;.vc_custom_1457518924264{margin-bottom: 0px !important;}&#8221;][vc_single_image image=&#8221;9247&#8243; img_size=&#8221;full&#8221; title=&#8221;C-enter Avenida&#8221;][vc_column_text css=&#8221;.vc_custom_1674514172212{margin-bottom: 30px !important;}&#8221;]<\/p>\n<h3 class=\"highlight\" style=\"text-align: center;\">Misi\u00f3n<\/h3>\n<p>Ser una empresa que haga de las necesidades sociales y empresariales, soluciones tecnol\u00f3gicas que contribuyan con la evoluci\u00f3n de la humanidad a trav\u00e9s del desarrollo aplicado a las necesidades espec\u00edficas de cada empresa o persona ofreci\u00e9ndoles soluciones integrales con la finalidad de crear o desarrollar software de f\u00e1cil uso, que tenga sobresalientes niveles de rentabilidad, calidad, presencia e influencia en el mercado laboral.[\/vc_column_text][\/vc_column][vc_column width=&#8221;1\/3&#8243; css=&#8221;.vc_custom_1457518934943{margin-bottom: 0px !important;}&#8221;][vc_single_image image=&#8221;9248&#8243; img_size=&#8221;full&#8221; title=&#8221;C-enter Centro&#8221;][vc_column_text css=&#8221;.vc_custom_1674514195962{margin-bottom: 30px !important;}&#8221;]<\/p>\n<h3 class=\"highlight\" style=\"text-align: center;\">Visi\u00f3n<\/h3>\n<p>Ser una empresa l\u00edder y posicionarse como un referente en el \u00e1mbito de servicios de tecnolog\u00edas inform\u00e1ticas satisfaciendo necesidades y problem\u00e1ticas de las empresas en el \u00e1mbito de los sistemas inform\u00e1ticos, dise\u00f1o web, \u00e1rea t\u00e9cnica.[\/vc_column_text][\/vc_column][vc_column width=&#8221;1\/3&#8243; css=&#8221;.vc_custom_1457518945335{margin-bottom: 0px !important;}&#8221;][vc_single_image image=&#8221;9257&#8243; img_size=&#8221;full&#8221; title=&#8221;Distribuidor Autorizado CONTPAQI&#8221;][vc_column_text css=&#8221;.vc_custom_1674514315330{margin-bottom: 30px !important;}&#8221;]<\/p>\n<h3 style=\"text-align: center;\">Valores<\/h3>\n<ul>\n<li>Comprometidos, honrados y leales, as\u00ed como una filosof\u00eda de trabajo \u00e1gil basada en el desarrollo \u00e1gil para la entrega de resultado.<\/li>\n<li>Vocaci\u00f3n de Servicio. Trabajamos para los dem\u00e1s, a ellos nos debemos. Ellos son nuestros clientes y su satisfacci\u00f3n es nuestro primer objetivo.<\/li>\n<li>Nos comunicamos abiertamente, con honestidad y transparencia.<\/li>\n<\/ul>\n<p>[\/vc_column_text][\/vc_column][\/vc_row][vc_row][vc_column][vc_raw_html]JTNDc3R5bGUlMjB0eXBlJTNEJTIydGV4dCUyRmNzcyUyMiUzRS5wYWdlJTIwLmVudHJ5LWhlYWRlci5oZWFkZXItd2l0aC1jb3Zlci1pbWFnZSUyMCU3QiUyMGJhY2tncm91bmQtcG9zaXRpb24lM0ElMjBjZW50ZXIlMjAtMTU3cHglM0IlMjAlN0QlM0MlMkZzdHlsZSUzRQ==[\/vc_raw_html][\/vc_column][\/vc_row]<\/p>\n","protected":false},"excerpt":{"rendered":"<p>[vc_row el_class=&#8221;about-features inner-top-md inner-bottom-sm&#8221;][vc_column][vc_column_text]Bienvenido a nuestra tienda en l\u00ednea de computaci\u00f3n y videovigilancia, donde hemos estado sirviendo a nuestros clientes con productos de alta calidad y precios competitivos durante los<\/p>\n","protected":false},"author":1,"featured_media":9240,"parent":0,"menu_order":0,"comment_status":"closed","ping_status":"closed","template":"","meta":{"footnotes":""},"class_list":["post-2494","page","type-page","status-publish","has-post-thumbnail","hentry"],"_links":{"self":[{"href":"https:\/\/www.c-enter.com.mx\/tienda\/wp-json\/wp\/v2\/pages\/2494","targetHints":{"allow":["GET"]}}],"collection":[{"href":"https:\/\/www.c-enter.com.mx\/tienda\/wp-json\/wp\/v2\/pages"}],"about":[{"href":"https:\/\/www.c-enter.com.mx\/tienda\/wp-json\/wp\/v2\/types\/page"}],"author":[{"embeddable":true,"href":"https:\/\/www.c-enter.com.mx\/tienda\/wp-json\/wp\/v2\/users\/1"}],"replies":[{"embeddable":true,"href":"https:\/\/www.c-enter.com.mx\/tienda\/wp-json\/wp\/v2\/comments?post=2494"}],"version-history":[{"count":12,"href":"https:\/\/www.c-enter.com.mx\/tienda\/wp-json\/wp\/v2\/pages\/2494\/revisions"}],"predecessor-version":[{"id":9261,"href":"https:\/\/www.c-enter.com.mx\/tienda\/wp-json\/wp\/v2\/pages\/2494\/revisions\/9261"}],"wp:featuredmedia":[{"embeddable":true,"href":"https:\/\/www.c-enter.com.mx\/tienda\/wp-json\/wp\/v2\/media\/9240"}],"wp:attachment":[{"href":"https:\/\/www.c-enter.com.mx\/tienda\/wp-json\/wp\/v2\/media?parent=2494"}],"curies":[{"name":"wp","href":"https:\/\/api.w.org\/{rel}","templated":true}]}}