{"id":2505,"date":"2016-03-09T05:58:27","date_gmt":"2016-03-09T05:58:27","guid":{"rendered":"https:\/\/demo2.chethemes.com\/electro\/?page_id=2505"},"modified":"2023-04-26T12:29:17","modified_gmt":"2023-04-26T18:29:17","slug":"faq","status":"publish","type":"page","link":"https:\/\/www.c-enter.com.mx\/tienda\/faq\/","title":{"rendered":"Preguntas Frecuentes"},"content":{"rendered":"<p>[vc_row][vc_column][vc_custom_heading text=&#8221;Informaci\u00f3n de env\u00edo&#8221; font_container=&#8221;tag:h2|font_size:25px|text_align:left|color:%23434343&#8243; google_fonts=&#8221;font_family:Open%20Sans%3A300%2C300italic%2Cregular%2Citalic%2C600%2C600italic%2C700%2C700italic%2C800%2C800italic|font_style:400%20regular%3A400%3Anormal&#8221; el_class=&#8221;faq-page-title&#8221;][\/vc_column][\/vc_row][vc_row el_class=&#8221;inner-bottom-xs&#8221;][vc_column width=&#8221;1\/2&#8243;][vc_column_text]<\/p>\n<p id=\"tw-target-text\" class=\"tw-data-text tw-text-large tw-ta\" dir=\"ltr\" data-placeholder=\"Traducci\u00f3n\"><strong><span class=\"Y2IQFc\" lang=\"es\">\u00bfQu\u00e9 m\u00e9todos de env\u00edo est\u00e1n disponibles?<\/span><\/strong><\/p>\n<div class=\"text-content\">\n<p>Entrega a domicilio y entrega en sucursal.<\/p>\n<\/div>\n<p>[\/vc_column_text][\/vc_column][vc_column width=&#8221;1\/2&#8243;][vc_column_text]<\/p>\n<p id=\"tw-target-text\" class=\"tw-data-text tw-text-large tw-ta\" dir=\"ltr\" data-placeholder=\"Traducci\u00f3n\"><strong><span class=\"Y2IQFc\" lang=\"es\">\u00bfCu\u00e1nto tiempo tomar\u00e1 recibir mi paquete?<\/span><\/strong><\/p>\n<div class=\"text-content\">\n<p>La entrega del pedido es inmediato en entrega a domicilio dentro de la ciudad, en caso de los pedidos a larga distancia depender\u00eda de la paqueter\u00eda en la que se entregue.<\/p>\n<\/div>\n<p>[\/vc_column_text][\/vc_column][\/vc_row][vc_row el_class=&#8221;inner-bottom&#8221;][vc_column width=&#8221;1\/2&#8243;][vc_column_text]<\/p>\n<p id=\"tw-target-text\" class=\"tw-data-text tw-text-large tw-ta\" dir=\"ltr\" data-placeholder=\"Traducci\u00f3n\"><strong><span class=\"Y2IQFc\" lang=\"es\">\u00bfC\u00f3mo hago un seguimiento de mi pedido?<\/span><\/strong><\/p>\n<div class=\"text-content\">\n<p>El pedido se le podr\u00e1 dar seguimiento por medio de correo electr\u00f3nico donde le indicaremos el estatus de su pedido.<\/p>\n<\/div>\n<p>[\/vc_column_text][\/vc_column][vc_column width=&#8221;1\/2&#8243;][vc_column_text]<\/p>\n<p id=\"tw-target-text\" class=\"tw-data-text tw-text-large tw-ta\" dir=\"ltr\" data-placeholder=\"Traducci\u00f3n\"><strong><span class=\"Y2IQFc\" lang=\"es\">\u00bfNecesito una cuenta para realizar un pedido?<\/span><\/strong><\/p>\n<div class=\"text-content\">\n<p>No es necesario tener una cuenta registrada para realizar el pedido, sin embargo, se aconseja estar registrados por motivos de garant\u00edas y reembolso.<\/p>\n<\/div>\n<p>[\/vc_column_text][\/vc_column][\/vc_row][vc_row][vc_column][vc_custom_heading text=&#8221;Preguntas mas comunes&#8221; font_container=&#8221;tag:h2|font_size:40px|text_align:center|color:%23434343&#8243; google_fonts=&#8221;font_family:Open%20Sans%3A300%2C300italic%2Cregular%2Citalic%2C600%2C600italic%2C700%2C700italic%2C800%2C800italic|font_style:400%20regular%3A400%3Anormal&#8221; css=&#8221;.vc_custom_1674499146234{margin-top: 30px !important;margin-bottom: 10px !important;}&#8221;][\/vc_column][\/vc_row][vc_row el_class=&#8221;inner-top-xs&#8221;][vc_column][vc_toggle title=&#8221;\u00bfQu\u00e9 m\u00e9todos de env\u00edo est\u00e1n disponibles?&#8221; color=&#8221;sky&#8221; el_id=&#8221;1459864577831-bdb5bc1a-4a98&#8243;]Entrega a domicilio y entrega en sucursal.[\/vc_toggle][vc_toggle title=&#8221;\u00bfCu\u00e1nto tiempo tomar\u00e1 recibir mi paquete?&#8221; el_id=&#8221;1459864633996-9b7e4f16-199e&#8221;]La entrega del pedido es inmediato en entrega a domicilio dentro de la ciudad, en caso de los pedidos a larga distancia depender\u00eda de la paqueteria en la que se entregue.[\/vc_toggle][vc_toggle title=&#8221;\u00bfC\u00f3mo hago un seguimiento de mi pedido?&#8221; el_id=&#8221;1459864665894-b82f7067-8407&#8243;]El pedido se le podr\u00e1 dar seguimiento por medio de correo electr\u00f3nico donde le indicaremos el estatus de su pedido.[\/vc_toggle][vc_toggle title=&#8221;\u00bfC\u00f3mo hago un pedido?&#8221; el_id=&#8221;1459864700197-4c554837-f084&#8243;]Seleccionas los productos que deseas comprar, los a\u00f1ades al carrito de compras, te diriges al carrito de compras, le das clic en finalizar compra, rellenas el formulario de los datos de entrega a domicilio o facturacion en caso de requerirlo, seleccionas el tipo de pago, aceptas los terminos y condiciones\u00a0 y posteriormente das clic en realizar el pedido.[\/vc_toggle][vc_toggle title=&#8221;\u00bfDonde debo contactar si tengo alguna duda?&#8221; el_id=&#8221;1459864738156-c9e9af2d-48c9&#8243;]A los n\u00fameros registrados en la pagina de la tienda en la parte de abajo.[\/vc_toggle][vc_toggle title=&#8221;\u00bfNecesito una cuenta para realizar un pedido?&#8221; el_id=&#8221;1459864765251-4a22323b-b290&#8243;]No es necesario tener una cuenta registrada para realizar el pedido, sin embargo, se aconseja estar registrados por motivos de garant\u00edas y reembolso.[\/vc_toggle][\/vc_column][\/vc_row]<\/p>\n","protected":false},"excerpt":{"rendered":"<p>[vc_row][vc_column][vc_custom_heading text=&#8221;Informaci\u00f3n de env\u00edo&#8221; font_container=&#8221;tag:h2|font_size:25px|text_align:left|color:%23434343&#8243; google_fonts=&#8221;font_family:Open%20Sans%3A300%2C300italic%2Cregular%2Citalic%2C600%2C600italic%2C700%2C700italic%2C800%2C800italic|font_style:400%20regular%3A400%3Anormal&#8221; el_class=&#8221;faq-page-title&#8221;][\/vc_column][\/vc_row][vc_row el_class=&#8221;inner-bottom-xs&#8221;][vc_column width=&#8221;1\/2&#8243;][vc_column_text] \u00bfQu\u00e9 m\u00e9todos de env\u00edo est\u00e1n disponibles? Entrega a domicilio y entrega en sucursal. [\/vc_column_text][\/vc_column][vc_column width=&#8221;1\/2&#8243;][vc_column_text] \u00bfCu\u00e1nto tiempo tomar\u00e1 recibir mi paquete?<\/p>\n","protected":false},"author":1,"featured_media":0,"parent":0,"menu_order":0,"comment_status":"closed","ping_status":"closed","template":"","meta":{"footnotes":""},"class_list":["post-2505","page","type-page","status-publish","hentry"],"_links":{"self":[{"href":"https:\/\/www.c-enter.com.mx\/tienda\/wp-json\/wp\/v2\/pages\/2505","targetHints":{"allow":["GET"]}}],"collection":[{"href":"https:\/\/www.c-enter.com.mx\/tienda\/wp-json\/wp\/v2\/pages"}],"about":[{"href":"https:\/\/www.c-enter.com.mx\/tienda\/wp-json\/wp\/v2\/types\/page"}],"author":[{"embeddable":true,"href":"https:\/\/www.c-enter.com.mx\/tienda\/wp-json\/wp\/v2\/users\/1"}],"replies":[{"embeddable":true,"href":"https:\/\/www.c-enter.com.mx\/tienda\/wp-json\/wp\/v2\/comments?post=2505"}],"version-history":[{"count":5,"href":"https:\/\/www.c-enter.com.mx\/tienda\/wp-json\/wp\/v2\/pages\/2505\/revisions"}],"predecessor-version":[{"id":9977,"href":"https:\/\/www.c-enter.com.mx\/tienda\/wp-json\/wp\/v2\/pages\/2505\/revisions\/9977"}],"wp:attachment":[{"href":"https:\/\/www.c-enter.com.mx\/tienda\/wp-json\/wp\/v2\/media?parent=2505"}],"curies":[{"name":"wp","href":"https:\/\/api.w.org\/{rel}","templated":true}]}}