{"id":3923,"date":"2019-05-27T18:44:51","date_gmt":"2019-05-27T23:44:51","guid":{"rendered":"http:\/\/www.c-enter.com.mx\/tienda\/?page_id=3923"},"modified":"2024-08-01T11:52:30","modified_gmt":"2024-08-01T17:52:30","slug":"aviso-de-privacidad","status":"publish","type":"page","link":"https:\/\/www.c-enter.com.mx\/tienda\/aviso-de-privacidad\/","title":{"rendered":"Aviso de Privacidad"},"content":{"rendered":"<p>[vc_row][vc_column][vc_column_text]&nbsp;<\/p>\n<p style=\"text-align: justify;\"><b><strong>\u00daltima fecha de actualizaci\u00f3n: 24 de Mayo de 2018.<\/strong><\/b><\/p>\n<p style=\"text-align: justify;\">C-ENTER SERVICIOS INFORM\u00c1TICOS, CON DOMICILIO FISCAL EN AV. HECTOR PEREZ MARTINEZ, ENTRE CALLE 45 Y 47 DE LA COLONIA ESPERANZA, C.P. 24350, ESC\u00c1RCEGA, CAMPECHE. ES RESPONSABLE DE RECABAR SUS DATOS PERSONALES, DEL USO Y PROTECCI\u00d3N QUE SE LE D\u00c9 A LOS MISMOS.<\/p>\n<p>&nbsp;<\/p>\n<p style=\"text-align: justify;\"><strong>DATOS PERSONALES<\/strong><\/p>\n<p style=\"text-align: justify;\">En C-ENTER SERVICIOS INFORM\u00c1TICOS, recogemos informaci\u00f3n desde varias \u00e1reas de nuestro sitio web. La informaci\u00f3n deber\u00e1 ser veraz y completa. El usuario responder\u00e1 en todo momento por los datos proporcionados y en ning\u00fan caso C-ENTER SERVICIOS INFORM\u00c1TICOS ser\u00e1 responsable de la veracidad de los mismos. La informaci\u00f3n solicitada al usuario en el sitio\u00a0 https:\/\/www.c-enter.com.mx\/tienda es:<\/p>\n<ul style=\"text-align: justify;\">\n<li>Nombre completo<\/li>\n<li>Direcci\u00f3n de Facturaci\u00f3n.<\/li>\n<li>Direcci\u00f3n de Env\u00edo de la Mercanc\u00eda<\/li>\n<li>Empresa<\/li>\n<li>RFC<\/li>\n<li>Tel\u00e9fonos<\/li>\n<li>Correo electr\u00f3nico<\/li>\n<li>C\u00f3digo Postal<\/li>\n<\/ul>\n<p>&nbsp;<\/p>\n<p style=\"text-align: justify;\"><strong>DATOS PERSONALES SENSIBLES<\/strong><br \/>\nNo solicitamos datos sensibles en nuestro sitio web.<\/p>\n<p>&nbsp;<\/p>\n<p style=\"text-align: justify;\"><strong>FINALIDADES DEL TRATAMIENTO DE USO DE\u00a0<\/strong><b>INFORMACI\u00d3N<\/b><\/p>\n<p style=\"text-align: justify;\">La informaci\u00f3n solicitada permite a C-ENTER SERVICIOS INFORM\u00c1TICOS contactar a los usuarios, cuando sea necesario para completar los procedimientos de compra\/venta, responder dudas y comentarios. Asimismo, C-ENTER SERVICIOS INFORM\u00c1TICOS utilizar\u00e1 la informaci\u00f3n obtenida para:<\/p>\n<ul style=\"text-align: justify;\">\n<li>Procurar un servicio eficiente<\/li>\n<li>Generar una cuenta de acceso para realizar sus compras<\/li>\n<li>Informar sobre nuevos productos o servicios que est\u00e1n relacionados con el contratado o adquirido por el cliente<\/li>\n<li>Dar cumplimiento a obligaciones contra\u00eddas con nuestros clientes<\/li>\n<li>Informar sobre cambios de nuestros productos o servicios<\/li>\n<li>Proveer una mejor atenci\u00f3n al usuario<\/li>\n<\/ul>\n<p style=\"text-align: justify;\">De manera adicional, utilizaremos su informaci\u00f3n personal para las siguientes finalidades secundarias que no son necesarias para el servicio solicitado, pero que nos permiten y facilitan brindarle una mejor atenci\u00f3n:<\/p>\n<ul style=\"text-align: justify;\">\n<li>Enviarle a su correo electr\u00f3nico informaci\u00f3n sobre promociones<\/li>\n<li>Publicidad<\/li>\n<li>Prospecci\u00f3n comercial<\/li>\n<\/ul>\n<p style=\"text-align: justify;\">En caso de que no desee que sus datos personales sean tratados para estos fines secundarios, desde este momento usted nos puede comunicar lo anterior a trav\u00e9s del siguiente mecanismo:<\/p>\n<p style=\"text-align: justify;\">A trav\u00e9s de un correo electr\u00f3nico:<\/p>\n<p style=\"text-align: justify;\">O al n\u00famero de tel\u00e9fono: 982 82 4 02 05<\/p>\n<p style=\"text-align: justify;\">La negativa para el uso de sus datos personales para estas finalidades no podr\u00e1 ser un motivo para que le neguemos los servicios y productos que solicita o contrata con nosotros.<\/p>\n<p>&nbsp;<\/p>\n<p style=\"text-align: justify;\"><strong>DERECHOS ARCO (ACCESO, RECTIFICACI\u00d3N, CANCELACI\u00d3N Y OPOSICI\u00d3N)<\/strong><\/p>\n<p style=\"text-align: justify;\">Los datos personales proporcionados por el usuario formar\u00e1n parte de un archivo que contendr\u00e1 su perfil. El usuario puede acceder o modificar su perfil en cualquier momento utilizando su n\u00famero de usuario, tambi\u00e9n puede ejercer cualquiera de sus derechos envi\u00e1ndonos un correo a, contacto@c-enter.com.mx.<br \/>\nAsimismo en cualquier momento podr\u00e1 revocar el consentimiento al tratamiento de sus datos, por el mismo medio o comunic\u00e1ndose al tel\u00e9fono, 982 82 4 02 05.<\/p>\n<p style=\"text-align: justify;\">Su solicitud deber\u00e1 ir acompa\u00f1ada de los argumentos por los que desea ejercer cualquiera de sus derechos, junto con una identificaci\u00f3n oficial del titular de los datos o su apoderado, su petici\u00f3n ser\u00e1 atendida en un plazo no mayor a 5 d\u00edas h\u00e1biles.<\/p>\n<p style=\"text-align: justify;\">C-ENTER SERVICIOS INFORM\u00c1TICOS aconseja al usuario que actualice sus datos cada vez que \u00e9stos sufran alguna modificaci\u00f3n, ya que esto permitir\u00e1 brindarle un servicio m\u00e1s personalizado.<\/p>\n<p>&nbsp;<\/p>\n<p style=\"text-align: justify;\"><strong>TRANSFERENCIAS DE INFORMACI\u00d3N CON TERCEROS<\/strong><\/p>\n<p style=\"text-align: justify;\"><strong>\u00a0<\/strong>C-ENTER SERVICIOS INFORMATICOS no realiza transferencias de informaci\u00f3n con terceros.<\/p>\n<p style=\"text-align: justify;\"><strong>\u00a0<\/strong>Para mayor informaci\u00f3n sobre el procedimiento, ponemos a disposici\u00f3n los siguientes medios:<br \/>\nhttps:\/\/www.c-enter.com.mx\/tienda<\/p>\n<p>&nbsp;<\/p>\n<p style=\"text-align: justify;\"><strong>CAMBIOS EN EL AVISO DE PRIVACIDAD<\/strong><\/p>\n<p style=\"text-align: justify;\"><strong>\u00a0<\/strong>El presente Aviso de Privacidad podr\u00e1 ser modificado en cualquier momento para cumplir con actualizaciones legislativas, jurisprudenciales, pol\u00edticas internas, nuevos requisitos para la prestaci\u00f3n de servicios de\u00a0C-ENTER SERVICIOS INFORM\u00c1TICOS\u00a0o cualquier otra causa. En tal caso, las modificaciones estar\u00e1n disponibles en nuestra p\u00e1gina de internet\u00a0https:\/\/www.c-enter.com.mx\/tienda<\/p>\n<p>[\/vc_column_text][\/vc_column][\/vc_row]<\/p>\n","protected":false},"excerpt":{"rendered":"<p>[vc_row][vc_column][vc_column_text]&nbsp; \u00daltima fecha de actualizaci\u00f3n: 24 de Mayo de 2018. C-ENTER SERVICIOS INFORM\u00c1TICOS, CON DOMICILIO FISCAL EN AV. HECTOR PEREZ MARTINEZ, ENTRE CALLE 45 Y 47 DE LA COLONIA ESPERANZA,<\/p>\n","protected":false},"author":1,"featured_media":0,"parent":0,"menu_order":0,"comment_status":"closed","ping_status":"closed","template":"","meta":{"footnotes":""},"class_list":["post-3923","page","type-page","status-publish","hentry"],"_links":{"self":[{"href":"https:\/\/www.c-enter.com.mx\/tienda\/wp-json\/wp\/v2\/pages\/3923","targetHints":{"allow":["GET"]}}],"collection":[{"href":"https:\/\/www.c-enter.com.mx\/tienda\/wp-json\/wp\/v2\/pages"}],"about":[{"href":"https:\/\/www.c-enter.com.mx\/tienda\/wp-json\/wp\/v2\/types\/page"}],"author":[{"embeddable":true,"href":"https:\/\/www.c-enter.com.mx\/tienda\/wp-json\/wp\/v2\/users\/1"}],"replies":[{"embeddable":true,"href":"https:\/\/www.c-enter.com.mx\/tienda\/wp-json\/wp\/v2\/comments?post=3923"}],"version-history":[{"count":1,"href":"https:\/\/www.c-enter.com.mx\/tienda\/wp-json\/wp\/v2\/pages\/3923\/revisions"}],"predecessor-version":[{"id":10442,"href":"https:\/\/www.c-enter.com.mx\/tienda\/wp-json\/wp\/v2\/pages\/3923\/revisions\/10442"}],"wp:attachment":[{"href":"https:\/\/www.c-enter.com.mx\/tienda\/wp-json\/wp\/v2\/media?parent=3923"}],"curies":[{"name":"wp","href":"https:\/\/api.w.org\/{rel}","templated":true}]}}