{"id":3932,"date":"2019-05-27T19:01:29","date_gmt":"2019-05-28T00:01:29","guid":{"rendered":"http:\/\/www.c-enter.com.mx\/tienda\/?page_id=3932"},"modified":"2019-05-27T19:01:29","modified_gmt":"2019-05-28T00:01:29","slug":"terminos-y-condiciones","status":"publish","type":"page","link":"https:\/\/www.c-enter.com.mx\/tienda\/terminos-y-condiciones\/","title":{"rendered":"Terminos y Condiciones"},"content":{"rendered":"<p>C-ENTER SERVICIOS INFORM\u00c1TICOS. (&#8220;C-ENTER&#8221;) le da la m\u00e1s cordial bienvenida. Agradecemos su preferencia y nos permitimos informarle sobre algunos puntos importantes a considerar durante su visita a www.c-enter.com.mx\/tienda El uso, navegaci\u00f3n y la venta de productos en el sitio www.c-enter.com.mx\/tienda son regulados por los t\u00e9rminos y condiciones especificados en este documento. Con el objetivo de ofrecerles un ambiente seguro y agradable a nuestros clientes y visitantes, hemos establecido reglas y t\u00e9rminos bajo los cuales se delimitan las \u00e1reas de responsabilidad y derechos, tanto de C-ENTER SERVICIOS INFORM\u00c1TICOS como de nuestros visitantes.<br \/>\nAl ingresar y utilizar al dominio www.c-enter.com.mx\/tienda, el cual es propiedad de C-ENTER SERVICIOS INFORM\u00c1TICOS el usuario acepta los t\u00e9rminos y las condiciones contenidos en este contrato y declara expresamente su aceptaci\u00f3n; manifestando su voluntad en t\u00e9rminos de lo establecido por los art\u00edculo 1803 y 1834bis del C\u00f3digo Civil Federal y los dem\u00e1s correlativos y aplicables de los C\u00f3digos Civiles del Distrito Federal y del resto de los estados de la Rep\u00fablica Mexicana, as\u00ed como por los art\u00edculos 80, 81, 89 y dem\u00e1s relativos y aplicables del T\u00edtulo Segundo del C\u00f3digo de Comercio y dem\u00e1s relativos y aplicables en la legislaci\u00f3n vigente.<br \/>\nEn caso de que el usuario no acepte en su totalidad los presentes t\u00e9rminos y condiciones, deber\u00e1 abstenerse de ingresar y utilizar el dominio www.c-enter.com.mx\/tienda<br \/>\nEn caso de que el usuario contin\u00fae ingresando y utilizando el dominio www.c-enter.com.mx\/tienda dicha acci\u00f3n se considerar\u00e1 como su absoluta aceptaci\u00f3n a los t\u00e9rminos y condiciones aqu\u00ed establecidas.<br \/>\nEl solo ingreso o utilizaci\u00f3n del dominio antes referido le otorga al p\u00fablico en general o a quien lo use, la condici\u00f3n de usuario e implica la aceptaci\u00f3n, plena e incondicional, de todas y cada una de las condiciones generales y particulares incluidas en los presentes t\u00e9rminos y condiciones. Cualquier modificaci\u00f3n a los presentes t\u00e9rminos y condiciones ser\u00e1 realizada cuando C-ENTER SERVICIOS INFORM\u00c1TICOS lo considere necesario o conveniente para sus intereses y\/o el de sus clientes y usuarios. Dichos cambios modificar\u00e1n inmediatamente las presentes disposiciones y se publicar\u00e1n de la misma manera que las anteriores, siendo exclusiva responsabilidad del usuario asegurarse de tomar conocimiento de tales modificaciones.<\/p>\n<p><strong>T\u00e9rminos<\/strong><br \/>\nAl hacer uso de esta p\u00e1gina www.c-enter.com.mx\/tienda, se acuerda el entendido siguiente:<br \/>\n\u2022 El t\u00e9rmino &#8220;Usuario&#8221; se refiere a toda aquella persona que entre, navegue, se registre y realice o intente realizar una compra en la p\u00e1gina www.c-enter.com.mx\/tienda<br \/>\n\u2022 &#8220;Servicios&#8221; se refieren a cualquier servicio relacionado con www.c-enter.com.mx\/tienda incluyendo el registro de cuentas, suscripci\u00f3n a bolet\u00edn y dem\u00e1s servicios publicados en www.c-enter.com.mx\/tienda<br \/>\n\u2022 &#8220;Contenido&#8221; se refiere a cualquier pieza de informaci\u00f3n, textos, im\u00e1genes y audios publicados en www.c-enter.com.mx\/tienda<\/p>\n<p><strong>Derechos de Propiedad<\/strong><br \/>\nTodos los logotipos, marcas, nombres comerciales y sus logotipos utilizados en este sitio, pertenecen a sus respectivos propietarios, incluyendo a los proveedores de C-ENTER SERVICIOS INFORM\u00c1TICOS y sus aliados. Por lo tanto, no se permite el uso, reproducci\u00f3n, copia o manipulaci\u00f3n de dichas marcas o logotipos sin el consentimiento previo del propietario.<\/p>\n<p>Todas las im\u00e1genes, formatos, contenidos, redacciones y textos que forman parte del contenido de esta p\u00e1gina son propiedad de C-ENTER SERVICIOS INFORM\u00c1TICOS<\/p>\n<p>Queda prohibido el uso de los formatos (frames) transmisi\u00f3n, de cualquier elemento gr\u00e1fico del contenido, ya sea para su venta, distribuci\u00f3n o re-publicaci\u00f3n.<\/p>\n<p>C-ENTER SERVICIOS INFORM\u00c1TICOS se deslinda de cualquier responsabilidad sobre precios, contenidos y pedidos realizados en sitios web ajenos a www.c-enter.com.mx\/tienda<br \/>\nC-ENTER SERVICIOS INFORM\u00c1TICOS. no utiliza distribuidores para vender u ofrecer sus servicios, cualquier operaci\u00f3n realizada fuera de estos t\u00e9rminos es responsabilidad exclusiva del comprador.<\/p>\n<p>Todos los elementos y derechos de propiedad intelectual propiedad de C-ENTER SERVICIOS INFORM\u00c1TICOS incluyendo sus marcas, nombres comerciales, licencias, dise\u00f1os industriales, patentes, signos distintivos, modelos de utilidad, entre otros; se encuentran protegidos por la legislaci\u00f3n aplicable en materia de propiedad intelectual y por los tratados internacionales y leyes aplicables en materia de derechos de autor. Por lo anterior, el usuario renuncia expresamente en este acto a intentar cualquier acci\u00f3n, demanda o reclamaci\u00f3n en contra de C-ENTER SERVICIOS INFORM\u00c1TICOS por cualquier o eventual violaci\u00f3n de cualquier derecho de autor o propiedad intelectual derivado de la informaci\u00f3n, programas, aplicaciones, software, ideas y dem\u00e1s material que el propio usuario proporcione a C-ENTER SERVICIOS INFORM\u00c1TICOS<br \/>\n<strong>Informaci\u00f3n publicada en www.c-enter.com.mx\/tienda<\/strong><br \/>\nEl usuario reconoce y acepta que la informaci\u00f3n publicada o contenida en nuestro sitio www.c-enter.com.mx\/tienda que sea generada por C-ENTER SERVICIOS INFORM\u00c1TICOS o por los proveedores, ser\u00e1 claramente identificada de forma tal que se reconozca que la misma proviene de C-ENTER SERVICIOS INFORM\u00c1TICOS o de dichos proveedores.<br \/>\nLas informaciones, conceptos y opiniones publicadas en el sitio www.c-enter.com.mx\/tienda no necesariamente reflejan la posici\u00f3n de C-ENTER SERVICIOS INFORM\u00c1TICOS ni de sus empleados, accionistas, administradores, prestadores de servicios u otros; raz\u00f3n por la cual C-ENTER SERVICIOS INFORM\u00c1TICOS no se hace responsable por ninguna de las informaciones y conceptos que se emitan en www.c-enter.com.mx\/tienda o a trav\u00e9s de los foros p\u00fablicos o de cualquier otro espacio o servicio que se preste a trav\u00e9s del mencionado sitio. Asimismo, C-ENTER SERVICIOS INFORM\u00c1TICOS no se hace responsable de las consecuencias que se puedan derivar del uso de consejos y\/o procedimientos incluidos en las distintas p\u00e1ginas de Internet, en el entendido de que es bajo el propio riesgo y responsabilidad del usuario el uso y seguimiento a dichos consejos, comentarios y procedimientos, que se den en los espacios referidos para tal objeto.<br \/>\nC-ENTER SERVICIOS INFORM\u00c1TICOS no garantiza o avala en ninguna forma la veracidad, precisi\u00f3n, legalidad, moralidad o ninguna otra caracter\u00edstica del contenido del material que se publique en el sitio www.c-enter.com.mx\/tienda<br \/>\nC-ENTER SERVICIOS INFORM\u00c1TICOS se reserva el derecho de bloquear el acceso o remover en forma parcial o total toda informaci\u00f3n, comunicaci\u00f3n o material que a su exclusivo juicio pueda resultar: (i) abusivo, difamatorio o discriminatorio; (ii) fraudulento, artificioso o enga\u00f1oso; (iii) violatorio de derechos de autor, marcas o cualquier derecho de propiedad intelectual de un tercero; (iv) ofensivo o lascivo; o (v) que de cualquier forma contravenga lo establecido en el presente contrato.<\/p>\n<p><strong>Compartir informaci\u00f3n con C-ENTER SERVICIOS INFORM\u00c1TICOS<\/strong><br \/>\nA trav\u00e9s del correo de servicio al cliente, o bien a nuestros n\u00fameros de tel\u00e9fono, es posible que desee proporcionar sugerencias, comentarios, ideas, datos o material; incluyendo informaci\u00f3n confidencial, o cualquier material creativo, como ideas para productos o servicios o cualquier tarea original. Al realizar esto, usted accede a que C-ENTER SERVICIOS INFORM\u00c1TICOS use a su conveniencia esta informaci\u00f3n.<\/p>\n<p>Adem\u00e1s, se accede a asumir la responsabilidad por la exactitud, mesura y legalidad de estos mensajes. C-ENTER SERVICIOS INFORM\u00c1TICOS obtiene derecho a usar, modificar, copiar, publicar, distribuir y hacer uso en diferentes formas del contenido de los mensajes, para realizarlo sin restricci\u00f3n alguna y sin otorgarle cualquier tipo de compensaci\u00f3n.<\/p>\n<p><strong>Modificaci\u00f3n del Contenido de <a href=\"http:\/\/www.elgrantlapalero.com\">www.c-enter.com.mx\/tienda<\/a><\/strong><\/p>\n<p>Bajo ninguna circunstancia, C-ENTER SERVICIOS INFORM\u00c1TICOS garantiza que los contenidos y la informaci\u00f3n en www.c-enter.com.mx\/tienda sean exactos y libres de cualquier tipo de error, omisi\u00f3n o inexactitudes en cualquier momento. Estos errores, omisiones o inexactitudes se pueden relacionar con el precio, la descripci\u00f3n o disponibilidad de los productos.<br \/>\nC-ENTER SERVICIOS INFORM\u00c1TICOS se reserva el derecho de corregir cualquier contenido o cambiar y actualizar la informaci\u00f3n sin previo aviso. De la misma manera, nos reservamos el derecho de cancelar cualquier orden que contenga errores, inexactitudes u omisiones; se haya autorizado u confirmado la orden, o se hayan hecho cargos a su tarjeta de cr\u00e9dito o recibido el dep\u00f3sito bancario. En el caso de cancelarse la orden y se haya hecho el cargo, se regresar\u00e1 el valor del cargo en el modo m\u00e1s conveniente a la ocasi\u00f3n, bajo previa confirmaci\u00f3n del cliente.<br \/>\nC-ENTER SERVICIOS INFORM\u00c1TICOS en todo momento trata de reflejar con exactitud los colores de los productos; sin embargo en un ambiente web esto no es del todo posible, por lo que no podemos garantizar que los colores del producto correspondan exactamente a la fotograf\u00eda mostrada en www.c-enter.com.mx\/tienda ya que esto, aparte, depende de la configuraci\u00f3n y tipo de monitor que posea; tambi\u00e9n depende de cambios o mejoras que el mismo proveedor realice a los productos sin previo aviso.<br \/>\nC-ENTER SERVICIOS INFORM\u00c1TICOS no garantiza la exactitud, veracidad, amplitud y\/o utilidad de cualquier contenido provisto por tales terceros. Bajo ninguna circunstancia C-ENTER SERVICIOS INFORM\u00c1TICOS ser\u00e1 responsable de cualquier da\u00f1o y\/o perjuicio, directo o indirecto, causado en virtud de la confianza del usuario en informaci\u00f3n obtenida a trav\u00e9s de este sitio.<\/p>\n<p><strong>Datos personales<\/strong><br \/>\nEl usuario reconoce y acepta que C-ENTER SERVICIOS INFORM\u00c1TICOS no obtiene la informaci\u00f3n en cuesti\u00f3n autom\u00e1ticamente, sino que requiere que el usuario se la proporcione en forma directa a trav\u00e9s de www.c-enter.com.mx\/tienda o por cualquier otro medio y que el aviso de privacidad de C-ENTER SERVICIOS INFORM\u00c1TICOS se encuentra publicado y disponible previo a recabar la informaci\u00f3n del usuario.<br \/>\nPara efectos de lo dispuesto en el art\u00edculo 76bis de la Ley Federal de Protecci\u00f3n al Consumidor, el usuario otorga su consentimiento expreso para que C-ENTER SERVICIOS INFORM\u00c1TICOS comparta su informaci\u00f3n con terceras personas. En este acto, C-ENTER SERVICIOS INFORM\u00c1TICOS declara que dicha informaci\u00f3n ser\u00e1 compartida con el \u00fanico motivo de brindar un servicio de excelencia al usuario y que respetar\u00e1 la confidencialidad de dicha informaci\u00f3n conforme a lo dispuesto en el aviso de privacidad.<br \/>\nAsimismo, para efectos de lo dispuesto en los art\u00edculos 16, 17, 18 y 18bis de la Ley Federal de Protecci\u00f3n al Consumidor, el usuario otorga su consentimiento expreso y aceptaci\u00f3n para recibir informaci\u00f3n con car\u00e1cter o fines mercadot\u00e9cnicos o publicitarios. Del mismo modo, el usuario faculta a C-ENTER SERVICIOS INFORM\u00c1TICOS de la forma m\u00e1s amplia que legalmente proceda, para utilizar la informaci\u00f3n personal para los efectos C-ENTER SERVICIOS INFORM\u00c1TICOS considere necesarios o convenientes.<\/p>\n<p><strong>Formas de pago<\/strong><br \/>\nEn C-ENTER SERVICIOS INFORM\u00c1TICOS queremos hacer tu compra m\u00e1s f\u00e1cil y sencilla para tu mayor satisfacci\u00f3n, es por eso que contamos con diversos m\u00e9todos de pago para que se adapten a tus necesidades:<\/p>\n<p>\u2022 Efectivo (Contra entrega)<br \/>\n\u2022 Transferencia o Dep\u00f3sitos Bancarios (Bancomer)<br \/>\n\u2022 Tarjetas de cr\u00e9dito (Visa, Master Card, American Express y CARNET)<br \/>\n\u2022 Tarjetas de d\u00e9bito (Bancomer, Banamex, Santander, HSBC, Scotiabank, INBURSA, IXE)<\/p>\n<p>En caso de operaciones, a trav\u00e9s de transferencia electr\u00f3nica o tarjetas de cr\u00e9dito \/ d\u00e9bito \u00a0se considerar\u00e1 que la compra se ha realizado con \u00e9xito una vez que se refleje el monto de la compra en la cuenta de C-ENTER SERVICIOS INFORM\u00c1TICOS.<\/p>\n<p>Los pagos de pedidos realizados mediante PAGOS EN LINEA se procesan 24 horas despu\u00e9s de su compra. Por tal motivo, los pedidos que hayan sido pagados en linea y el Cliente decida recoger su mercanc\u00eda en nuestra Tienda, se entregar\u00e1 despu\u00e9s de 1 d\u00eda h\u00e1bil (\u00fanicamente en horario de lunes a viernes de 09:00 a.m. a 6:00 p.m.).<\/p>\n<p><span style=\"color: #000000;\">Para pagos realizados por medio de tarjetas de cr\u00e9dito y d\u00e9bito se generar\u00e1 un CARGO EXTRA del 3.9%\u00a0 sobre el total de su compra, nuestro sistema validar\u00e1 las transacciones por medio de sistemas de seguridad vigilados por instituciones bancarias. Los pagos se procesan en un tiempo estimado de 24 horas despu\u00e9s de su compra, por tal motivo, los pedidos que hayan sido pagados con tarjeta de cr\u00e9dito \/ d\u00e9bito y el Cliente decida recoger su mercanc\u00eda en nuestra Tienda, se entregar\u00e1 despu\u00e9s de 1 d\u00eda h\u00e1bil (\u00fanicamente en horario de lunes a viernes de 09:00 a.m. a 6:00 p.m.).\u00a0Para una mejor experiencia de compra con tarjeta de cr\u00e9dito en nuestra Tienda en l\u00ednea, el titular de la tarjeta deber\u00e1 estar inscrito en los programas de compras seguras en l\u00ednea.<\/span><\/p>\n<p><strong>Seguridad<\/strong><br \/>\nTe garantizamos que todas las transacciones que realices en www.c-enter.com.mx\/tienda ser\u00e1n 100% apegadas a los est\u00e1ndares de la m\u00e1xima autoridad de sitios de compras on line adem\u00e1s de que hemos combinado lo mejor de nuestras habilidades con la de otras empresas especialistas para la tramitaci\u00f3n de los pagos (OpenPay).<br \/>\n<strong>T\u00e9rminos de la compra, colocaci\u00f3n de pedidos y entrega de producto<\/strong><br \/>\nTodo pedido realizado a trav\u00e9s de la p\u00e1gina de C-ENTER SERVICIOS INFORM\u00c1TICOS podr\u00eda estar sujeto a confirmaci\u00f3n telef\u00f3nica con el cliente para confirmaci\u00f3n de la compra. Una vez que el usuario completa su compra, C-ENTER SERVICIOS INFORM\u00c1TICOS verificar\u00e1 que sea una transacci\u00f3n 100% confiable y enviar\u00e1 el producto a trav\u00e9s del servicio de entrega de C-ENTER SERVICIOS INFORM\u00c1TICOS o transporte que el cliente considere conveniente.<\/p>\n<p>En los casos de entregas dentro del municipio de ESC\u00c1RCEGA se har\u00e1 un solo intento de entrega. En caso de que despu\u00e9s del intento de entrega, el cliente no se encuentre disponible para recibir los productos en el domicilio que registr\u00f3 al momento de realizar su compra, C-ENTER SERVICIOS INFORM\u00c1TICOS cancelar\u00e1 la orden en cuyo caso el producto se almacenara en espera de la reclamaci\u00f3n del cliente en cuyo caso el cliente se har\u00e1 cargo nuevamente de los gastos de env\u00edo.<\/p>\n<p><strong>MUY IMPORTANTE:<\/strong><br \/>\n<strong>TODOS LOS PEDIDOS TIENEN UNA VIGENCIA DE 3 D\u00cdAS. Si en \u00e9ste plazo no se registra ning\u00fan pago, quedar\u00e1 anulado su pedido y tendr\u00e1 que realizar otro pedido. Los precios y el inventario de los productos est\u00e1n sujetos a cambios sin previo aviso.<\/strong><\/p>\n<p><strong>Entrega de Productos<\/strong><br \/>\nEn www.c-enter.com.mx\/tienda te ofrecemos una entrega SEGURA en el municipio de Esc\u00e1rcega a trav\u00e9s de nuestras propias unidades o a trav\u00e9s de nuestros socios log\u00edsticos, en un plazo de 1 a 3 d\u00edas h\u00e1biles. Esto podr\u00eda variar de acuerdo a la ubicaci\u00f3n de entrega, disponibilidad y caracter\u00edsticas del producto. La cobertura se limita de acuerdo a las rutas disponibles de nosotros y nuestros socios log\u00edsticos, as\u00ed mismo el cliente en este acto acepta que los tiempos de entrega pueden variar dependiendo de varios factores: d\u00edas festivos y de asueto as\u00ed como vacaciones obligatorias pueden intervenir en los procesos de entrega y dichas circunstancias son ajenas a C-ENTER SERVICIOS INFORM\u00c1TICOS.<br \/>\nEl usuario acepta que el uso de www.c-enter.com.mx\/tienda se realiza bajo su propio riesgo, que los servicios y productos que se prestan y ofrecen en www.c-enter.com.mx\/tienda se prev\u00e9n sobre una base &#8220;tal cual se muestran&#8221; y &#8220;seg\u00fan est\u00e9n disponibles&#8221;. Por lo anterior, al usuario no se le garantiza que los productos de C-ENTER SERVICIOS INFORM\u00c1TICOS satisfagan los requerimientos del usuario, o que los servicios de C-ENTER SERVICIOS INFORM\u00c1TICOS se mantengan siempre ininterrumpidos. No obstante lo anterior, C-ENTER SERVICIOS INFORM\u00c1TICOS tratar\u00e1 de satisfacer los requerimientos y demandas de los usuarios al m\u00e1ximo de sus posibilidades.<br \/>\nCualquier uso de los productos adquiridos en nuestro sitio es responsabilidad completa del usuario. C-ENTER SERVICIOS INFORM\u00c1TICOS no acepta ninguna relaci\u00f3n y\/o responsabilidad por cualquier evento que se derive del uso de los productos adquiridos en nuestro portal de internet.<\/p>\n<p><strong>Pol\u00edticas de devoluci\u00f3n, cambio de mercanc\u00edas y garant\u00edas de producto<\/strong><br \/>\nNuestro compromiso es ofrecerte una experiencia de compra satisfactoria, por lo que en caso de que el art\u00edculo presente fallas, el cliente gozar\u00e1 de 10 d\u00edas naturales para solicitar cualquier devoluci\u00f3n correspondiente por fallas en el producto. Dicha reclamaci\u00f3n deber\u00e1 solicitarse en primera instancia v\u00eda correo electr\u00f3nico al correo de servicios@c-enter.com.mx en donde se le indicara al cliente como proceder para realizar la devoluci\u00f3n.<br \/>\nUna vez que el producto se encuentre en las instalaciones de C-ENTER SERVICIOS INFORM\u00c1TICOS se analizar\u00e1 que el da\u00f1o en el producto no haya sido provocado por negligencia o falta de cuidado del cliente. En caso de que C-ENTER SERVICIOS INFORM\u00c1TICOS considere que el producto fue da\u00f1ado por parte del cliente, no se le har\u00e1 ning\u00fan tipo de reposici\u00f3n del producto o devoluci\u00f3n de su dinero. En todo caso, C-ENTER SERVICIOS INFORM\u00c1TICOS podr\u00e1 reenviar el producto da\u00f1ado al cliente (a costo de dicho cliente). Por el contrario, si C-ENTER SERVICIOS INFORM\u00c1TICOS considera que el producto no fue da\u00f1ado por el cliente, se le enviar\u00e1 al cliente la reposici\u00f3n del producto sin costo adicional. Las garant\u00edas de los productos son las mismas que los fabricantes ofrezcan. C-ENTER SERVICIOS INFORM\u00c1TICOS no otorgar\u00e1 mayores garant\u00edas a las ofrecidas por los fabricantes de los productos.<br \/>\nA partir de que reciba el producto podr\u00e1 hacer v\u00e1lida la garant\u00eda del mismo, report\u00e1ndolo telef\u00f3nicamente o acudiendo con la factura de compra a los Centros de Servicio Autorizados descritos en la P\u00f3liza de Garant\u00eda del Proveedor. Cualquier garant\u00eda solicitada despu\u00e9s de los 15 d\u00edas naturales o bien cualquier garant\u00eda a largo plazo que el fabricante ofrezca en sus productos, deber\u00e1 ser reclamada en los centros de servicio y\/o lugares autorizados por dichos proveedores. C-ENTER SERVICIOS INFORM\u00c1TICOS no se hace responsable de los tiempos de reparaci\u00f3n, pol\u00edticas de garant\u00eda y ubicaciones de los centros de servicio que los fabricantes de productos tengan. Si el fabricante o proveedor no cuenta con centros de servicio para el servicio, reparaci\u00f3n o cambio de sus productos, el cliente deber\u00e1 solicitar la garant\u00eda directamente con el fabricante; siendo el mismo fabricante el que determine o no la procedencia de la garant\u00eda, la forma y procedimiento para hacerla valida.<br \/>\nPara los casos de cambios f\u00edsicos de mercanc\u00eda, el cliente deber\u00e1 comunicarse con C-ENTER SERVICIOS INFORM\u00c1TICOS quien a su vez dirigir\u00e1 al cliente en los pasos a seguir para realizar el cambio de producto en cuyo caso el cliente deber\u00e1 enviar el producto por su cuenta y riesgo y asumiendo todos los gastos que esto implique m\u00e1s un cargo de 10% por manejo. El cambio se realizar\u00e1 siempre y cuando el producto se encuentre a juicio de C-ENTER SERVICIOS INFORM\u00c1TICOS nuevo, sin abrir, en su empaque original y sin se\u00f1ales de haber sido usado o probado. Para esto, C-ENTER SERVICIOS INFORM\u00c1TICOS podr\u00e1 solicitar previo al env\u00edo del producto, fotograf\u00edas y cualquier informaci\u00f3n que se crea pertinente para analizar el estado del producto.<\/p>\n<p><strong>MUY IMPORTANTE:<\/strong> Conserve su ticket o factura para cualquiera de los casos <strong>de devoluci\u00f3n, cambio de mercanc\u00edas y garant\u00edas de producto, en caso de no presentar su ticket y\/o factura, no procedera ninguna de las anteriores.<\/strong><\/p>\n<p><strong>Mayor\u00eda de edad<\/strong><br \/>\nEl uso del sitio www.c-enter.com.mx\/tienda queda reservado \u00fanicamente a personas mayores de edad con plena capacidad de goce y ejercicio. En caso de que un menor de edad ingrese a www.c-enter.com.mx\/tienda y haga uso de los servicios proporcionados, ser\u00e1 responsabilidad de aquellos que ejerzan la patria potestad sobre \u00e9stos, quienes deber\u00e1n responder por las obligaciones contra\u00eddas en caso de que se realice alguna transacci\u00f3n.<\/p>\n<p><strong>Modificaciones a la informaci\u00f3n publicada en www.c-enter.com.mx\/tienda<\/strong><br \/>\nC-ENTER SERVICIOS INFORM\u00c1TICOS podr\u00e1 en cualquier momento y cuando lo considere conveniente o necesario, sin necesidad de aviso a sus usuarios presentes o pasados, realizar correcciones, adiciones, mejoras o modificaciones al contenido, presentaci\u00f3n, informaci\u00f3n, servicios, \u00e1reas, bases de datos y dem\u00e1s elementos publicados en www.c-enter.com.mx\/tienda sin que ello de lugar ni derecho a ninguna reclamaci\u00f3n o indemnizaci\u00f3n, ni que lo mismo implique reconocimiento de responsabilidad alguna a favor de alg\u00fan usuario.<\/p>\n<p><strong>Competencia y jurisdicci\u00f3n<\/strong><br \/>\nEl presente contrato estar\u00e1 sujeto y ser\u00e1 interpretado de conformidad con las Leyes y ante los Tribunales de la Ciudad de M\u00e9xico, Distrito Federal; sin importar el lugar en el cual el usuario tenga su domicilio, haya hecho la compra o haya pagado la transacci\u00f3n.<\/p>\n<p>&nbsp;<\/p>\n","protected":false},"excerpt":{"rendered":"<p>C-ENTER SERVICIOS INFORM\u00c1TICOS. (&#8220;C-ENTER&#8221;) le da la m\u00e1s cordial bienvenida. Agradecemos su preferencia y nos permitimos informarle sobre algunos puntos importantes a considerar durante su visita a www.c-enter.com.mx\/tienda El uso,<\/p>\n","protected":false},"author":1,"featured_media":0,"parent":0,"menu_order":0,"comment_status":"closed","ping_status":"closed","template":"","meta":{"footnotes":""},"class_list":["post-3932","page","type-page","status-publish","hentry"],"_links":{"self":[{"href":"https:\/\/www.c-enter.com.mx\/tienda\/wp-json\/wp\/v2\/pages\/3932","targetHints":{"allow":["GET"]}}],"collection":[{"href":"https:\/\/www.c-enter.com.mx\/tienda\/wp-json\/wp\/v2\/pages"}],"about":[{"href":"https:\/\/www.c-enter.com.mx\/tienda\/wp-json\/wp\/v2\/types\/page"}],"author":[{"embeddable":true,"href":"https:\/\/www.c-enter.com.mx\/tienda\/wp-json\/wp\/v2\/users\/1"}],"replies":[{"embeddable":true,"href":"https:\/\/www.c-enter.com.mx\/tienda\/wp-json\/wp\/v2\/comments?post=3932"}],"version-history":[{"count":0,"href":"https:\/\/www.c-enter.com.mx\/tienda\/wp-json\/wp\/v2\/pages\/3932\/revisions"}],"wp:attachment":[{"href":"https:\/\/www.c-enter.com.mx\/tienda\/wp-json\/wp\/v2\/media?parent=3932"}],"curies":[{"name":"wp","href":"https:\/\/api.w.org\/{rel}","templated":true}]}}