{"id":3943,"date":"2019-05-27T19:14:04","date_gmt":"2019-05-28T00:14:04","guid":{"rendered":"http:\/\/www.c-enter.com.mx\/tienda\/?page_id=3943"},"modified":"2019-05-27T19:14:04","modified_gmt":"2019-05-28T00:14:04","slug":"garantia","status":"publish","type":"page","link":"https:\/\/www.c-enter.com.mx\/tienda\/garantia\/","title":{"rendered":"Garant\u00edas"},"content":{"rendered":"<p style=\"text-align: justify;\"><strong>Todos los pedidos son empacados y revisados minuciosamente para enviarlos a sus destinos en perfectas condiciones.<\/strong>\u00a0Al recibir su pedido a domicilio, le pedimos atentamente\u00a0<strong>GRABAR UN V\u00cdDEO al abrir el empaque,<\/strong>\u00a0ya sea\u00a0con su m\u00f3vil o alg\u00fan dispositivo para grabar v\u00eddeo.\u00a0Es muy importante,\u00a0<strong>para usarlo como evidencia en caso de presentar da\u00f1os o productos faltantes<\/strong>\u00a0de su compra.<\/p>\n<p style=\"text-align: justify;\">Para hacer v\u00e1lida la garant\u00eda de alg\u00fan producto considere los siguientes puntos:<\/p>\n<p style=\"text-align: justify;\">La garant\u00eda no ser\u00e1 v\u00e1lida:<\/p>\n<ul style=\"text-align: justify;\">\n<li>Cuando el producto se haya utilizado en condiciones distintas a las normales.<\/li>\n<li>Cuando el producto no haya sido operado de acuerdo con su instructivo de uso.<\/li>\n<li>Cuando el producto haya sido alterado o reparado por personas no autorizadas.<\/li>\n<li>Cuando el producto presente da\u00f1o f\u00edsico, el producto est\u00e9 quemado, roto, golpeado, intervenido, con sellos de garant\u00eda violados.<\/li>\n<li>El producto deber\u00e1 estar en las mismas condiciones que al momento de la compra as\u00ed como incluir todas sus partes y accesorios.<\/li>\n<\/ul>\n<p style=\"text-align: justify;\">\n<p style=\"text-align: justify;\">Para iniciar el tr\u00e1mite considere lo siguiente:<\/p>\n<ul style=\"text-align: justify;\">\n<li>El \u00e1rea de soporte t\u00e9cnico de <strong>C-ENTER Servicios Inform\u00e1ticos<\/strong> es el \u00fanico que podr\u00e1 determinar si procede el tr\u00e1mite de la garant\u00eda al momento de recibir el articulo valuara lo puntos mencionados anteriormente.<\/li>\n<\/ul>\n<ul>\n<li style=\"text-align: justify;\">Deber\u00e1 hacernos llegar su producto a nuestra sucursal, presentar su Factura Original con Anexo de series y formato de servicio o reporte de proveedor en caso de aplicar. Algunas garant\u00edas se tramitan directamente con el centro de servicio oficial de su producto, por lo que dependemos del tiempo de respuesta del fabricante.<\/li>\n<li style=\"text-align: justify;\">Para los tr\u00e1mites de garant\u00eda es requisito indispensable presentar caja, empaques y accesorios originales en excelente estado (sin da\u00f1os f\u00edsicos), as\u00ed como tambi\u00e9n, su documentaci\u00f3n correspondiente. Sin estas, el tr\u00e1mite no se podr\u00e1 llevar a cabo.<\/li>\n<li style=\"text-align: justify;\">Si el producto presenta alguna falla o defecto en los primeros 5 d\u00edas de haber recibido tu producto puedes solicitar el cambio, presentando tu ticket de compra y\/o factura.<\/li>\n<\/ul>\n<p>&nbsp;<\/p>\n","protected":false},"excerpt":{"rendered":"<p>Todos los pedidos son empacados y revisados minuciosamente para enviarlos a sus destinos en perfectas condiciones.\u00a0Al recibir su pedido a domicilio, le pedimos atentamente\u00a0GRABAR UN V\u00cdDEO al abrir el empaque,\u00a0ya<\/p>\n","protected":false},"author":1,"featured_media":0,"parent":0,"menu_order":0,"comment_status":"closed","ping_status":"closed","template":"","meta":{"footnotes":""},"class_list":["post-3943","page","type-page","status-publish","hentry"],"_links":{"self":[{"href":"https:\/\/www.c-enter.com.mx\/tienda\/wp-json\/wp\/v2\/pages\/3943","targetHints":{"allow":["GET"]}}],"collection":[{"href":"https:\/\/www.c-enter.com.mx\/tienda\/wp-json\/wp\/v2\/pages"}],"about":[{"href":"https:\/\/www.c-enter.com.mx\/tienda\/wp-json\/wp\/v2\/types\/page"}],"author":[{"embeddable":true,"href":"https:\/\/www.c-enter.com.mx\/tienda\/wp-json\/wp\/v2\/users\/1"}],"replies":[{"embeddable":true,"href":"https:\/\/www.c-enter.com.mx\/tienda\/wp-json\/wp\/v2\/comments?post=3943"}],"version-history":[{"count":0,"href":"https:\/\/www.c-enter.com.mx\/tienda\/wp-json\/wp\/v2\/pages\/3943\/revisions"}],"wp:attachment":[{"href":"https:\/\/www.c-enter.com.mx\/tienda\/wp-json\/wp\/v2\/media?parent=3943"}],"curies":[{"name":"wp","href":"https:\/\/api.w.org\/{rel}","templated":true}]}}