{"id":4565,"date":"2019-11-14T11:49:00","date_gmt":"2019-11-14T17:49:00","guid":{"rendered":"http:\/\/www.c-enter.com.mx\/tienda\/?page_id=4565"},"modified":"2023-04-26T11:56:13","modified_gmt":"2023-04-26T17:56:13","slug":"envios","status":"publish","type":"page","link":"https:\/\/www.c-enter.com.mx\/tienda\/envios\/","title":{"rendered":"Env\u00edos"},"content":{"rendered":"<p>C-enter realiza env\u00edos en la ciudad de Esc\u00e1rcega de lunes a viernes en horario de 10:00 am a 17:00 pm\u00a0 y s\u00e1bados de 9:30 am a 1:00 pm, el costo por env\u00edo en compras es de $10.00 pesos y compras mayores a $300.00 es completamente gratis en env\u00edos locales.<\/p>\n<p>#Pueden haber excepciones dependiendo de la colonia<\/p>\n","protected":false},"excerpt":{"rendered":"<p>C-enter realiza env\u00edos en la ciudad de Esc\u00e1rcega de lunes a viernes en horario de 10:00 am a 17:00 pm\u00a0 y s\u00e1bados de 9:30 am a 1:00 pm, el costo<\/p>\n","protected":false},"author":1,"featured_media":0,"parent":0,"menu_order":0,"comment_status":"closed","ping_status":"closed","template":"","meta":{"footnotes":""},"class_list":["post-4565","page","type-page","status-publish","hentry"],"_links":{"self":[{"href":"https:\/\/www.c-enter.com.mx\/tienda\/wp-json\/wp\/v2\/pages\/4565","targetHints":{"allow":["GET"]}}],"collection":[{"href":"https:\/\/www.c-enter.com.mx\/tienda\/wp-json\/wp\/v2\/pages"}],"about":[{"href":"https:\/\/www.c-enter.com.mx\/tienda\/wp-json\/wp\/v2\/types\/page"}],"author":[{"embeddable":true,"href":"https:\/\/www.c-enter.com.mx\/tienda\/wp-json\/wp\/v2\/users\/1"}],"replies":[{"embeddable":true,"href":"https:\/\/www.c-enter.com.mx\/tienda\/wp-json\/wp\/v2\/comments?post=4565"}],"version-history":[{"count":3,"href":"https:\/\/www.c-enter.com.mx\/tienda\/wp-json\/wp\/v2\/pages\/4565\/revisions"}],"predecessor-version":[{"id":9975,"href":"https:\/\/www.c-enter.com.mx\/tienda\/wp-json\/wp\/v2\/pages\/4565\/revisions\/9975"}],"wp:attachment":[{"href":"https:\/\/www.c-enter.com.mx\/tienda\/wp-json\/wp\/v2\/media?parent=4565"}],"curies":[{"name":"wp","href":"https:\/\/api.w.org\/{rel}","templated":true}]}}