{"id":10049,"date":"2023-11-13T11:35:20","date_gmt":"2023-11-13T17:35:20","guid":{"rendered":"https:\/\/www.c-enter.com.mx\/tienda\/?post_type=product&#038;p=10049"},"modified":"2025-01-20T15:44:27","modified_gmt":"2025-01-20T21:44:27","slug":"monitor-acer-e200q-bi-19-5-hd","status":"publish","type":"product","link":"https:\/\/www.c-enter.com.mx\/tienda\/producto\/monitor-acer-e200q-bi-19-5-hd\/","title":{"rendered":"Monitor ACER E200Q BI 19.5 HD"},"content":{"rendered":"<h4>Puertos e Interfaces<\/h4>\n<h4>N\u00famero de puertos HDMI\u00a0 \u00a0 \u00a0 \u00a0 \u00a0 \u00a0 \u00a0 \u00a0 \u00a0 \u00a0 \u00a0 \u00a0 \u00a0 \u00a0 \u00a0 \u00a0 \u00a0 \u00a0 \u00a0 \u00a0 1<br \/>\nCantidad de puertos VGA (D-Sub)\u00a0 \u00a0 \u00a0 \u00a0 \u00a0 \u00a0 \u00a0 \u00a0 \u00a0 \u00a0 \u00a0 \u00a0 \u00a01<br \/>\nExhibici\u00f3n<br \/>\nDiagonal de la pantalla\u00a0 \u00a0 \u00a0 \u00a0 \u00a0 \u00a0 \u00a0 \u00a0 \u00a0 \u00a0 \u00a0 \u00a0 \u00a0 \u00a0 \u00a0 \u00a049,5 cm (19.5&#8243;)<br \/>\nPantalla t\u00e1ctil\u00a0 \u00a0 \u00a0 \u00a0 \u00a0 \u00a0 \u00a0 \u00a0 \u00a0 \u00a0 \u00a0 \u00a0 \u00a0 \u00a0 \u00a0 \u00a0 \u00a0 \u00a0 \u00a0 \u00a0 \u00a0 \u00a0 \u00a0 \u00a0 \u00a0 \u00a0 \u00a0 \u00a0 \u00a0 \u00a0 \u00a0 No<br \/>\nForma de la pantalla\u00a0 \u00a0 \u00a0 \u00a0 \u00a0 \u00a0 \u00a0 \u00a0 \u00a0 \u00a0 \u00a0 \u00a0 \u00a0 \u00a0 \u00a0 \u00a0 \u00a0 \u00a0 \u00a0 \u00a0 \u00a0 \u00a0Plana<br \/>\nM\u00e1xima velocidad de actualizaci\u00f3n\u00a0 \u00a0 \u00a0 \u00a0 \u00a0 \u00a0 \u00a0 \u00a0 75 Hz<br \/>\nRelaci\u00f3n de aspecto nativa\u00a0 \u00a0 \u00a0 \u00a0 \u00a0 \u00a0 \u00a0 \u00a0 \u00a0 \u00a0 \u00a0 \u00a0 \u00a0 \u00a0 \u00a0 \u00a0 \u00a0 \u00a016:9<br \/>\nTiempo de respuesta\u00a0 \u00a0 \u00a0 \u00a0 \u00a0 \u00a0 \u00a0 \u00a0 \u00a0 \u00a0 \u00a0 \u00a0 \u00a0 \u00a0 \u00a0 \u00a0 \u00a0 \u00a0 \u00a0 \u00a0 \u00a0 \u00a0 \u00a0 6 ms<br \/>\nResoluci\u00f3n de la pantalla\u00a0 \u00a0 \u00a0 \u00a0 \u00a0 \u00a0 \u00a0 \u00a0 \u00a0 \u00a0 \u00a0 \u00a0 1600 x 900 Pixeles<br \/>\nTipo<\/h4>\n<h4>\u00a0 \u00a0 \u00a0 \u00a0 \u00a0 \u00a0 \u00a0 \u00a0 \u00a0 \u00a0 \u00a0 \u00a0 \u00a0 \u00a0 \u00a0 \u00a0 \u00a0 \u00a0 \u00a0 \u00a0 \u00a0 \u00a0 \u00a0 \u00a0 \u00a0 \u00a0 \u00a0 \u00a0 \u00a0 \u00a0 \u00a0 \u00a0 \u00a0 \u00a0 \u00a0 \u00a0 \u00a0 \u00a0 \u00a0 \u00a0 \u00a0 HD HD+<br \/>\nOtras caracter\u00edsticas<\/h4>\n<h4>HDMI\u00a0 \u00a0 \u00a0 \u00a0 \u00a0 \u00a0 \u00a0 \u00a0 \u00a0 \u00a0 \u00a0 \u00a0 \u00a0 \u00a0 \u00a0 \u00a0 \u00a0 \u00a0 \u00a0 \u00a0 \u00a0 \u00a0 \u00a0 \u00a0 \u00a0 \u00a0 \u00a0 \u00a0 \u00a0 \u00a0 \u00a0 \u00a0 \u00a0 \u00a0 \u00a0 \u00a0 \u00a0Si<br \/>\nDise\u00f1o<\/h4>\n<h4>Color del producto\u00a0 \u00a0 \u00a0 \u00a0 \u00a0 \u00a0 \u00a0 \u00a0 \u00a0 \u00a0 \u00a0 \u00a0 \u00a0 \u00a0 \u00a0 \u00a0 \u00a0 \u00a0 \u00a0 \u00a0 \u00a0 \u00a0Negro<\/h4>\n","protected":false},"excerpt":{"rendered":"<p>Pantalla HD 19.5&#8243; y una resoluci\u00f3n de 1600 x 900 p\u00edxeles, proporciona im\u00e1genes n\u00edtidas y detalladas.<\/p>\n","protected":false},"featured_media":10052,"comment_status":"open","ping_status":"closed","template":"","meta":[],"product_brand":[],"product_cat":[503],"product_tag":[588,1329,2134,506,718],"class_list":{"0":"post-10049","1":"product","2":"type-product","3":"status-publish","4":"has-post-thumbnail","6":"product_cat-monitores","7":"product_tag-acer","8":"product_tag-ensamble","9":"product_tag-full-hd","10":"product_tag-monitor","11":"product_tag-monitor-19-5","13":"first","14":"instock","15":"shipping-taxable","16":"purchasable","17":"product-type-simple"},"_links":{"self":[{"href":"https:\/\/www.c-enter.com.mx\/tienda\/wp-json\/wp\/v2\/product\/10049","targetHints":{"allow":["GET"]}}],"collection":[{"href":"https:\/\/www.c-enter.com.mx\/tienda\/wp-json\/wp\/v2\/product"}],"about":[{"href":"https:\/\/www.c-enter.com.mx\/tienda\/wp-json\/wp\/v2\/types\/product"}],"replies":[{"embeddable":true,"href":"https:\/\/www.c-enter.com.mx\/tienda\/wp-json\/wp\/v2\/comments?post=10049"}],"wp:featuredmedia":[{"embeddable":true,"href":"https:\/\/www.c-enter.com.mx\/tienda\/wp-json\/wp\/v2\/media\/10052"}],"wp:attachment":[{"href":"https:\/\/www.c-enter.com.mx\/tienda\/wp-json\/wp\/v2\/media?parent=10049"}],"wp:term":[{"taxonomy":"product_brand","embeddable":true,"href":"https:\/\/www.c-enter.com.mx\/tienda\/wp-json\/wp\/v2\/product_brand?post=10049"},{"taxonomy":"product_cat","embeddable":true,"href":"https:\/\/www.c-enter.com.mx\/tienda\/wp-json\/wp\/v2\/product_cat?post=10049"},{"taxonomy":"product_tag","embeddable":true,"href":"https:\/\/www.c-enter.com.mx\/tienda\/wp-json\/wp\/v2\/product_tag?post=10049"}],"curies":[{"name":"wp","href":"https:\/\/api.w.org\/{rel}","templated":true}]}}