{"id":10067,"date":"2023-11-13T16:52:31","date_gmt":"2023-11-13T22:52:31","guid":{"rendered":"https:\/\/www.c-enter.com.mx\/tienda\/?post_type=product&#038;p=10067"},"modified":"2024-06-17T13:19:26","modified_gmt":"2024-06-17T19:19:26","slug":"tarjeta-madre-msi-pro-h510m-b","status":"publish","type":"product","link":"https:\/\/www.c-enter.com.mx\/tienda\/producto\/tarjeta-madre-msi-pro-h510m-b\/","title":{"rendered":"Tarjeta Madre Msi Pro H510m-B"},"content":{"rendered":"<ul>\n<li>Admite procesadores de10ma Gen Intel<sup>\u00ae<\/sup>\u00a0Core\u2122, Pentium<sup>\u00ae<\/sup>\u00a0Gold y Celeron<sup>\u00ae<\/sup>\u00a0para s\u00f3cket LGA 1200<\/li>\n<li>Admite memoria DDR4, hasta 2933 MHz (M\u00c1X.)<\/li>\n<li>Core Boost : Con un dise\u00f1o premium y un dise\u00f1o de potencia digital para soportar m\u00e1s n\u00facleos y proporcionar un mejor rendimiento.<\/li>\n<li>Memoria Boost: Tecnolog\u00eda avanzada para ofrecer se\u00f1ales de datos puras para el mejor rendimiento, estabilidad y compatibilidad.<\/li>\n<li>Audio Boost: Recompensa a tus o\u00eddos con una calidad de sonido de estudio<\/li>\n<li>Protecci\u00f3n de acero: protege las tarjetas VGA contra la flexi\u00f3n y las interferencias electromagn\u00e9ticas para mejorar el rendimiento, la estabilidad y la resistencia.<\/li>\n<\/ul>\n","protected":false},"excerpt":{"rendered":"<table class=\"attribute\">\n<thead>\n<tr>\n<th colspan=\"3\">Especificaciones Generales<\/th>\n<\/tr>\n<\/thead>\n<tbody>\n<tr>\n<td class=\"label\">Marca<\/td>\n<td class=\"value\">MSI<\/td>\n<\/tr>\n<tr>\n<td class=\"label\">Modelo<\/td>\n<td class=\"value\">PRO H510M-B<\/td>\n<\/tr>\n<\/tbody>\n<\/table>\n<table class=\"attribute\">\n<thead>\n<tr>\n<th colspan=\"3\">&#8211; Procesador<\/th>\n<\/tr>\n<\/thead>\n<tbody>\n<tr>\n<td class=\"label\">Para Procesadores<\/td>\n<td class=\"value\">Intel<\/td>\n<\/tr>\n<tr>\n<td class=\"label\">CPU Socket<\/td>\n<td class=\"value\">Socket 1200<\/td>\n<\/tr>\n<tr>\n<td class=\"label\">Procesadores Compatibles<\/td>\n<td class=\"value\">Procesadores Intel Core, Pentium Gold y Celeron de 10ma generaci\u00f3n<\/td>\n<\/tr>\n<\/tbody>\n<\/table>\n","protected":false},"featured_media":10068,"comment_status":"open","ping_status":"closed","template":"","meta":[],"product_brand":[],"product_cat":[1142,457],"product_tag":[1329,2139,2138,463],"class_list":{"0":"post-10067","1":"product","2":"type-product","3":"status-publish","4":"has-post-thumbnail","6":"product_cat-ensamble","7":"product_cat-tarjeta-madre","8":"product_tag-ensamble","9":"product_tag-msi","10":"product_tag-tarjeta","11":"product_tag-tarjeta-madre","13":"first","14":"instock","15":"sale","16":"shipping-taxable","17":"purchasable","18":"product-type-simple"},"_links":{"self":[{"href":"https:\/\/www.c-enter.com.mx\/tienda\/wp-json\/wp\/v2\/product\/10067","targetHints":{"allow":["GET"]}}],"collection":[{"href":"https:\/\/www.c-enter.com.mx\/tienda\/wp-json\/wp\/v2\/product"}],"about":[{"href":"https:\/\/www.c-enter.com.mx\/tienda\/wp-json\/wp\/v2\/types\/product"}],"replies":[{"embeddable":true,"href":"https:\/\/www.c-enter.com.mx\/tienda\/wp-json\/wp\/v2\/comments?post=10067"}],"wp:featuredmedia":[{"embeddable":true,"href":"https:\/\/www.c-enter.com.mx\/tienda\/wp-json\/wp\/v2\/media\/10068"}],"wp:attachment":[{"href":"https:\/\/www.c-enter.com.mx\/tienda\/wp-json\/wp\/v2\/media?parent=10067"}],"wp:term":[{"taxonomy":"product_brand","embeddable":true,"href":"https:\/\/www.c-enter.com.mx\/tienda\/wp-json\/wp\/v2\/product_brand?post=10067"},{"taxonomy":"product_cat","embeddable":true,"href":"https:\/\/www.c-enter.com.mx\/tienda\/wp-json\/wp\/v2\/product_cat?post=10067"},{"taxonomy":"product_tag","embeddable":true,"href":"https:\/\/www.c-enter.com.mx\/tienda\/wp-json\/wp\/v2\/product_tag?post=10067"}],"curies":[{"name":"wp","href":"https:\/\/api.w.org\/{rel}","templated":true}]}}