{"id":10076,"date":"2023-11-14T10:25:47","date_gmt":"2023-11-14T16:25:47","guid":{"rendered":"https:\/\/www.c-enter.com.mx\/tienda\/?post_type=product&#038;p=10076"},"modified":"2024-06-17T13:18:40","modified_gmt":"2024-06-17T19:18:40","slug":"memoria-usb-adata-32gb-uv240-blanco","status":"publish","type":"product","link":"https:\/\/www.c-enter.com.mx\/tienda\/producto\/memoria-usb-adata-32gb-uv240-blanco\/","title":{"rendered":"Memoria USB ADATA 32GB UV240 Blanco"},"content":{"rendered":"<table class=\"margin-0 border-none\">\n<tbody>\n<tr>\n<th class=\"padding-0\" colspan=\"2\">\n<div class=\"c-attributes-table__headline\"><span class=\"cpx-tuple cpx-tuple--plain\"><span class=\"cpx-label\">Peso y dimensiones<\/span><\/span><\/div>\n<\/th>\n<\/tr>\n<tr>\n<td class=\"padding-0\">\n<div class=\"c-attributes-table__property\"><span class=\"cpx-text cpx-text--grey\">Altura<\/span><\/div>\n<\/td>\n<td class=\"padding-0\">\n<div class=\"c-attributes-table__property\"><span class=\"cpx-text\">8,3 mm<\/span><\/div>\n<\/td>\n<\/tr>\n<tr>\n<td class=\"padding-0\">\n<div class=\"c-attributes-table__property\"><span class=\"cpx-text cpx-text--grey\">Peso<\/span><\/div>\n<\/td>\n<td class=\"padding-0\">\n<div class=\"c-attributes-table__property\"><span class=\"cpx-text\">7 g<\/span><\/div>\n<\/td>\n<\/tr>\n<\/tbody>\n<tbody>\n<tr>\n<th class=\"padding-0\" colspan=\"2\">\n<div class=\"c-attributes-table__headline\"><span class=\"cpx-tuple cpx-tuple--plain\"><span class=\"cpx-label\">Memoria<\/span><\/span><\/div>\n<\/th>\n<\/tr>\n<tr>\n<td class=\"padding-0\">\n<div class=\"c-attributes-table__property\"><span class=\"cpx-text cpx-text--grey\">Velocidad de escritura<\/span><\/div>\n<\/td>\n<td class=\"padding-0\">\n<div class=\"c-attributes-table__property\"><span class=\"cpx-text\">No disponible<\/span><\/div>\n<\/td>\n<\/tr>\n<tr>\n<td class=\"padding-0\">\n<div class=\"c-attributes-table__property\"><span class=\"cpx-text cpx-text--grey\">Velocidad de lectura<\/span><\/div>\n<\/td>\n<td class=\"padding-0\">\n<div class=\"c-attributes-table__property\"><span class=\"cpx-text\">No disponible<\/span><\/div>\n<\/td>\n<\/tr>\n<tr>\n<td class=\"padding-0\">\n<div class=\"c-attributes-table__property\"><span class=\"cpx-text cpx-text--grey\">Capacidad<\/span><\/div>\n<\/td>\n<td class=\"padding-0\">\n<div class=\"c-attributes-table__property\"><span class=\"cpx-text\">32 GB<\/span><\/div>\n<\/td>\n<\/tr>\n<\/tbody>\n<tbody>\n<tr>\n<th class=\"padding-0\" colspan=\"2\">\n<div class=\"c-attributes-table__headline\"><span class=\"cpx-tuple cpx-tuple--plain\"><span class=\"cpx-label\">Dise\u00f1o<\/span><\/span><\/div>\n<\/th>\n<\/tr>\n<tr>\n<td class=\"padding-0\">\n<div class=\"c-attributes-table__property\"><span class=\"cpx-text cpx-text--grey\">Certificaci\u00f3n<\/span><\/div>\n<\/td>\n<td class=\"padding-0\">\n<div class=\"c-attributes-table__property\"><span class=\"cpx-text\">FC, CE, VCI, RoHS<\/span><\/div>\n<\/td>\n<\/tr>\n<tr>\n<td class=\"padding-0\">\n<div class=\"c-attributes-table__property\"><span class=\"cpx-text cpx-text--grey\">Factor de forma<\/span><\/div>\n<\/td>\n<td class=\"padding-0\">\n<div class=\"c-attributes-table__property\"><span class=\"cpx-text\">Tapa<\/span><\/div>\n<\/td>\n<\/tr>\n<\/tbody>\n<tbody>\n<tr>\n<th class=\"padding-0\" colspan=\"2\">\n<div class=\"c-attributes-table__headline\"><span class=\"cpx-tuple cpx-tuple--plain\"><span class=\"cpx-label\">Color<\/span><\/span><\/div>\n<\/th>\n<\/tr>\n<tr>\n<td class=\"padding-0\">\n<div class=\"c-attributes-table__property\"><span class=\"cpx-text cpx-text--grey\">Color del producto<\/span><\/div>\n<\/td>\n<td class=\"padding-0\">\n<div class=\"c-attributes-table__property\"><span class=\"cpx-text\">Blanco<\/span><\/div>\n<\/td>\n<\/tr>\n<\/tbody>\n<tbody>\n<tr>\n<th class=\"padding-0\" colspan=\"2\">\n<div class=\"c-attributes-table__headline\"><span class=\"cpx-tuple cpx-tuple--plain\"><span class=\"cpx-label\">Desempe\u00f1o<\/span><\/span><\/div>\n<\/th>\n<\/tr>\n<tr>\n<td class=\"padding-0\">\n<div class=\"c-attributes-table__property\"><span class=\"cpx-text cpx-text--grey\">Lector de huella digital<\/span><\/div>\n<\/td>\n<td class=\"padding-0\">\n<div class=\"c-attributes-table__property\"><span class=\"cpx-text\">No<\/span><\/div>\n<\/td>\n<\/tr>\n<tr>\n<td class=\"padding-0\">\n<div class=\"c-attributes-table__property\"><span class=\"cpx-text cpx-text--grey\">Sistema operativo Linux soportado<\/span><\/div>\n<\/td>\n<td class=\"padding-0\">\n<div class=\"c-attributes-table__property\"><span class=\"cpx-text\">Si<\/span><\/div>\n<\/td>\n<\/tr>\n<tr>\n<td class=\"padding-0\">\n<div class=\"c-attributes-table__property\"><span class=\"cpx-text cpx-text--grey\">Protecci\u00f3n mediante contrase\u00f1a<\/span><\/div>\n<\/td>\n<td class=\"padding-0\">\n<div class=\"c-attributes-table__property\"><span class=\"cpx-text\">No<\/span><\/div>\n<\/td>\n<\/tr>\n<tr>\n<td class=\"padding-0\">\n<div class=\"c-attributes-table__property\"><span class=\"cpx-text cpx-text--grey\">Versi\u00f3n USB<\/span><\/div>\n<\/td>\n<td class=\"padding-0\">\n<div class=\"c-attributes-table__property\"><span class=\"cpx-text\">2.0<\/span><\/div>\n<\/td>\n<\/tr>\n<tr>\n<td class=\"padding-0\">\n<div class=\"c-attributes-table__property\"><span class=\"cpx-text cpx-text--grey\">Compatible con Mac<\/span><\/div>\n<\/td>\n<td class=\"padding-0\">\n<div class=\"c-attributes-table__property\"><span class=\"cpx-text\">Si<\/span><\/div>\n<\/td>\n<\/tr>\n<tr>\n<td class=\"padding-0\">\n<div class=\"c-attributes-table__property\"><span class=\"cpx-text cpx-text--grey\">Acceso con PIN-seguro<\/span><\/div>\n<\/td>\n<td class=\"padding-0\">\n<div class=\"c-attributes-table__property\"><span class=\"cpx-text\">No<\/span><\/div>\n<\/td>\n<\/tr>\n<tr>\n<td class=\"padding-0\">\n<div class=\"c-attributes-table__property\"><span class=\"cpx-text cpx-text--grey\">Sistema operativo Windows soportado<\/span><\/div>\n<\/td>\n<td class=\"padding-0\">\n<div class=\"c-attributes-table__property\"><span class=\"cpx-text\">Si<\/span><\/div>\n<\/td>\n<\/tr>\n<tr>\n<td class=\"padding-0\">\n<div class=\"c-attributes-table__property\"><span class=\"cpx-text cpx-text--grey\">Sistema operativo MAC soportado<\/span><\/div>\n<\/td>\n<td class=\"padding-0\">\n<div class=\"c-attributes-table__property\"><span class=\"cpx-text\">Si<\/span><\/div>\n<\/td>\n<\/tr>\n<tr>\n<td class=\"padding-0\">\n<div class=\"c-attributes-table__property\"><span class=\"cpx-text cpx-text--grey\">Interfaz del dispositivo<\/span><\/div>\n<\/td>\n<td class=\"padding-0\">\n<div class=\"c-attributes-table__property\"><span class=\"cpx-text\">USB tipo A<\/span><\/div>\n<\/td>\n<\/tr>\n<\/tbody>\n<\/table>\n","protected":false},"excerpt":{"rendered":"<p>El dise\u00f1o de la capucha abatible de la unidad UV240 no solo evita que extrav\u00ede la propia capucha, sino que tambi\u00e9n permite que se abra f\u00e1cilmente con solo mover el dedo pulgar.<\/p>\n","protected":false},"featured_media":10078,"comment_status":"open","ping_status":"closed","template":"","meta":[],"product_brand":[],"product_cat":[246,249],"product_tag":[472,229,2141,911,1368,474,392,652],"class_list":{"0":"post-10076","1":"product","2":"type-product","3":"status-publish","4":"has-post-thumbnail","6":"product_cat-almacenamiento-portatil","7":"product_cat-memorias-usb","8":"product_tag-32gb","9":"product_tag-adata","10":"product_tag-almacenamiento-portatil","11":"product_tag-blanco","12":"product_tag-memoria","13":"product_tag-memoria-usb","14":"product_tag-usb","15":"product_tag-uv240","17":"first","18":"instock","19":"shipping-taxable","20":"purchasable","21":"product-type-simple"},"_links":{"self":[{"href":"https:\/\/www.c-enter.com.mx\/tienda\/wp-json\/wp\/v2\/product\/10076","targetHints":{"allow":["GET"]}}],"collection":[{"href":"https:\/\/www.c-enter.com.mx\/tienda\/wp-json\/wp\/v2\/product"}],"about":[{"href":"https:\/\/www.c-enter.com.mx\/tienda\/wp-json\/wp\/v2\/types\/product"}],"replies":[{"embeddable":true,"href":"https:\/\/www.c-enter.com.mx\/tienda\/wp-json\/wp\/v2\/comments?post=10076"}],"wp:featuredmedia":[{"embeddable":true,"href":"https:\/\/www.c-enter.com.mx\/tienda\/wp-json\/wp\/v2\/media\/10078"}],"wp:attachment":[{"href":"https:\/\/www.c-enter.com.mx\/tienda\/wp-json\/wp\/v2\/media?parent=10076"}],"wp:term":[{"taxonomy":"product_brand","embeddable":true,"href":"https:\/\/www.c-enter.com.mx\/tienda\/wp-json\/wp\/v2\/product_brand?post=10076"},{"taxonomy":"product_cat","embeddable":true,"href":"https:\/\/www.c-enter.com.mx\/tienda\/wp-json\/wp\/v2\/product_cat?post=10076"},{"taxonomy":"product_tag","embeddable":true,"href":"https:\/\/www.c-enter.com.mx\/tienda\/wp-json\/wp\/v2\/product_tag?post=10076"}],"curies":[{"name":"wp","href":"https:\/\/api.w.org\/{rel}","templated":true}]}}