{"id":10123,"date":"2023-11-15T11:15:30","date_gmt":"2023-11-15T17:15:30","guid":{"rendered":"https:\/\/www.c-enter.com.mx\/tienda\/?post_type=product&#038;p=10123"},"modified":"2024-06-17T11:41:52","modified_gmt":"2024-06-17T17:41:52","slug":"10123","status":"publish","type":"product","link":"https:\/\/www.c-enter.com.mx\/tienda\/producto\/10123\/","title":{"rendered":"Papel T\u00e9rmico GHIA 80 X 70 mm 10 Piezas"},"content":{"rendered":"<table class=\"attributes\">\n<tbody>\n<tr>\n<th class=\"headline\" colspan=\"2\">Peso y dimensiones<\/th>\n<\/tr>\n<tr>\n<td class=\"label\">Di\u00e1metro<\/td>\n<td class=\"value\">7 cm<\/td>\n<\/tr>\n<\/tbody>\n<\/table>\n<table class=\"attributes\">\n<tbody>\n<tr>\n<th class=\"headline\" colspan=\"2\">Contenido del embalaje<\/th>\n<\/tr>\n<tr>\n<td class=\"label\">Rollos por paquete<\/td>\n<td class=\"value\">10<\/td>\n<\/tr>\n<\/tbody>\n<\/table>\n","protected":false},"excerpt":{"rendered":"<p>El Ghia Papel T\u00e9rmico 80mm x 70mm, Reacci\u00f3n Negro es un producto de alta calidad que se presenta en paquetes con diez rollos. Cada uno de estos rollos tiene una longitud de siete cent\u00edmetros y cuenta con un di\u00e1metro adecuado para su uso en impresoras t\u00e9rmicas compatibles.<\/p>\n","protected":false},"featured_media":10125,"comment_status":"open","ping_status":"closed","template":"","meta":[],"product_brand":[],"product_cat":[1155,980,813],"product_tag":[657,820,1350,402,2151,2152],"class_list":{"0":"post-10123","1":"product","2":"type-product","3":"status-publish","4":"has-post-thumbnail","6":"product_cat-impresoras-termicas","7":"product_cat-papeleria","8":"product_cat-punto-de-venta","9":"product_tag-ghia","10":"product_tag-impresora-termica","11":"product_tag-papel-termico","12":"product_tag-punto-de-venta","13":"product_tag-rollo","14":"product_tag-rollo-termico","16":"first","17":"instock","18":"shipping-taxable","19":"purchasable","20":"product-type-simple"},"_links":{"self":[{"href":"https:\/\/www.c-enter.com.mx\/tienda\/wp-json\/wp\/v2\/product\/10123","targetHints":{"allow":["GET"]}}],"collection":[{"href":"https:\/\/www.c-enter.com.mx\/tienda\/wp-json\/wp\/v2\/product"}],"about":[{"href":"https:\/\/www.c-enter.com.mx\/tienda\/wp-json\/wp\/v2\/types\/product"}],"replies":[{"embeddable":true,"href":"https:\/\/www.c-enter.com.mx\/tienda\/wp-json\/wp\/v2\/comments?post=10123"}],"wp:featuredmedia":[{"embeddable":true,"href":"https:\/\/www.c-enter.com.mx\/tienda\/wp-json\/wp\/v2\/media\/10125"}],"wp:attachment":[{"href":"https:\/\/www.c-enter.com.mx\/tienda\/wp-json\/wp\/v2\/media?parent=10123"}],"wp:term":[{"taxonomy":"product_brand","embeddable":true,"href":"https:\/\/www.c-enter.com.mx\/tienda\/wp-json\/wp\/v2\/product_brand?post=10123"},{"taxonomy":"product_cat","embeddable":true,"href":"https:\/\/www.c-enter.com.mx\/tienda\/wp-json\/wp\/v2\/product_cat?post=10123"},{"taxonomy":"product_tag","embeddable":true,"href":"https:\/\/www.c-enter.com.mx\/tienda\/wp-json\/wp\/v2\/product_tag?post=10123"}],"curies":[{"name":"wp","href":"https:\/\/api.w.org\/{rel}","templated":true}]}}