{"id":10280,"date":"2023-11-23T14:55:54","date_gmt":"2023-11-23T20:55:54","guid":{"rendered":"https:\/\/www.c-enter.com.mx\/tienda\/?post_type=product&#038;p=10280"},"modified":"2025-01-20T14:13:11","modified_gmt":"2025-01-20T20:13:11","slug":"ssd-adata-legend-700-512gb","status":"publish","type":"product","link":"https:\/\/www.c-enter.com.mx\/tienda\/producto\/ssd-adata-legend-700-512gb\/","title":{"rendered":"SSD ADATA LEGEND 700  512GB"},"content":{"rendered":"<h2 class=\"cpx-h2 cpx-h2--dark\">Especificaciones<\/h2>\n<div class=\"c-attributes-table expanded\">\n<table class=\"margin-0 border-none\">\n<tbody>\n<tr>\n<th class=\"padding-0\" colspan=\"2\">\n<div class=\"c-attributes-table__headline\"><span class=\"cpx-tuple cpx-tuple--plain\"><span class=\"cpx-label\">Peso y dimensiones<\/span><\/span><\/div>\n<\/th>\n<\/tr>\n<tr>\n<td class=\"padding-0\">\n<div class=\"c-attributes-table__property\"><span class=\"cpx-text cpx-text--grey\">Altura<\/span><\/div>\n<\/td>\n<td class=\"padding-0\">\n<div class=\"c-attributes-table__property\"><span class=\"cpx-text\">3.13 mm<\/span><\/div>\n<\/td>\n<\/tr>\n<tr>\n<td class=\"padding-0\">\n<div class=\"c-attributes-table__property\"><span class=\"cpx-text cpx-text--grey\">Profundidad<\/span><\/div>\n<\/td>\n<td class=\"padding-0\">\n<div class=\"c-attributes-table__property\"><span class=\"cpx-text\">80 mm<\/span><\/div>\n<\/td>\n<\/tr>\n<tr>\n<td class=\"padding-0\">\n<div class=\"c-attributes-table__property\"><span class=\"cpx-text cpx-text--grey\">Peso<\/span><\/div>\n<\/td>\n<td class=\"padding-0\">\n<div class=\"c-attributes-table__property\"><span class=\"cpx-text\">9 g<\/span><\/div>\n<\/td>\n<\/tr>\n<tr>\n<td class=\"padding-0\">\n<div class=\"c-attributes-table__property\"><span class=\"cpx-text cpx-text--grey\">Ancho<\/span><\/div>\n<\/td>\n<td class=\"padding-0\">\n<div class=\"c-attributes-table__property\"><span class=\"cpx-text\">22 mm<\/span><\/div>\n<\/td>\n<\/tr>\n<\/tbody>\n<tbody>\n<tr>\n<th class=\"padding-0\" colspan=\"2\">\n<div class=\"c-attributes-table__headline\"><span class=\"cpx-tuple cpx-tuple--plain\"><span class=\"cpx-label\">Detalles t\u00e9cnicos<\/span><\/span><\/div>\n<\/th>\n<\/tr>\n<tr>\n<td class=\"padding-0\">\n<div class=\"c-attributes-table__property\"><span class=\"cpx-text cpx-text--grey\">Intervalo de temperatura operativa<\/span><\/div>\n<\/td>\n<td class=\"padding-0\">\n<div class=\"c-attributes-table__property\"><span class=\"cpx-text\">0 &#8211; 70 \u00b0C<\/span><\/div>\n<\/td>\n<\/tr>\n<tr>\n<td class=\"padding-0\">\n<div class=\"c-attributes-table__property\"><span class=\"cpx-text cpx-text--grey\">Intervalo de temperatura de almacenaje<\/span><\/div>\n<\/td>\n<td class=\"padding-0\">\n<div class=\"c-attributes-table__property\"><span class=\"cpx-text\">-40 &#8211; 85 \u00b0C<\/span><\/div>\n<\/td>\n<\/tr>\n<tr>\n<td class=\"padding-0\">\n<div class=\"c-attributes-table__property\"><span class=\"cpx-text cpx-text--grey\">Factor de forma<\/span><\/div>\n<\/td>\n<td class=\"padding-0\">\n<div class=\"c-attributes-table__property\"><span class=\"cpx-text\">M.2<\/span><\/div>\n<\/td>\n<\/tr>\n<tr>\n<td class=\"padding-0\">\n<div class=\"c-attributes-table__property\"><span class=\"cpx-text cpx-text--grey\">Interfaz<\/span><\/div>\n<\/td>\n<td class=\"padding-0\">\n<div class=\"c-attributes-table__property\"><span class=\"cpx-text\">PCI Express 3.0<\/span><\/div>\n<\/td>\n<\/tr>\n<tr>\n<td class=\"padding-0\">\n<div class=\"c-attributes-table__property\"><span class=\"cpx-text cpx-text--grey\">Golpes en funcionamiento<\/span><\/div>\n<\/td>\n<td class=\"padding-0\">\n<div class=\"c-attributes-table__property\"><span class=\"cpx-text\">1500 G<\/span><\/div>\n<\/td>\n<\/tr>\n<tr>\n<td class=\"padding-0\">\n<div class=\"c-attributes-table__property\"><span class=\"cpx-text cpx-text--grey\">Capacidad<\/span><\/div>\n<\/td>\n<td class=\"padding-0\">\n<div class=\"c-attributes-table__property\"><span class=\"cpx-text\">512 GB<\/span><\/div>\n<\/td>\n<\/tr>\n<\/tbody>\n<tbody>\n<tr>\n<th class=\"padding-0\" colspan=\"2\">\n<div class=\"c-attributes-table__headline\"><span class=\"cpx-tuple cpx-tuple--plain\"><span class=\"cpx-label\">Dise\u00f1o<\/span><\/span><\/div>\n<\/th>\n<\/tr>\n<tr>\n<td class=\"padding-0\">\n<div class=\"c-attributes-table__property\"><span class=\"cpx-text cpx-text--grey\">Certificaci\u00f3n<\/span><\/div>\n<\/td>\n<td class=\"padding-0\">\n<div class=\"c-attributes-table__property\"><span class=\"cpx-text\">CE, FCC, BSMI, KC, EAC, RCM, morocco, UKCA, RoHS<\/span><\/div>\n<\/td>\n<\/tr>\n<\/tbody>\n<tbody>\n<tr>\n<th class=\"padding-0\" colspan=\"2\">\n<div class=\"c-attributes-table__headline\"><span class=\"cpx-tuple cpx-tuple--plain\"><span class=\"cpx-label\">Condiciones ambientales<\/span><\/span><\/div>\n<\/th>\n<\/tr>\n<tr>\n<td class=\"padding-0\">\n<div class=\"c-attributes-table__property\"><span class=\"cpx-text cpx-text--grey\">M\u00e1xima temperatura<\/span><\/div>\n<\/td>\n<td class=\"padding-0\">\n<div class=\"c-attributes-table__property\"><span class=\"cpx-text\">70 \u00b0C<\/span><\/div>\n<\/td>\n<\/tr>\n<\/tbody>\n<tbody>\n<tr>\n<th class=\"padding-0\" colspan=\"2\">\n<div class=\"c-attributes-table__headline\"><span class=\"cpx-tuple cpx-tuple--plain\"><span class=\"cpx-label\">Desempe\u00f1o<\/span><\/span><\/div>\n<\/th>\n<\/tr>\n<tr>\n<td class=\"padding-0\">\n<div class=\"c-attributes-table__property\"><span class=\"cpx-text cpx-text--grey\">Velocidad de lectura secuencial (ATTO)<\/span><\/div>\n<\/td>\n<td class=\"padding-0\">\n<div class=\"c-attributes-table__property\"><span class=\"cpx-text\">2000 MB\/s<\/span><\/div>\n<\/td>\n<\/tr>\n<tr>\n<td class=\"padding-0\">\n<div class=\"c-attributes-table__property\"><span class=\"cpx-text cpx-text--grey\">Encriptaci\u00f3n de hardware<\/span><\/div>\n<\/td>\n<td class=\"padding-0\">\n<div class=\"c-attributes-table__property\"><span class=\"cpx-text\">No<\/span><\/div>\n<\/td>\n<\/tr>\n<tr>\n<td class=\"padding-0\">\n<div class=\"c-attributes-table__property\"><span class=\"cpx-text cpx-text--grey\">Velocidad de lectura secuencial (CDM)<\/span><\/div>\n<\/td>\n<td class=\"padding-0\">\n<div class=\"c-attributes-table__property\"><span class=\"cpx-text\">2000 MB\/s<\/span><\/div>\n<\/td>\n<\/tr>\n<tr>\n<td class=\"padding-0\">\n<div class=\"c-attributes-table__property\"><span class=\"cpx-text cpx-text--grey\">Lectura aleatoria (4KB)<\/span><\/div>\n<\/td>\n<td class=\"padding-0\">\n<div class=\"c-attributes-table__property\"><span class=\"cpx-text\">160000 IOPS<\/span><\/div>\n<\/td>\n<\/tr>\n<tr>\n<td class=\"padding-0\">\n<div class=\"c-attributes-table__property\"><span class=\"cpx-text cpx-text--grey\">Componente para<\/span><\/div>\n<\/td>\n<td class=\"padding-0\">\n<div class=\"c-attributes-table__property\"><span class=\"cpx-text\">PC\/computadora port\u00e1til<\/span><\/div>\n<\/td>\n<\/tr>\n<tr>\n<td class=\"padding-0\">\n<div class=\"c-attributes-table__property\"><span class=\"cpx-text cpx-text--grey\">Tiempo medio entre fallos<\/span><\/div>\n<\/td>\n<td class=\"padding-0\">\n<div class=\"c-attributes-table__property\"><span class=\"cpx-text\">1500000 h<\/span><\/div>\n<\/td>\n<\/tr>\n<tr>\n<td class=\"padding-0\">\n<div class=\"c-attributes-table__property\"><span class=\"cpx-text cpx-text--grey\">Velocidad de escritura secuencial (CDM)<\/span><\/div>\n<\/td>\n<td class=\"padding-0\">\n<div class=\"c-attributes-table__property\"><span class=\"cpx-text\">1600 MB\/s<\/span><\/div>\n<\/td>\n<\/tr>\n<tr>\n<td class=\"padding-0\">\n<div class=\"c-attributes-table__property\"><span class=\"cpx-text cpx-text--grey\">Compatible con NVM Express (NVMe)<\/span><\/div>\n<\/td>\n<td class=\"padding-0\">\n<div class=\"c-attributes-table__property\"><span class=\"cpx-text\">Si<\/span><\/div>\n<\/td>\n<\/tr>\n<tr>\n<td class=\"padding-0\">\n<div class=\"c-attributes-table__property\"><span class=\"cpx-text cpx-text--grey\">Velocidad de lectura secuencial (AS SSD)<\/span><\/div>\n<\/td>\n<td class=\"padding-0\">\n<div class=\"c-attributes-table__property\"><span class=\"cpx-text\">1900 MB\/s<\/span><\/div>\n<\/td>\n<\/tr>\n<tr>\n<td class=\"padding-0\">\n<div class=\"c-attributes-table__property\"><span class=\"cpx-text cpx-text--grey\">Escritura aleatoria (4KB)<\/span><\/div>\n<\/td>\n<td class=\"padding-0\">\n<div class=\"c-attributes-table__property\"><span class=\"cpx-text\">260000 IOPS<\/span><\/div>\n<\/td>\n<\/tr>\n<tr>\n<td class=\"padding-0\">\n<div class=\"c-attributes-table__property\"><span class=\"cpx-text cpx-text--grey\">Tipo de memoria<\/span><\/div>\n<\/td>\n<td class=\"padding-0\">\n<div class=\"c-attributes-table__property\"><span class=\"cpx-text\">3D NAND<\/span><\/div>\n<\/td>\n<\/tr>\n<tr>\n<td class=\"padding-0\">\n<div class=\"c-attributes-table__property\"><span class=\"cpx-text cpx-text--grey\">Carriles datos de interfaz PCI Express<\/span><\/div>\n<\/td>\n<td class=\"padding-0\">\n<div class=\"c-attributes-table__property\"><span class=\"cpx-text\">x4<\/span><\/div>\n<\/td>\n<\/tr>\n<tr>\n<td class=\"padding-0\">\n<div class=\"c-attributes-table__property\"><span class=\"cpx-text cpx-text--grey\">calificaci\u00f3n TBW<\/span><\/div>\n<\/td>\n<td class=\"padding-0\">\n<div class=\"c-attributes-table__property\"><span class=\"cpx-text\">160<\/span><\/div>\n<\/td>\n<\/tr>\n<tr>\n<td class=\"padding-0\">\n<div class=\"c-attributes-table__property\"><span class=\"cpx-text cpx-text--grey\">Velocidad de escritura secuencial (AS SSD)<\/span><\/div>\n<\/td>\n<td class=\"padding-0\">\n<div class=\"c-attributes-table__property\"><span class=\"cpx-text\">1400 MB\/s<\/span><\/div>\n<\/td>\n<\/tr>\n<tr>\n<td class=\"padding-0\">\n<div class=\"c-attributes-table__property\"><span class=\"cpx-text cpx-text--grey\">ECC<\/span><\/div>\n<\/td>\n<td class=\"padding-0\">\n<div class=\"c-attributes-table__property\"><span class=\"cpx-text\">Si<\/span><\/div>\n<\/td>\n<\/tr>\n<tr>\n<td class=\"padding-0\">\n<div class=\"c-attributes-table__property\"><span class=\"cpx-text cpx-text--grey\">Velocidad de escritura secuencial (ATTO)<\/span><\/div>\n<\/td>\n<td class=\"padding-0\">\n<div class=\"c-attributes-table__property\"><span class=\"cpx-text\">1600 MB\/s<\/span><\/div>\n<\/td>\n<\/tr>\n<tr>\n<td class=\"padding-0\">\n<div class=\"c-attributes-table__property\"><span class=\"cpx-text cpx-text--grey\">Versi\u00f3n NVM Express (NVMe)<\/span><\/div>\n<\/td>\n<td class=\"padding-0\">\n<div class=\"c-attributes-table__property\"><span class=\"cpx-text\">1.3<\/span><\/div>\n<\/td>\n<\/tr>\n<\/tbody>\n<tbody>\n<tr>\n<th class=\"padding-0\" colspan=\"2\">\n<div class=\"c-attributes-table__headline\"><span class=\"cpx-tuple cpx-tuple--plain\"><span class=\"cpx-label\">Empaquetado<\/span><\/span><\/div>\n<\/th>\n<\/tr>\n<tr>\n<td class=\"padding-0\">\n<div class=\"c-attributes-table__property\"><span class=\"cpx-text cpx-text--grey\">Tipo de embalaje<\/span><\/div>\n<\/td>\n<td class=\"padding-0\">\n<div class=\"c-attributes-table__property\"><span class=\"cpx-text\">Caja<\/span><\/div>\n<\/td>\n<\/tr>\n<\/tbody>\n<tbody>\n<tr>\n<th class=\"padding-0\" colspan=\"2\">\n<div class=\"c-attributes-table__headline\"><span class=\"cpx-tuple cpx-tuple--plain\"><span class=\"cpx-label\">Disco duro<\/span><\/span><\/div>\n<\/th>\n<\/tr>\n<tr>\n<td class=\"padding-0\">\n<div class=\"c-attributes-table__property\"><span class=\"cpx-text cpx-text--grey\">Velocidad de escritura<\/span><\/div>\n<\/td>\n<td class=\"padding-0\">\n<div class=\"c-attributes-table__property\"><span class=\"cpx-text\">1600 MB\/s<\/span><\/div>\n<\/td>\n<\/tr>\n<tr>\n<td class=\"padding-0\">\n<div class=\"c-attributes-table__property\"><span class=\"cpx-text cpx-text--grey\">Velocidad de lectura<\/span><\/div>\n<\/td>\n<td class=\"padding-0\">\n<div class=\"c-attributes-table__property\"><span class=\"cpx-text\">2000 MB\/s<\/span><\/div>\n<\/td>\n<\/tr>\n<\/tbody>\n<\/table>\n<\/div>\n","protected":false},"excerpt":{"rendered":"<p>LEGEND 700 utiliza PCIe Gen3 x4 y NVMe 1.3 para ofrecer velocidades sostenidas de lectura y escritura de hasta 2.000\/1.600 MB por segundo. La especificaci\u00f3n M.2 2280 admite las plataformas Intel y AMD m\u00e1s recientes, lo que incluye computadoras de escritorio y computadoras port\u00e1tiles.<\/p>\n","protected":false},"featured_media":10282,"comment_status":"open","ping_status":"closed","template":"","meta":[],"product_brand":[],"product_cat":[245,246,1135,321],"product_tag":[2189,229,323,2188,423],"class_list":{"0":"post-10280","1":"product","2":"type-product","3":"status-publish","4":"has-post-thumbnail","6":"product_cat-almacenamiento","7":"product_cat-almacenamiento-portatil","8":"product_cat-disco-estado-solido-ssd","9":"product_cat-discos-duros","10":"product_tag-512gb","11":"product_tag-adata","12":"product_tag-disco-duro","13":"product_tag-legends","14":"product_tag-ssd","16":"first","17":"instock","18":"shipping-taxable","19":"purchasable","20":"product-type-simple"},"_links":{"self":[{"href":"https:\/\/www.c-enter.com.mx\/tienda\/wp-json\/wp\/v2\/product\/10280","targetHints":{"allow":["GET"]}}],"collection":[{"href":"https:\/\/www.c-enter.com.mx\/tienda\/wp-json\/wp\/v2\/product"}],"about":[{"href":"https:\/\/www.c-enter.com.mx\/tienda\/wp-json\/wp\/v2\/types\/product"}],"replies":[{"embeddable":true,"href":"https:\/\/www.c-enter.com.mx\/tienda\/wp-json\/wp\/v2\/comments?post=10280"}],"wp:featuredmedia":[{"embeddable":true,"href":"https:\/\/www.c-enter.com.mx\/tienda\/wp-json\/wp\/v2\/media\/10282"}],"wp:attachment":[{"href":"https:\/\/www.c-enter.com.mx\/tienda\/wp-json\/wp\/v2\/media?parent=10280"}],"wp:term":[{"taxonomy":"product_brand","embeddable":true,"href":"https:\/\/www.c-enter.com.mx\/tienda\/wp-json\/wp\/v2\/product_brand?post=10280"},{"taxonomy":"product_cat","embeddable":true,"href":"https:\/\/www.c-enter.com.mx\/tienda\/wp-json\/wp\/v2\/product_cat?post=10280"},{"taxonomy":"product_tag","embeddable":true,"href":"https:\/\/www.c-enter.com.mx\/tienda\/wp-json\/wp\/v2\/product_tag?post=10280"}],"curies":[{"name":"wp","href":"https:\/\/api.w.org\/{rel}","templated":true}]}}