{"id":10310,"date":"2023-11-30T09:50:59","date_gmt":"2023-11-30T15:50:59","guid":{"rendered":"https:\/\/www.c-enter.com.mx\/tienda\/?post_type=product&#038;p=10310"},"modified":"2024-05-08T09:50:25","modified_gmt":"2024-05-08T15:50:25","slug":"funda-neopreno-perfect-choice","status":"publish","type":"product","link":"https:\/\/www.c-enter.com.mx\/tienda\/producto\/funda-neopreno-perfect-choice\/","title":{"rendered":"Funda Neopreno Perfect Choice"},"content":{"rendered":"<p>Fabricada con materiales duraderos como el poli\u00e9ster, la funda garantiza resistencia a los golpes y ara\u00f1azos, manteniendo tu laptop en perfecto estado. Su interior acolchado proporciona una capa adicional de protecci\u00f3n contra impactos accidentales.<\/p>\n","protected":false},"excerpt":{"rendered":"<p>La funda de neopreno para laptop de 15&#8243; es una opci\u00f3n ideal para proteger tu dispositivo mientras te desplazas. Con un dise\u00f1o elegante y funcional, esta funda ofrece seguridad y comodidad<\/p>\n","protected":false},"featured_media":10312,"comment_status":"open","ping_status":"closed","template":"","meta":[],"product_brand":[],"product_cat":[288,1140,368],"product_tag":[2197,332,413],"class_list":{"0":"post-10310","1":"product","2":"type-product","3":"status-publish","4":"has-post-thumbnail","6":"product_cat-accesorios","7":"product_cat-accesorios-para-pc","8":"product_cat-mochilas","9":"product_tag-funda","10":"product_tag-laptop","11":"product_tag-perfect-choice","13":"first","14":"instock","15":"shipping-taxable","16":"purchasable","17":"product-type-simple"},"_links":{"self":[{"href":"https:\/\/www.c-enter.com.mx\/tienda\/wp-json\/wp\/v2\/product\/10310","targetHints":{"allow":["GET"]}}],"collection":[{"href":"https:\/\/www.c-enter.com.mx\/tienda\/wp-json\/wp\/v2\/product"}],"about":[{"href":"https:\/\/www.c-enter.com.mx\/tienda\/wp-json\/wp\/v2\/types\/product"}],"replies":[{"embeddable":true,"href":"https:\/\/www.c-enter.com.mx\/tienda\/wp-json\/wp\/v2\/comments?post=10310"}],"wp:featuredmedia":[{"embeddable":true,"href":"https:\/\/www.c-enter.com.mx\/tienda\/wp-json\/wp\/v2\/media\/10312"}],"wp:attachment":[{"href":"https:\/\/www.c-enter.com.mx\/tienda\/wp-json\/wp\/v2\/media?parent=10310"}],"wp:term":[{"taxonomy":"product_brand","embeddable":true,"href":"https:\/\/www.c-enter.com.mx\/tienda\/wp-json\/wp\/v2\/product_brand?post=10310"},{"taxonomy":"product_cat","embeddable":true,"href":"https:\/\/www.c-enter.com.mx\/tienda\/wp-json\/wp\/v2\/product_cat?post=10310"},{"taxonomy":"product_tag","embeddable":true,"href":"https:\/\/www.c-enter.com.mx\/tienda\/wp-json\/wp\/v2\/product_tag?post=10310"}],"curies":[{"name":"wp","href":"https:\/\/api.w.org\/{rel}","templated":true}]}}