{"id":10334,"date":"2023-11-30T13:44:53","date_gmt":"2023-11-30T19:44:53","guid":{"rendered":"https:\/\/www.c-enter.com.mx\/tienda\/?post_type=product&#038;p=10334"},"modified":"2025-01-17T14:26:24","modified_gmt":"2025-01-17T20:26:24","slug":"fuente-de-poder-acteck-600w-2-sata-24-pines-negro-es-05003","status":"publish","type":"product","link":"https:\/\/www.c-enter.com.mx\/tienda\/producto\/fuente-de-poder-acteck-600w-2-sata-24-pines-negro-es-05003\/","title":{"rendered":"Fuente de Poder ACTECK 600W 2 SATA 24 Pines Negro ES-05003"},"content":{"rendered":"<table class=\"attributes\">\n<tbody>\n<tr>\n<th class=\"headline\" colspan=\"2\">Puertos e Interfaces<\/th>\n<\/tr>\n<tr>\n<td class=\"label\">N\u00famero de conectores de energ\u00eda SATA<\/td>\n<td class=\"value\">3<\/td>\n<\/tr>\n<tr>\n<td class=\"label\">Conector de potencia ATX (24 pines)<\/td>\n<td class=\"value\"><img decoding=\"async\" src=\"https:\/\/www.cyberpuerta.mx\/out\/cyberpuertaV5\/src\/img\/yes.png\" alt=\"Si\" \/><\/td>\n<\/tr>\n<tr>\n<td class=\"label\">Conector a unidad de disquetes<\/td>\n<td class=\"value\"><img decoding=\"async\" src=\"https:\/\/www.cyberpuerta.mx\/out\/cyberpuertaV5\/src\/img\/yes.png\" alt=\"Si\" \/><\/td>\n<\/tr>\n<tr>\n<td class=\"label\">Conectores de poder PCI Express (6 + 2 pin)<\/td>\n<td class=\"value\">1<\/td>\n<\/tr>\n<tr>\n<td class=\"label\">CPU conector de alimentaci\u00f3n (4 +4 pines)<\/td>\n<td class=\"value\"><img decoding=\"async\" src=\"https:\/\/www.cyberpuerta.mx\/out\/cyberpuertaV5\/src\/img\/no.png\" alt=\"No\" \/><\/td>\n<\/tr>\n<tr>\n<td class=\"label\">Alimentador de energ\u00eda para tarjeta madre<\/td>\n<td class=\"value\">24-pin ATX<\/td>\n<\/tr>\n<tr>\n<td class=\"label\">Conectores de poder (4 pin) periferales (Molex)<\/td>\n<td class=\"value\">2<\/td>\n<\/tr>\n<\/tbody>\n<\/table>\n<table class=\"attributes\">\n<tbody>\n<tr>\n<th class=\"headline\" colspan=\"2\">Control de energ\u00eda<\/th>\n<\/tr>\n<tr>\n<td class=\"label\">Potencia total<\/td>\n<td class=\"value\">600 W<\/td>\n<\/tr>\n<tr>\n<td class=\"label\">Potencia nominal<\/td>\n<td class=\"value\">600 W<\/td>\n<\/tr>\n<\/tbody>\n<\/table>\n","protected":false},"excerpt":{"rendered":"<p>La Fuente de Poder Acteck FT600 es un componente dise\u00f1ado para suministrar energ\u00eda el\u00e9ctrica a los diferentes dispositivos que conforman una computadora personal. Este modelo cuenta con una potencia nominal de 600 W y est\u00e1 equipado con un ventilador de 12 cm ubicado en la parte superior, el cual permite mantener una temperatura adecuada dentro del equipo mediante el enfriamiento activo.<\/p>\n","protected":false},"featured_media":10336,"comment_status":"open","ping_status":"closed","template":"","meta":[],"product_brand":[],"product_cat":[1142,336],"product_tag":[409,1329,338],"class_list":{"0":"post-10334","1":"product","2":"type-product","3":"status-publish","4":"has-post-thumbnail","6":"product_cat-ensamble","7":"product_cat-fuente-de-poder","8":"product_tag-acteck","9":"product_tag-ensamble","10":"product_tag-fuente-de-poder","12":"first","13":"instock","14":"shipping-taxable","15":"purchasable","16":"product-type-simple"},"_links":{"self":[{"href":"https:\/\/www.c-enter.com.mx\/tienda\/wp-json\/wp\/v2\/product\/10334","targetHints":{"allow":["GET"]}}],"collection":[{"href":"https:\/\/www.c-enter.com.mx\/tienda\/wp-json\/wp\/v2\/product"}],"about":[{"href":"https:\/\/www.c-enter.com.mx\/tienda\/wp-json\/wp\/v2\/types\/product"}],"replies":[{"embeddable":true,"href":"https:\/\/www.c-enter.com.mx\/tienda\/wp-json\/wp\/v2\/comments?post=10334"}],"wp:featuredmedia":[{"embeddable":true,"href":"https:\/\/www.c-enter.com.mx\/tienda\/wp-json\/wp\/v2\/media\/10336"}],"wp:attachment":[{"href":"https:\/\/www.c-enter.com.mx\/tienda\/wp-json\/wp\/v2\/media?parent=10334"}],"wp:term":[{"taxonomy":"product_brand","embeddable":true,"href":"https:\/\/www.c-enter.com.mx\/tienda\/wp-json\/wp\/v2\/product_brand?post=10334"},{"taxonomy":"product_cat","embeddable":true,"href":"https:\/\/www.c-enter.com.mx\/tienda\/wp-json\/wp\/v2\/product_cat?post=10334"},{"taxonomy":"product_tag","embeddable":true,"href":"https:\/\/www.c-enter.com.mx\/tienda\/wp-json\/wp\/v2\/product_tag?post=10334"}],"curies":[{"name":"wp","href":"https:\/\/api.w.org\/{rel}","templated":true}]}}