{"id":10354,"date":"2023-12-07T12:20:17","date_gmt":"2023-12-07T18:20:17","guid":{"rendered":"https:\/\/www.c-enter.com.mx\/tienda\/?post_type=product&#038;p=10354"},"modified":"2024-06-04T12:51:44","modified_gmt":"2024-06-04T18:51:44","slug":"teclado-numerico-ghia-alambrico","status":"publish","type":"product","link":"https:\/\/www.c-enter.com.mx\/tienda\/producto\/teclado-numerico-ghia-alambrico\/","title":{"rendered":"Teclado Num\u00e9rico Ghia Al\u00e1mbrico"},"content":{"rendered":"<div>Caracter\u00edsticas principales<\/div>\n<ul>\n<li>\n<div class=\"divProductListInfoDesc\">\n<div>Interfaz:<\/div>\n<div>USB<\/div>\n<\/div>\n<\/li>\n<li>\n<div class=\"divProductListInfoDesc\">\n<div>Dispositivo apuntador:<\/div>\n<div>\n<div class=\"img_border sprite features_no\"><\/div>\n<\/div>\n<\/div>\n<\/li>\n<li>\n<div class=\"divProductListInfoDesc\">\n<div>Tecnolog\u00eda de conectividad:<\/div>\n<div>Al\u00e1mbrico<\/div>\n<\/div>\n<\/li>\n<li>\n<div class=\"divProductListInfoDesc\">\n<div>Utilizar con:<\/div>\n<div>Universal<\/div>\n<\/div>\n<\/li>\n<li>\n<div class=\"divProductListInfoDesc\">\n<div>Sistema operativo Windows soportado:<\/div>\n<div><\/div>\n<\/div>\n<\/li>\n<\/ul>\n","protected":false},"excerpt":{"rendered":"<table class=\"specs-table\" cellspacing=\"0\" cellpadding=\"5\">\n<tbody>\n<tr>\n<td class=\"fwBold\" colspan=\"2\" valign=\"top\">Puertos e Interfaces<\/td>\n<\/tr>\n<tr>\n<td valign=\"top\">Interfaz<\/td>\n<td valign=\"top\">USB<\/td>\n<\/tr>\n<tr>\n<td valign=\"top\">Tecnolog\u00eda de conectividad<\/td>\n<td valign=\"top\">Al\u00e1mbrico<\/td>\n<\/tr>\n<\/tbody>\n<\/table>\n","protected":false},"featured_media":10355,"comment_status":"open","ping_status":"closed","template":"","meta":[],"product_brand":[],"product_cat":[288,1140,278],"product_tag":[2132,657,489,516],"class_list":{"0":"post-10354","1":"product","2":"type-product","3":"status-publish","4":"has-post-thumbnail","6":"product_cat-accesorios","7":"product_cat-accesorios-para-pc","8":"product_cat-teclados","9":"product_tag-accesorios","10":"product_tag-ghia","11":"product_tag-teclado","12":"product_tag-teclado-numerico","14":"first","15":"instock","16":"shipping-taxable","17":"purchasable","18":"product-type-simple"},"_links":{"self":[{"href":"https:\/\/www.c-enter.com.mx\/tienda\/wp-json\/wp\/v2\/product\/10354","targetHints":{"allow":["GET"]}}],"collection":[{"href":"https:\/\/www.c-enter.com.mx\/tienda\/wp-json\/wp\/v2\/product"}],"about":[{"href":"https:\/\/www.c-enter.com.mx\/tienda\/wp-json\/wp\/v2\/types\/product"}],"replies":[{"embeddable":true,"href":"https:\/\/www.c-enter.com.mx\/tienda\/wp-json\/wp\/v2\/comments?post=10354"}],"wp:featuredmedia":[{"embeddable":true,"href":"https:\/\/www.c-enter.com.mx\/tienda\/wp-json\/wp\/v2\/media\/10355"}],"wp:attachment":[{"href":"https:\/\/www.c-enter.com.mx\/tienda\/wp-json\/wp\/v2\/media?parent=10354"}],"wp:term":[{"taxonomy":"product_brand","embeddable":true,"href":"https:\/\/www.c-enter.com.mx\/tienda\/wp-json\/wp\/v2\/product_brand?post=10354"},{"taxonomy":"product_cat","embeddable":true,"href":"https:\/\/www.c-enter.com.mx\/tienda\/wp-json\/wp\/v2\/product_cat?post=10354"},{"taxonomy":"product_tag","embeddable":true,"href":"https:\/\/www.c-enter.com.mx\/tienda\/wp-json\/wp\/v2\/product_tag?post=10354"}],"curies":[{"name":"wp","href":"https:\/\/api.w.org\/{rel}","templated":true}]}}