{"id":10365,"date":"2023-12-18T10:30:29","date_gmt":"2023-12-18T16:30:29","guid":{"rendered":"https:\/\/www.c-enter.com.mx\/tienda\/?post_type=product&#038;p=10365"},"modified":"2025-01-17T13:48:40","modified_gmt":"2025-01-17T19:48:40","slug":"impresora-multifuncional-inlambrica-ecotank-l3250","status":"publish","type":"product","link":"https:\/\/www.c-enter.com.mx\/tienda\/producto\/impresora-multifuncional-inlambrica-ecotank-l3250\/","title":{"rendered":"Impresora Multifuncional Inl\u00e1mbrica EcoTank L3250"},"content":{"rendered":"<div class=\"text-row\" data-classificationid=\"Print\">\n<h4><strong>Imprimir:<\/strong><\/h4>\n<hr \/>\n<p><strong>Tecnolog\u00eda de Impresi\u00f3n: <\/strong>Inyecci\u00f3n de tinta Heat-FreeTM Micro Piezo de 4 colores (CMYK)<\/p>\n<\/div>\n<div class=\"text-row\" data-classificationid=\"Print\"><strong>Resoluci\u00f3n M\u00e1xima de Impresi\u00f3n: <\/strong>Hasta 5.760 dpi x 1.440 dpi<\/div>\n<div class=\"text-row\" data-classificationid=\"Print\"><strong>Velocidad de Impresi\u00f3n ISO: <\/strong>Negro 10 ppm y color 5 ppm (A4\/carta)<\/div>\n<div class=\"text-row\" data-classificationid=\"Print\"><strong>Velocidad de Impresi\u00f3n: <\/strong>Negro 33 ppm y color 15 ppm (borrador, A4\/carta)<\/div>\n<div class=\"text-row\" data-classificationid=\"General\">\n<h4><strong>General:<\/strong><\/h4>\n<hr \/>\n<p><strong>Sistemas de Operaci\u00f3n: <\/strong>Windows Vista\u00ae \/ 7 \/ 8 \/ 8.1 \/ 10 o m\u00e1s reciente (32bit, 64bit)<br \/>\nWindows Server\u00ae 2003 (SP2) or later Mac OS X 10.5.8 o m\u00e1s reciente, Mac OS 11 o m\u00e1s reciente<\/p>\n<\/div>\n<div class=\"text-row\" data-classificationid=\"General\"><strong>Dimensiones: <\/strong>Abierto: 37.5 cm x 57.8 cm x 25.3 cm Cerrado: 37.5 cm x 34.7 cm x 17.9 cm<\/div>\n<div class=\"text-row\" data-classificationid=\"General\"><strong>Peso: <\/strong>3,9 kg<\/div>\n<div class=\"text-row\" data-classificationid=\"Copy\">\n<h4><strong>Copiar:<\/strong><\/h4>\n<hr \/>\n<p><strong>Velocidad de Copiado ISO: <\/strong>Negro 7,7 cpm y color 3,8 cpm (A4\/carta)<\/p>\n<\/div>\n<div class=\"text-row\" data-classificationid=\"Copy\"><strong>M\u00e1ximo Tama\u00f1o de Copia:<\/strong>A4\/carta &#8211; 1.200 dpi x 2.400 dpi<\/div>\n","protected":false},"excerpt":{"rendered":"<p>La Impresora multifuncional 3 en 1 Epson EcoTank L3250 ofrece a las familias, estudiantes y profesionales un costo de impresi\u00f3n ultra bajo, que te permite imprimir hasta 4.500 p\u00e1ginas en negro o 7.500 p\u00e1ginas a color con cada juego de botellas de repuesto. La EcoTank L3250 ofrece total confiabilidad gracias a la tecnolog\u00eda Heat-Free de Epson, adem\u00e1s de una experiencia de recarga f\u00e1cil, limpia y sin errores con la tecnolog\u00eda EcoFit.<\/p>\n","protected":false},"featured_media":10367,"comment_status":"open","ping_status":"closed","template":"","meta":[],"product_brand":[],"product_cat":[602,1143],"product_tag":[1389,1386,2204,2206,2207,2205,2102],"class_list":{"0":"post-10365","1":"product","2":"type-product","3":"status-publish","4":"has-post-thumbnail","6":"product_cat-impresoras","7":"product_cat-tinta-continua","8":"product_tag-ecotank-l3250","9":"product_tag-impresora","10":"product_tag-impresora-l3250","11":"product_tag-impresora-multifuncional-inlambrica-ecotank-l3250","12":"product_tag-inlambrica","13":"product_tag-l3250","14":"product_tag-tinta-continua","15":"pa_brands-epson","17":"first","18":"instock","19":"featured","20":"shipping-taxable","21":"purchasable","22":"product-type-simple"},"_links":{"self":[{"href":"https:\/\/www.c-enter.com.mx\/tienda\/wp-json\/wp\/v2\/product\/10365","targetHints":{"allow":["GET"]}}],"collection":[{"href":"https:\/\/www.c-enter.com.mx\/tienda\/wp-json\/wp\/v2\/product"}],"about":[{"href":"https:\/\/www.c-enter.com.mx\/tienda\/wp-json\/wp\/v2\/types\/product"}],"replies":[{"embeddable":true,"href":"https:\/\/www.c-enter.com.mx\/tienda\/wp-json\/wp\/v2\/comments?post=10365"}],"wp:featuredmedia":[{"embeddable":true,"href":"https:\/\/www.c-enter.com.mx\/tienda\/wp-json\/wp\/v2\/media\/10367"}],"wp:attachment":[{"href":"https:\/\/www.c-enter.com.mx\/tienda\/wp-json\/wp\/v2\/media?parent=10365"}],"wp:term":[{"taxonomy":"product_brand","embeddable":true,"href":"https:\/\/www.c-enter.com.mx\/tienda\/wp-json\/wp\/v2\/product_brand?post=10365"},{"taxonomy":"product_cat","embeddable":true,"href":"https:\/\/www.c-enter.com.mx\/tienda\/wp-json\/wp\/v2\/product_cat?post=10365"},{"taxonomy":"product_tag","embeddable":true,"href":"https:\/\/www.c-enter.com.mx\/tienda\/wp-json\/wp\/v2\/product_tag?post=10365"}],"curies":[{"name":"wp","href":"https:\/\/api.w.org\/{rel}","templated":true}]}}