{"id":7070,"date":"2021-08-14T01:33:23","date_gmt":"2021-08-14T06:33:23","guid":{"rendered":"http:\/\/www.c-enter.com.mx\/tienda\/product\/contpaqi-nominas\/"},"modified":"2023-02-20T11:21:22","modified_gmt":"2023-02-20T17:21:22","slug":"contpaqi-nominas","status":"publish","type":"product","link":"https:\/\/www.c-enter.com.mx\/tienda\/producto\/contpaqi-nominas\/","title":{"rendered":"CONTPAQI N\u00f3minas Licencia nueva y Renovacion 1 RFC para 1 Usuario"},"content":{"rendered":"<p>&nbsp;<\/p>\n<p><strong>Cumples con la disposici\u00f3n de emitir recibos electr\u00f3nicos de n\u00f3mina (CFDI)<\/strong><\/p>\n<div id=\"seccion1\" class=\"textocontenidos\">\n<div class=\"darkBlueText\">Su <strong>Administrador de Documentos Digitales (ADD)<\/strong> te permite almacenar, validar y administrar tus recibos. Puedes crear p\u00f3lizas para registrar e identificar los conceptos deducibles y no deducibles de las prestaciones otorgadas a tus empleados, de acuerdo con las disposiciones de ley. Agiliza el env\u00edo de los CFDI a tus empleados a trav\u00e9s de su entrega masiva por correo electr\u00f3nico. Genera el RFC y CURP de empleados. Revisa que cada uno de tus empleados tengan asignado el r\u00e9gimen fiscal al que pertenecen y tus conceptos de n\u00f3mina cuenten con la clave agrupadora correspondiente, a trav\u00e9s de su Reporte de Verificaci\u00f3n. Cuenta con un M\u00f3dulo de Cancelaci\u00f3n para CFDI y de este modo puedas volver a emitirlos. Te permite manejar varios registros patronales con su respectiva localidad para emitir tus CFDI, en caso de que tengan sucursales. Timbras tus CFDI de forma directa sin intervenci\u00f3n de un tercero, ya que somos PAC. Cuenta con un m\u00f3dulo de finiquito<u><\/u><\/div>\n<\/div>\n<p><strong>Facilita la administraci\u00f3n de su n\u00f3mina<\/strong><\/p>\n<div id=\"seccion2\" class=\"textocontenidos\">\n<div class=\"darkBlueText\">Realiza un mejor seguimiento a los cr\u00e9ditos FONACOT de tus trabajadores, ya que permite: Controlar varios cr\u00e9ditos de forma simult\u00e1nea, realizar una simulaci\u00f3n de c\u00e1lculos, consultar los estados de cuenta de los cr\u00e9ditos. Su M\u00f3dulo de C\u00e1lculo Anual, te permite: Generar cartas de aviso de no presentaci\u00f3n, realizar de forma masiva constancias de percepciones y deducciones Forma 37, calcular el ISR que le corresponde a cada empleado anualmente.<\/div>\n<\/div>\n<div>\n<div class=\"contentText textocontenidos\" align=\"justify\">\n<ul class=\"ulbeneficios\">\n<li class=\"ligasbeneficios\"><strong>Est\u00e1s al d\u00eda con tus obligaciones obrero-patronales<\/strong><\/li>\n<li class=\"ligasbeneficios\"><strong>Tienes la certeza de que los c\u00e1lculos del IMSS e INFONAVIT son correctos<\/strong><\/li>\n<li class=\"ligasbeneficios\"><strong>Se adapta f\u00e1cilmente al manejo de tu n\u00f3mina<\/strong><\/li>\n<li class=\"ligasbeneficios\"><strong>Agiliza la consulta de la informaci\u00f3n de tu n\u00f3mina<\/strong><\/li>\n<li class=\"ligasbeneficios\"><strong>Es muy f\u00e1cil de usar<\/strong><\/li>\n<li class=\"ligasbeneficios\"><strong>Ahorras tiempo al integrarlo con otros procesos<\/strong><\/li>\n<\/ul>\n<\/div>\n<\/div>\n<p>&nbsp;<\/p>\n","protected":false},"excerpt":{"rendered":"<p><span style=\"font-size: 12pt;\"><strong>CONTPAQi N\u00f3minas<\/strong> es el sistema para administraci\u00f3n de la n\u00f3mina que se adapta de manera f\u00e1cil a tus procesos de c\u00e1lculo, te ayuda a cumplir con todas las obligaciones de ley y hacer un pago a tiempo a tus empleados.Facilita su trabajo a noministas, contadores y encargados de recursos humanos de todo perfil de empresas.<\/span><\/p>\n","protected":false},"featured_media":9317,"comment_status":"closed","ping_status":"closed","template":"","meta":[],"product_brand":[],"product_cat":[1787,1783,313],"product_tag":[1788,1758,316,400],"class_list":{"0":"post-7070","1":"product","2":"type-product","3":"status-publish","4":"has-post-thumbnail","6":"product_cat-nominas","7":"product_cat-procesos-contables","8":"product_cat-sistemas-contpaqi","9":"product_tag-1-rfc","10":"product_tag-1-usuario","11":"product_tag-contpaqi","12":"product_tag-nominas","13":"pa_brands-contpaqi","15":"first","16":"instock","17":"shipping-taxable","18":"purchasable","19":"product-type-simple"},"_links":{"self":[{"href":"https:\/\/www.c-enter.com.mx\/tienda\/wp-json\/wp\/v2\/product\/7070","targetHints":{"allow":["GET"]}}],"collection":[{"href":"https:\/\/www.c-enter.com.mx\/tienda\/wp-json\/wp\/v2\/product"}],"about":[{"href":"https:\/\/www.c-enter.com.mx\/tienda\/wp-json\/wp\/v2\/types\/product"}],"replies":[{"embeddable":true,"href":"https:\/\/www.c-enter.com.mx\/tienda\/wp-json\/wp\/v2\/comments?post=7070"}],"wp:featuredmedia":[{"embeddable":true,"href":"https:\/\/www.c-enter.com.mx\/tienda\/wp-json\/wp\/v2\/media\/9317"}],"wp:attachment":[{"href":"https:\/\/www.c-enter.com.mx\/tienda\/wp-json\/wp\/v2\/media?parent=7070"}],"wp:term":[{"taxonomy":"product_brand","embeddable":true,"href":"https:\/\/www.c-enter.com.mx\/tienda\/wp-json\/wp\/v2\/product_brand?post=7070"},{"taxonomy":"product_cat","embeddable":true,"href":"https:\/\/www.c-enter.com.mx\/tienda\/wp-json\/wp\/v2\/product_cat?post=7070"},{"taxonomy":"product_tag","embeddable":true,"href":"https:\/\/www.c-enter.com.mx\/tienda\/wp-json\/wp\/v2\/product_tag?post=7070"}],"curies":[{"name":"wp","href":"https:\/\/api.w.org\/{rel}","templated":true}]}}