{"id":7075,"date":"2021-08-14T01:33:32","date_gmt":"2021-08-14T06:33:32","guid":{"rendered":"http:\/\/www.c-enter.com.mx\/tienda\/product\/contpaqi-xml-en-linea\/"},"modified":"2023-02-20T11:22:03","modified_gmt":"2023-02-20T17:22:03","slug":"contpaqi-xml-en-linea","status":"publish","type":"product","link":"https:\/\/www.c-enter.com.mx\/tienda\/producto\/contpaqi-xml-en-linea\/","title":{"rendered":"CONTPAQI XML en L\u00ednea+ Licencia Nueva y Renovaci\u00f3n (Multiempresa y Multiusuario)"},"content":{"rendered":"<div class=\"zprow zpalign-items-flex-start zpjustify-content-flex-start \" data-element-id=\"elm_DwdcDr7FZ8ycfuctjCmXWw\" data-element-type=\"row\">\n<div class=\"zpelem-col zpcol-md-4 zpcol-sm-12 zpalign-self- zpdefault-section zpdefault-section-bg \" data-element-id=\"elm_4tPTrbf15Ht2w8aYdcT5IA\" data-element-type=\"column\">\n<div class=\"zpelement zpelem-iconheadingtext \" data-element-id=\"elm_i9w03ltHLq5cHYPjbK05UQ\" data-element-type=\"iconHeadingText\">\n<div class=\"zpicon-container zpicon-align-left \">\n<div><strong>Agrega RFCs en nuestro nuevo cat\u00e1logo<\/strong><\/div>\n<div class=\"zpicon-text-container \" data-editor=\"true\">\n<p>Con\u00e9ctate autom\u00e1ticamente al portal del SAT para recuperar y descargar los archivos XML de tus facturas electr\u00f3nicas que has perdido o aquellos que nunca recibiste.<\/p>\n<\/div>\n<\/div>\n<\/div>\n<\/div>\n<div class=\"zpelem-col zpcol-md-4 zpcol-sm-12 zpalign-self- zpdefault-section zpdefault-section-bg \" data-element-id=\"elm_l2qNxGGZchBhte6qJ5K3DQ\" data-element-type=\"column\">\n<div class=\"zpelement zpelem-iconheadingtext \" data-element-id=\"elm_Ml0Y5Pcw1UuUfFlDs8BhLQ\" data-element-type=\"iconHeadingText\">\n<div class=\"zpicon-container zpicon-align-left \">\n<p class=\"zpicon-heading \" data-editor=\"true\"><strong>Descarga CFDIs ilimitados<\/strong><\/p>\n<div class=\"zpicon-text-container \" data-editor=\"true\">\n<div>\n<div>\n<p>Descarga m\u00e1s de 2,000 CDFI por solicitud y agiliza tu contabilidad electr\u00f3nica.<\/p>\n<\/div>\n<\/div>\n<\/div>\n<\/div>\n<\/div>\n<\/div>\n<div class=\"zpelem-col zpcol-md-4 zpcol-sm-12 zpalign-self- zpdefault-section zpdefault-section-bg \" data-element-id=\"elm_toIRhTCZOrN8kTiFosLHgw\" data-element-type=\"column\">\n<div class=\"zpelement zpelem-iconheadingtext \" data-element-id=\"elm_PpEMaZ5i6wKkbL5cO3cqsg\" data-element-type=\"iconHeadingText\">\n<div class=\"zpicon-container zpicon-align-left \">\n<p class=\"zpicon-heading \" data-editor=\"true\"><strong>Obt\u00e9n una plataforma flexible y f\u00e1cil de usar<\/strong><\/p>\n<div class=\"zpicon-text-container \" data-editor=\"true\">\n<div>\n<div>\n<div>\n<div>\n<p>Selecciona de forma r\u00e1pida la informaci\u00f3n y obt\u00e9n reportes en Excel que te ayudar\u00e1n a tomat mejores decisiones.<\/p>\n<\/div>\n<\/div>\n<\/div>\n<\/div>\n<\/div>\n<\/div>\n<\/div>\n<\/div>\n<\/div>\n<div class=\"zprow zpalign-items-flex-start zpjustify-content-flex-start \" data-element-id=\"elm_osqpv9JkwjasX3aERa1s8A\" data-element-type=\"row\">\n<div class=\"zpelem-col zpcol-md-4 zpcol-sm-12 zpalign-self- zpdefault-section zpdefault-section-bg \" data-element-id=\"elm_nBF5UmrQrS85jMUhV9HZaQ\" data-element-type=\"column\">\n<div class=\"zpelement zpelem-iconheadingtext \" data-element-id=\"elm_WRVAHZukSuNsQqzKukOqzg\" data-element-type=\"iconHeadingText\">\n<div class=\"zpicon-container zpicon-align-left \">\n<p class=\"zpicon-heading \" data-editor=\"true\"><strong>Nuevo panel de solicitudes de descargas<\/strong><\/p>\n<div class=\"zpicon-text-container \" data-editor=\"true\">\n<p>Lleva el control de tus solicitudes de descargas y mejora la administraci\u00f3n de tu informaci\u00f3n.<\/p>\n<\/div>\n<\/div>\n<\/div>\n<\/div>\n<div class=\"zpelem-col zpcol-md-4 zpcol-sm-12 zpalign-self- zpdefault-section zpdefault-section-bg \" data-element-id=\"elm_Bn5dowPgQyJIU7C-shPGUA\" data-element-type=\"column\">\n<div class=\"zpelement zpelem-iconheadingtext \" data-element-id=\"elm_rc2MjjjPFB50rpQ4H7uIDQ\" data-element-type=\"iconHeadingText\">\n<div class=\"zpicon-container zpicon-align-left \">\n<p class=\"zpicon-heading \" data-editor=\"true\"><strong>Cumple con la Contabilidad Electr\u00f3nica<\/strong><\/p>\n<div class=\"zpicon-text-container \" data-editor=\"true\">\n<p>Conecta tu informaci\u00f3n con otros sistemas CONTPAQi\u00ae, carga los archivos XML de tus CFDI al ADD (Administrador de Documentos Digitales) y verifica la validez de tus comprobantes.<\/p>\n<\/div>\n<\/div>\n<\/div>\n<\/div>\n<\/div>\n","protected":false},"excerpt":{"rendered":"<p><strong>CONTPAQi XML en l\u00ednea <\/strong> es una aplicaci\u00f3n Desktop que simplifica el proceso de b\u00fasqueda y descarga de tus archivos XML para procesar y agilizar la gesti\u00f3n de tus Comprobantes Fiscales Digitales por Internet (CFDI).<\/p>\n","protected":false},"featured_media":9325,"comment_status":"closed","ping_status":"closed","template":"","meta":[],"product_brand":[],"product_cat":[1783,313,1792],"product_tag":[316,404],"class_list":{"0":"post-7075","1":"product","2":"type-product","3":"status-publish","4":"has-post-thumbnail","6":"product_cat-procesos-contables","7":"product_cat-sistemas-contpaqi","8":"product_cat-xml-en-linea","9":"product_tag-contpaqi","10":"product_tag-xml-en-linea","11":"pa_brands-contpaqi","13":"first","14":"instock","15":"shipping-taxable","16":"purchasable","17":"product-type-simple"},"_links":{"self":[{"href":"https:\/\/www.c-enter.com.mx\/tienda\/wp-json\/wp\/v2\/product\/7075","targetHints":{"allow":["GET"]}}],"collection":[{"href":"https:\/\/www.c-enter.com.mx\/tienda\/wp-json\/wp\/v2\/product"}],"about":[{"href":"https:\/\/www.c-enter.com.mx\/tienda\/wp-json\/wp\/v2\/types\/product"}],"replies":[{"embeddable":true,"href":"https:\/\/www.c-enter.com.mx\/tienda\/wp-json\/wp\/v2\/comments?post=7075"}],"wp:featuredmedia":[{"embeddable":true,"href":"https:\/\/www.c-enter.com.mx\/tienda\/wp-json\/wp\/v2\/media\/9325"}],"wp:attachment":[{"href":"https:\/\/www.c-enter.com.mx\/tienda\/wp-json\/wp\/v2\/media?parent=7075"}],"wp:term":[{"taxonomy":"product_brand","embeddable":true,"href":"https:\/\/www.c-enter.com.mx\/tienda\/wp-json\/wp\/v2\/product_brand?post=7075"},{"taxonomy":"product_cat","embeddable":true,"href":"https:\/\/www.c-enter.com.mx\/tienda\/wp-json\/wp\/v2\/product_cat?post=7075"},{"taxonomy":"product_tag","embeddable":true,"href":"https:\/\/www.c-enter.com.mx\/tienda\/wp-json\/wp\/v2\/product_tag?post=7075"}],"curies":[{"name":"wp","href":"https:\/\/api.w.org\/{rel}","templated":true}]}}