{"id":7192,"date":"2021-08-14T01:34:34","date_gmt":"2021-08-14T06:34:34","guid":{"rendered":"http:\/\/www.c-enter.com.mx\/tienda\/product\/memoria-usb-16gb-sandisk\/"},"modified":"2023-11-08T14:39:16","modified_gmt":"2023-11-08T20:39:16","slug":"memoria-usb-16gb-sandisk","status":"publish","type":"product","link":"https:\/\/www.c-enter.com.mx\/tienda\/producto\/memoria-usb-16gb-sandisk\/","title":{"rendered":"Memoria Usb 16gb Sandisk"},"content":{"rendered":"<p>Cuenta con un acabado liso y con chorro de arena bordes met\u00e1licos, dando como resultado una alta calidad de dispositivo de almacenamiento de datos de car\u00e1cter personal de forma visible con estilo. Se construye a partir de aleaci\u00f3n de zinc, por lo que es significativamente m\u00e1s resistente que las unidades flash USB de pl\u00e1stico.<\/p>\n<p>&nbsp;<\/p>\n","protected":false},"excerpt":{"rendered":"<p>Duradera y con estilo<br \/>\nUnidad port\u00e1til para facilitar el almacenamiento de archivos<br \/>\nEl software SanDisk SecureAccess protege tus archivos privados.<\/p>\n<p>&nbsp;<\/p>\n","protected":false},"featured_media":6511,"comment_status":"closed","ping_status":"closed","template":"","meta":[],"product_brand":[],"product_cat":[249],"product_tag":[382,474,539,392],"class_list":{"0":"post-7192","1":"product","2":"type-product","3":"status-publish","4":"has-post-thumbnail","6":"product_cat-memorias-usb","7":"product_tag-16gb","8":"product_tag-memoria-usb","9":"product_tag-sandisk","10":"product_tag-usb","12":"first","13":"instock","14":"shipping-taxable","15":"purchasable","16":"product-type-simple"},"_links":{"self":[{"href":"https:\/\/www.c-enter.com.mx\/tienda\/wp-json\/wp\/v2\/product\/7192","targetHints":{"allow":["GET"]}}],"collection":[{"href":"https:\/\/www.c-enter.com.mx\/tienda\/wp-json\/wp\/v2\/product"}],"about":[{"href":"https:\/\/www.c-enter.com.mx\/tienda\/wp-json\/wp\/v2\/types\/product"}],"replies":[{"embeddable":true,"href":"https:\/\/www.c-enter.com.mx\/tienda\/wp-json\/wp\/v2\/comments?post=7192"}],"wp:featuredmedia":[{"embeddable":true,"href":"https:\/\/www.c-enter.com.mx\/tienda\/wp-json\/wp\/v2\/media\/6511"}],"wp:attachment":[{"href":"https:\/\/www.c-enter.com.mx\/tienda\/wp-json\/wp\/v2\/media?parent=7192"}],"wp:term":[{"taxonomy":"product_brand","embeddable":true,"href":"https:\/\/www.c-enter.com.mx\/tienda\/wp-json\/wp\/v2\/product_brand?post=7192"},{"taxonomy":"product_cat","embeddable":true,"href":"https:\/\/www.c-enter.com.mx\/tienda\/wp-json\/wp\/v2\/product_cat?post=7192"},{"taxonomy":"product_tag","embeddable":true,"href":"https:\/\/www.c-enter.com.mx\/tienda\/wp-json\/wp\/v2\/product_tag?post=7192"}],"curies":[{"name":"wp","href":"https:\/\/api.w.org\/{rel}","templated":true}]}}