{"id":7386,"date":"2021-08-14T01:36:12","date_gmt":"2021-08-14T06:36:12","guid":{"rendered":"http:\/\/www.c-enter.com.mx\/tienda\/product\/disco-duro-externo-adara-hv620s-2tb\/"},"modified":"2023-12-01T11:12:39","modified_gmt":"2023-12-01T17:12:39","slug":"disco-duro-externo-adara-hv620s-2tb","status":"publish","type":"product","link":"https:\/\/www.c-enter.com.mx\/tienda\/producto\/disco-duro-externo-adara-hv620s-2tb\/","title":{"rendered":"Disco Duro Externo Adata HV620S\/ 1Tb Azul"},"content":{"rendered":"<p>La unidad externa HV620S es su mejor elecci\u00f3n, con l\u00edneas sutiles y generosas al mismo tiempo, su acabado en mate hace que sea f\u00e1cil de coger evitando dejar manchas y huellas dactilares en la superficie. Con su interfaz SuperSpeed USB 3.0, EL HV620S es la soluci\u00f3n ideal para todas sus necesidades de almacenamiento de datos.<\/p>\n","protected":false},"excerpt":{"rendered":"<p>Dise\u00f1o elegante de impacto por arena<br \/>\nIndicador LED azul resplandeciente<br \/>\nEspecificaciones del \u00faltimo hardware e interfaz<br \/>\nG Shock Sensor Protection<br \/>\nSuper-Speed USB 3.0<br \/>\nLa capacidad que necesita<\/p>\n<p>&nbsp;<\/p>\n<p>&nbsp;<\/p>\n","protected":false},"featured_media":9796,"comment_status":"closed","ping_status":"closed","template":"","meta":[],"product_brand":[],"product_cat":[245,246,247],"product_tag":[577,328,225,226,227],"class_list":{"0":"post-7386","1":"product","2":"type-product","3":"status-publish","4":"has-post-thumbnail","6":"product_cat-almacenamiento","7":"product_cat-almacenamiento-portatil","8":"product_cat-discos-duros-externos","9":"product_tag-1000gb","10":"product_tag-1tb","11":"product_tag-almacenamiento-externo","12":"product_tag-disco-duro-adata","13":"product_tag-disco-duro-externo","14":"pa_brands-adata","16":"first","17":"instock","18":"shipping-taxable","19":"purchasable","20":"product-type-simple"},"_links":{"self":[{"href":"https:\/\/www.c-enter.com.mx\/tienda\/wp-json\/wp\/v2\/product\/7386","targetHints":{"allow":["GET"]}}],"collection":[{"href":"https:\/\/www.c-enter.com.mx\/tienda\/wp-json\/wp\/v2\/product"}],"about":[{"href":"https:\/\/www.c-enter.com.mx\/tienda\/wp-json\/wp\/v2\/types\/product"}],"replies":[{"embeddable":true,"href":"https:\/\/www.c-enter.com.mx\/tienda\/wp-json\/wp\/v2\/comments?post=7386"}],"wp:featuredmedia":[{"embeddable":true,"href":"https:\/\/www.c-enter.com.mx\/tienda\/wp-json\/wp\/v2\/media\/9796"}],"wp:attachment":[{"href":"https:\/\/www.c-enter.com.mx\/tienda\/wp-json\/wp\/v2\/media?parent=7386"}],"wp:term":[{"taxonomy":"product_brand","embeddable":true,"href":"https:\/\/www.c-enter.com.mx\/tienda\/wp-json\/wp\/v2\/product_brand?post=7386"},{"taxonomy":"product_cat","embeddable":true,"href":"https:\/\/www.c-enter.com.mx\/tienda\/wp-json\/wp\/v2\/product_cat?post=7386"},{"taxonomy":"product_tag","embeddable":true,"href":"https:\/\/www.c-enter.com.mx\/tienda\/wp-json\/wp\/v2\/product_tag?post=7386"}],"curies":[{"name":"wp","href":"https:\/\/api.w.org\/{rel}","templated":true}]}}