{"id":7619,"date":"2021-08-14T01:37:44","date_gmt":"2021-08-14T06:37:44","guid":{"rendered":"http:\/\/www.c-enter.com.mx\/tienda\/product\/audifonos-gaming-alambricos-ocelot-ogeh02\/"},"modified":"2024-03-07T09:48:12","modified_gmt":"2024-03-07T15:48:12","slug":"audifonos-gaming-alambricos-ocelot-ogeh02","status":"publish","type":"product","link":"https:\/\/www.c-enter.com.mx\/tienda\/producto\/audifonos-gaming-alambricos-ocelot-ogeh02\/","title":{"rendered":"Aud\u00edfonos Gaming Al\u00e1mbricos Ocelot OGEH02"},"content":{"rendered":"<p>Los Headset Ocelot son auriculares para Gaming, cuentan con alta fidelidad de sonido que te brindar\u00e1 un mejor rendimiento de audio con calidad. Cuentan con micr\u00f3fono con cancelaci\u00f3n de ruido para que puedas tener una pl\u00e1tica mucho m\u00e1s clara con tus compa\u00f1eros mientras juegan. Cuentan con un dise\u00f1o ligero y c\u00f3modo para que puedas pasar largas horas de juego.<\/p>\n<p>&nbsp;<\/p>\n","protected":false},"excerpt":{"rendered":"<ul style=\"list-style-type: circle;\">\n<li>Dise\u00f1o gaming<\/li>\n<li>Iluminaci\u00f3n rgb<\/li>\n<li>Micr\u00f3fono con cancelaci\u00f3n de ruido<\/li>\n<li>Interfaz 3.5 mm<\/li>\n<li>Adaptador de audio para pc<\/li>\n<li>Control de volumen<\/li>\n<\/ul>\n","protected":false},"featured_media":5404,"comment_status":"closed","ping_status":"closed","template":"","meta":[],"product_brand":[],"product_cat":[288,266,274],"product_tag":[509,918,277,1071,510,1129],"class_list":{"0":"post-7619","1":"product","2":"type-product","3":"status-publish","4":"has-post-thumbnail","6":"product_cat-accesorios","7":"product_cat-audio","8":"product_cat-auriculares-y-diademas","9":"product_tag-audifonos","10":"product_tag-audifonos-gaming","11":"product_tag-auriculares","12":"product_tag-auriculares-gaming","13":"product_tag-diadema","14":"product_tag-ogeh02","16":"first","17":"instock","18":"shipping-taxable","19":"purchasable","20":"product-type-simple"},"_links":{"self":[{"href":"https:\/\/www.c-enter.com.mx\/tienda\/wp-json\/wp\/v2\/product\/7619","targetHints":{"allow":["GET"]}}],"collection":[{"href":"https:\/\/www.c-enter.com.mx\/tienda\/wp-json\/wp\/v2\/product"}],"about":[{"href":"https:\/\/www.c-enter.com.mx\/tienda\/wp-json\/wp\/v2\/types\/product"}],"replies":[{"embeddable":true,"href":"https:\/\/www.c-enter.com.mx\/tienda\/wp-json\/wp\/v2\/comments?post=7619"}],"wp:featuredmedia":[{"embeddable":true,"href":"https:\/\/www.c-enter.com.mx\/tienda\/wp-json\/wp\/v2\/media\/5404"}],"wp:attachment":[{"href":"https:\/\/www.c-enter.com.mx\/tienda\/wp-json\/wp\/v2\/media?parent=7619"}],"wp:term":[{"taxonomy":"product_brand","embeddable":true,"href":"https:\/\/www.c-enter.com.mx\/tienda\/wp-json\/wp\/v2\/product_brand?post=7619"},{"taxonomy":"product_cat","embeddable":true,"href":"https:\/\/www.c-enter.com.mx\/tienda\/wp-json\/wp\/v2\/product_cat?post=7619"},{"taxonomy":"product_tag","embeddable":true,"href":"https:\/\/www.c-enter.com.mx\/tienda\/wp-json\/wp\/v2\/product_tag?post=7619"}],"curies":[{"name":"wp","href":"https:\/\/api.w.org\/{rel}","templated":true}]}}