{"id":8366,"date":"2022-12-08T11:13:34","date_gmt":"2022-12-08T17:13:34","guid":{"rendered":"https:\/\/www.c-enter.com.mx\/tienda\/?post_type=product&#038;p=8366"},"modified":"2024-03-07T10:08:54","modified_gmt":"2024-03-07T16:08:54","slug":"aire-comprimido-ghia-440ml","status":"publish","type":"product","link":"https:\/\/www.c-enter.com.mx\/tienda\/producto\/aire-comprimido-ghia-440ml\/","title":{"rendered":"Aire Comprimido Ghia  440ml"},"content":{"rendered":"<p>Cuida tus componentes: Limpia tu equipo de c\u00f3mputo sin da\u00f1ar los elementos electr\u00f3nicos (realice la limpieza con el equipo apagado).<\/p>\n<p>Alcanza los lugares m\u00e1s dif\u00edciles: Su \u00fatil extensor te permitir\u00e1 aplicar una descarga de aire a\u00fan en los sitios de dif\u00edcil acceso o que requieren de mucha precisi\u00f3n.<\/p>\n<p>Multiprop\u00f3sito: Limpia tu equipo de c\u00f3mputo, consola de videojuegos, equipo de vigilancia, electr\u00f3nicos, etc.<\/p>\n<p>Cuida el medio ambiente: no da\u00f1a la capa de ozono, ya que es libre de CFC y HFC\u00b4s<\/p>\n<p>Contenido: 440ml.<\/p>\n","protected":false},"excerpt":{"rendered":"<p>Marca: Ghia<\/p>\n<p>Modelo: GLS-002<\/p>\n","protected":false},"featured_media":8367,"comment_status":"open","ping_status":"closed","template":"","meta":[],"product_brand":[],"product_cat":[288,1140,289],"product_tag":[1383,1377,1378,657,1382,406],"class_list":{"0":"post-8366","1":"product","2":"type-product","3":"status-publish","4":"has-post-thumbnail","6":"product_cat-accesorios","7":"product_cat-accesorios-para-pc","8":"product_cat-limpieza","9":"product_tag-440ml","10":"product_tag-aire","11":"product_tag-comprimido","12":"product_tag-ghia","13":"product_tag-gls-002","14":"product_tag-removedor-de-polvo","15":"pa_brands-ghia","17":"first","18":"instock","19":"shipping-taxable","20":"purchasable","21":"product-type-simple"},"_links":{"self":[{"href":"https:\/\/www.c-enter.com.mx\/tienda\/wp-json\/wp\/v2\/product\/8366","targetHints":{"allow":["GET"]}}],"collection":[{"href":"https:\/\/www.c-enter.com.mx\/tienda\/wp-json\/wp\/v2\/product"}],"about":[{"href":"https:\/\/www.c-enter.com.mx\/tienda\/wp-json\/wp\/v2\/types\/product"}],"replies":[{"embeddable":true,"href":"https:\/\/www.c-enter.com.mx\/tienda\/wp-json\/wp\/v2\/comments?post=8366"}],"wp:featuredmedia":[{"embeddable":true,"href":"https:\/\/www.c-enter.com.mx\/tienda\/wp-json\/wp\/v2\/media\/8367"}],"wp:attachment":[{"href":"https:\/\/www.c-enter.com.mx\/tienda\/wp-json\/wp\/v2\/media?parent=8366"}],"wp:term":[{"taxonomy":"product_brand","embeddable":true,"href":"https:\/\/www.c-enter.com.mx\/tienda\/wp-json\/wp\/v2\/product_brand?post=8366"},{"taxonomy":"product_cat","embeddable":true,"href":"https:\/\/www.c-enter.com.mx\/tienda\/wp-json\/wp\/v2\/product_cat?post=8366"},{"taxonomy":"product_tag","embeddable":true,"href":"https:\/\/www.c-enter.com.mx\/tienda\/wp-json\/wp\/v2\/product_tag?post=8366"}],"curies":[{"name":"wp","href":"https:\/\/api.w.org\/{rel}","templated":true}]}}