{"id":8444,"date":"2022-12-15T16:19:31","date_gmt":"2022-12-15T22:19:31","guid":{"rendered":"https:\/\/www.c-enter.com.mx\/tienda\/?post_type=product&#038;p=8444"},"modified":"2023-12-01T09:58:27","modified_gmt":"2023-12-01T15:58:27","slug":"cable-monitor-vga-8mm-hd15m-m-3-0m-311748","status":"publish","type":"product","link":"https:\/\/www.c-enter.com.mx\/tienda\/producto\/cable-monitor-vga-8mm-hd15m-m-3-0m-311748\/","title":{"rendered":"Cable Monitor Vga 8mm HD15M-M 3.0M 311748"},"content":{"rendered":"<p>Conexiones confiables para una calidad superior de se\u00f1al. Los Cables SVGA MANHATTAN se conectan con facilidad a un monitor y una computadora o port\u00e1til. Ideales para su uso con video splitters, switches KVM y con cualquier equipo con conectores HD15, computadora o dispositivo. Los Cables SVGA MANHATTAN est\u00e1n dise\u00f1ados y construidos con materiales de calidad para entregar transmisiones de v\u00eddeo confiables. Completamente blindados, con terminales moldeadas con una construcci\u00f3n a prueba de tensiones y cables mini coaxial (RGB) y par de v\u00eddeo proporcionan una m\u00e1xima conductividad e im\u00e1genes claras con reducci\u00f3n de interferencias y distorsi\u00f3n sobre largas distancias.<\/p>\n","protected":false},"excerpt":{"rendered":"<p>Marca: Manhattan<\/p>\n<p>Color: Negro<\/p>\n","protected":false},"featured_media":8445,"comment_status":"open","ping_status":"closed","template":"","meta":[],"product_brand":[],"product_cat":[288,1140,345,346],"product_tag":[1424,1425,1422,932,1419,1423,556],"class_list":{"0":"post-8444","1":"product","2":"type-product","3":"status-publish","4":"has-post-thumbnail","6":"product_cat-accesorios","7":"product_cat-accesorios-para-pc","8":"product_cat-cables-2","9":"product_cat-cables-de-video","10":"product_tag-1424","11":"product_tag-3m","12":"product_tag-8mm","13":"product_tag-cable-de-video","14":"product_tag-cable-monitor","15":"product_tag-hd15m","16":"product_tag-vga","17":"pa_brands-manhattan","19":"first","20":"instock","21":"shipping-taxable","22":"purchasable","23":"product-type-simple"},"_links":{"self":[{"href":"https:\/\/www.c-enter.com.mx\/tienda\/wp-json\/wp\/v2\/product\/8444","targetHints":{"allow":["GET"]}}],"collection":[{"href":"https:\/\/www.c-enter.com.mx\/tienda\/wp-json\/wp\/v2\/product"}],"about":[{"href":"https:\/\/www.c-enter.com.mx\/tienda\/wp-json\/wp\/v2\/types\/product"}],"replies":[{"embeddable":true,"href":"https:\/\/www.c-enter.com.mx\/tienda\/wp-json\/wp\/v2\/comments?post=8444"}],"wp:featuredmedia":[{"embeddable":true,"href":"https:\/\/www.c-enter.com.mx\/tienda\/wp-json\/wp\/v2\/media\/8445"}],"wp:attachment":[{"href":"https:\/\/www.c-enter.com.mx\/tienda\/wp-json\/wp\/v2\/media?parent=8444"}],"wp:term":[{"taxonomy":"product_brand","embeddable":true,"href":"https:\/\/www.c-enter.com.mx\/tienda\/wp-json\/wp\/v2\/product_brand?post=8444"},{"taxonomy":"product_cat","embeddable":true,"href":"https:\/\/www.c-enter.com.mx\/tienda\/wp-json\/wp\/v2\/product_cat?post=8444"},{"taxonomy":"product_tag","embeddable":true,"href":"https:\/\/www.c-enter.com.mx\/tienda\/wp-json\/wp\/v2\/product_tag?post=8444"}],"curies":[{"name":"wp","href":"https:\/\/api.w.org\/{rel}","templated":true}]}}