{"id":8835,"date":"2023-01-04T14:59:43","date_gmt":"2023-01-04T20:59:43","guid":{"rendered":"https:\/\/www.c-enter.com.mx\/tienda\/?post_type=product&#038;p=8835"},"modified":"2023-11-27T10:30:42","modified_gmt":"2023-11-27T16:30:42","slug":"audifonos-alambricos-lfacoustics-rosa","status":"publish","type":"product","link":"https:\/\/www.c-enter.com.mx\/tienda\/producto\/audifonos-alambricos-lfacoustics-rosa\/","title":{"rendered":"Aud\u00edfonos Al\u00e1mbricos Lfacoustics Rosa"},"content":{"rendered":"<p>Material: Pl\u00e1stico<br \/>\nConector: 3.5 Mm<br \/>\nLongitud Del Cable: 1.1 M<br \/>\nControles: Responder &#8211; Colgar Llamada \/ Control De Reproducci\u00f3n De M\u00fasica<br \/>\nAlimentaci\u00f3n: 4,5 Vc.C. 100 Ma<br \/>\nSensibilidad De Altavoz: 120 +- 3 Db<br \/>\nPotencia M\u00e1xima: 20 Mw<br \/>\nImpedancia: 32 Ohm<br \/>\nSensibilidad De Micr\u00f3fono: &#8211; 42 +- 3 Db<br \/>\nDimensiones: 15 Cm * 6.5 Cm * 18.5 Cm<\/p>\n","protected":false},"excerpt":{"rendered":"<p>Marca: Lfacoustics<\/p>\n<p>Color: Rosa<\/p>\n","protected":false},"featured_media":8836,"comment_status":"open","ping_status":"closed","template":"","meta":[],"product_brand":[],"product_cat":[288,266,274],"product_tag":[276,509,277,510,1585],"class_list":{"0":"post-8835","1":"product","2":"type-product","3":"status-publish","4":"has-post-thumbnail","6":"product_cat-accesorios","7":"product_cat-audio","8":"product_cat-auriculares-y-diademas","9":"product_tag-alambricos","10":"product_tag-audifonos","11":"product_tag-auriculares","12":"product_tag-diadema","13":"product_tag-lfacoustics","15":"first","16":"instock","17":"shipping-taxable","18":"purchasable","19":"product-type-simple"},"_links":{"self":[{"href":"https:\/\/www.c-enter.com.mx\/tienda\/wp-json\/wp\/v2\/product\/8835","targetHints":{"allow":["GET"]}}],"collection":[{"href":"https:\/\/www.c-enter.com.mx\/tienda\/wp-json\/wp\/v2\/product"}],"about":[{"href":"https:\/\/www.c-enter.com.mx\/tienda\/wp-json\/wp\/v2\/types\/product"}],"replies":[{"embeddable":true,"href":"https:\/\/www.c-enter.com.mx\/tienda\/wp-json\/wp\/v2\/comments?post=8835"}],"wp:featuredmedia":[{"embeddable":true,"href":"https:\/\/www.c-enter.com.mx\/tienda\/wp-json\/wp\/v2\/media\/8836"}],"wp:attachment":[{"href":"https:\/\/www.c-enter.com.mx\/tienda\/wp-json\/wp\/v2\/media?parent=8835"}],"wp:term":[{"taxonomy":"product_brand","embeddable":true,"href":"https:\/\/www.c-enter.com.mx\/tienda\/wp-json\/wp\/v2\/product_brand?post=8835"},{"taxonomy":"product_cat","embeddable":true,"href":"https:\/\/www.c-enter.com.mx\/tienda\/wp-json\/wp\/v2\/product_cat?post=8835"},{"taxonomy":"product_tag","embeddable":true,"href":"https:\/\/www.c-enter.com.mx\/tienda\/wp-json\/wp\/v2\/product_tag?post=8835"}],"curies":[{"name":"wp","href":"https:\/\/api.w.org\/{rel}","templated":true}]}}