{"id":9184,"date":"2023-01-18T15:06:11","date_gmt":"2023-01-18T21:06:11","guid":{"rendered":"https:\/\/www.c-enter.com.mx\/tienda\/?post_type=product&#038;p=9184"},"modified":"2025-01-27T14:20:15","modified_gmt":"2025-01-27T20:20:15","slug":"memoria-kingston-32gb-datatraveler-exodia-negro-tapa-movil","status":"publish","type":"product","link":"https:\/\/www.c-enter.com.mx\/tienda\/producto\/memoria-kingston-32gb-datatraveler-exodia-negro-tapa-movil\/","title":{"rendered":"Memoria Kingston 32gb Datatraveler Exodia Negro\/Tapa Movil"},"content":{"rendered":"<ul>\n<li>Cuenta con capacidad de 32 GB para que no te haga falta espacio a la hora de guardar videos, im\u00e1genes, fotograf\u00edas o archivos.<\/li>\n<li>Est\u00e1 equipado con conector USB 3.2 Gen 1 que maximiza la transferencia de informaci\u00f3n te brinda una mayor velocidad de lectura.<\/li>\n<li>Podr\u00e1s cuidar de su conector del polvo, salpicaduras o ca\u00eddas accidentales gracias a su tapa de seguridad.<\/li>\n<li>Es compatible con los sistemas operativos de Windows 10, 8.1, 8, adem\u00e1s de Mac OS 10.10.x o posteriores, Linux 2.6.x o posteriores y Chrome OS.<\/li>\n<li>Con su dise\u00f1o compacto color negro podr\u00e1s llevarla c\u00f3modamente contigo a la escuela u oficina.<\/li>\n<\/ul>\n","protected":false},"excerpt":{"rendered":"<p>Marca: Kingston<\/p>\n<p>Color: Negro<\/p>\n","protected":false},"featured_media":9185,"comment_status":"open","ping_status":"closed","template":"","meta":[],"product_brand":[],"product_cat":[245,246,249],"product_tag":[472,385,474,392],"class_list":{"0":"post-9184","1":"product","2":"type-product","3":"status-publish","4":"has-post-thumbnail","6":"product_cat-almacenamiento","7":"product_cat-almacenamiento-portatil","8":"product_cat-memorias-usb","9":"product_tag-32gb","10":"product_tag-kingston","11":"product_tag-memoria-usb","12":"product_tag-usb","13":"pa_brands-kingston","15":"first","16":"instock","17":"shipping-taxable","18":"purchasable","19":"product-type-simple"},"_links":{"self":[{"href":"https:\/\/www.c-enter.com.mx\/tienda\/wp-json\/wp\/v2\/product\/9184","targetHints":{"allow":["GET"]}}],"collection":[{"href":"https:\/\/www.c-enter.com.mx\/tienda\/wp-json\/wp\/v2\/product"}],"about":[{"href":"https:\/\/www.c-enter.com.mx\/tienda\/wp-json\/wp\/v2\/types\/product"}],"replies":[{"embeddable":true,"href":"https:\/\/www.c-enter.com.mx\/tienda\/wp-json\/wp\/v2\/comments?post=9184"}],"wp:featuredmedia":[{"embeddable":true,"href":"https:\/\/www.c-enter.com.mx\/tienda\/wp-json\/wp\/v2\/media\/9185"}],"wp:attachment":[{"href":"https:\/\/www.c-enter.com.mx\/tienda\/wp-json\/wp\/v2\/media?parent=9184"}],"wp:term":[{"taxonomy":"product_brand","embeddable":true,"href":"https:\/\/www.c-enter.com.mx\/tienda\/wp-json\/wp\/v2\/product_brand?post=9184"},{"taxonomy":"product_cat","embeddable":true,"href":"https:\/\/www.c-enter.com.mx\/tienda\/wp-json\/wp\/v2\/product_cat?post=9184"},{"taxonomy":"product_tag","embeddable":true,"href":"https:\/\/www.c-enter.com.mx\/tienda\/wp-json\/wp\/v2\/product_tag?post=9184"}],"curies":[{"name":"wp","href":"https:\/\/api.w.org\/{rel}","templated":true}]}}