{"id":9284,"date":"2023-01-26T13:38:42","date_gmt":"2023-01-26T19:38:42","guid":{"rendered":"https:\/\/www.c-enter.com.mx\/tienda\/?post_type=product&#038;p=9284"},"modified":"2023-01-30T12:48:20","modified_gmt":"2023-01-30T18:48:20","slug":"anti-virus-kaspersky-esd-5-usuarios-1-ano","status":"publish","type":"product","link":"https:\/\/www.c-enter.com.mx\/tienda\/producto\/anti-virus-kaspersky-esd-5-usuarios-1-ano\/","title":{"rendered":"Anti-Virus KASPERSKY ESD, 5 usuarios, 1 a\u00f1o"},"content":{"rendered":"<p><strong>Requisitos generales:<\/strong><\/p>\n<ul>\n<li>920 MB de espacio libre en el disco duro<\/li>\n<li>Unidad de CD\/DVD (si se instala desde un CD)<\/li>\n<li>Conexi\u00f3n a Internet (para instalar y activar la aplicaci\u00f3n, usar Kaspersky Security Network y actualizar las bases de datos y los m\u00f3dulos de aplicaci\u00f3n) Rat\u00f3n Microsoft Internet Explorer 8.0 o superior Microsoft Windows Installer 3.0 o superior Microsoft .Net Framework 4 o superior<\/li>\n<\/ul>\n<p>&nbsp;<\/p>\n<p><strong>Limitaciones:<\/strong><\/p>\n<ul>\n<li>Las versiones de Firefox anteriores a 52.x no son compatibles con la extensi\u00f3n Kaspersky Protection.<\/li>\n<li>Para administrar su cuenta de My Kaspersky se recomienda usar Microsoft Internet Explorer 9.0 o superior.<\/li>\n<li>Algunas funciones del producto est\u00e1n limitadas en los SO de 64 bits.<\/li>\n<li>El asistente de instalaci\u00f3n no est\u00e1 disponible en los discos din\u00e1micos de sistema.<\/li>\n<li>La protecci\u00f3n contra acceso no autorizado a la c\u00e1mara web s\u00f3lo est\u00e1 disponible para los modelos de c\u00e1maras web compatibles.<\/li>\n<\/ul>\n","protected":false},"excerpt":{"rendered":"<p>Marca: Kaspersky<\/p>\n<p>Tipo: Antivirus<\/p>\n","protected":false},"featured_media":9286,"comment_status":"open","ping_status":"closed","template":"","meta":[],"product_brand":[],"product_cat":[1750,122],"product_tag":[1761,1753,1759,1760],"class_list":{"0":"post-9284","1":"product","2":"type-product","3":"status-publish","4":"has-post-thumbnail","6":"product_cat-antivirus","7":"product_cat-software","8":"product_tag-5-usuarios","9":"product_tag-antivirus","10":"product_tag-esd","11":"product_tag-kaspersky","13":"first","14":"instock","15":"shipping-taxable","16":"purchasable","17":"product-type-simple"},"_links":{"self":[{"href":"https:\/\/www.c-enter.com.mx\/tienda\/wp-json\/wp\/v2\/product\/9284","targetHints":{"allow":["GET"]}}],"collection":[{"href":"https:\/\/www.c-enter.com.mx\/tienda\/wp-json\/wp\/v2\/product"}],"about":[{"href":"https:\/\/www.c-enter.com.mx\/tienda\/wp-json\/wp\/v2\/types\/product"}],"replies":[{"embeddable":true,"href":"https:\/\/www.c-enter.com.mx\/tienda\/wp-json\/wp\/v2\/comments?post=9284"}],"wp:featuredmedia":[{"embeddable":true,"href":"https:\/\/www.c-enter.com.mx\/tienda\/wp-json\/wp\/v2\/media\/9286"}],"wp:attachment":[{"href":"https:\/\/www.c-enter.com.mx\/tienda\/wp-json\/wp\/v2\/media?parent=9284"}],"wp:term":[{"taxonomy":"product_brand","embeddable":true,"href":"https:\/\/www.c-enter.com.mx\/tienda\/wp-json\/wp\/v2\/product_brand?post=9284"},{"taxonomy":"product_cat","embeddable":true,"href":"https:\/\/www.c-enter.com.mx\/tienda\/wp-json\/wp\/v2\/product_cat?post=9284"},{"taxonomy":"product_tag","embeddable":true,"href":"https:\/\/www.c-enter.com.mx\/tienda\/wp-json\/wp\/v2\/product_tag?post=9284"}],"curies":[{"name":"wp","href":"https:\/\/api.w.org\/{rel}","templated":true}]}}