{"id":9330,"date":"2023-02-02T12:51:19","date_gmt":"2023-02-02T18:51:19","guid":{"rendered":"https:\/\/www.c-enter.com.mx\/tienda\/?post_type=product&#038;p=9330"},"modified":"2023-03-31T13:51:42","modified_gmt":"2023-03-31T19:51:42","slug":"contpaqi-bancos-licencia-nueva-o-renovacion","status":"publish","type":"product","link":"https:\/\/www.c-enter.com.mx\/tienda\/producto\/contpaqi-bancos-licencia-nueva-o-renovacion\/","title":{"rendered":"CONTPAQI Bancos Licencia Nueva o Renovaci\u00f3n"},"content":{"rendered":"<div class=\"zprow zpalign-items-flex-start zpjustify-content-flex-start \" data-element-id=\"elm_DwdcDr7FZ8ycfuctjCmXWw\" data-element-type=\"row\">\n<div class=\"zpelem-col zpcol-md-4 zpcol-sm-12 zpalign-self- zpdefault-section zpdefault-section-bg \" data-element-id=\"elm_4tPTrbf15Ht2w8aYdcT5IA\" data-element-type=\"column\">\n<div class=\"zpelement zpelem-iconheadingtext \" data-element-id=\"elm_i9w03ltHLq5cHYPjbK05UQ\" data-element-type=\"iconHeadingText\">\n<div class=\"zpicon-container zpicon-align-left \">\n<div><strong>Cuida lo que m\u00e1s te importa: tu liquidez<\/strong><\/div>\n<div class=\"zpicon-text-container \" data-editor=\"true\">\n<p>Toma control del efectivo de tu empresa por medio del registro de ingresos y egresos, adem\u00e1s podr\u00e1s mejorar su procesamiento y asociaci\u00f3n a los movimientos de tu negocio.<\/p>\n<\/div>\n<\/div>\n<\/div>\n<\/div>\n<div class=\"zpelem-col zpcol-md-4 zpcol-sm-12 zpalign-self- zpdefault-section zpdefault-section-bg \" data-element-id=\"elm_l2qNxGGZchBhte6qJ5K3DQ\" data-element-type=\"column\">\n<div class=\"zpelement zpelem-iconheadingtext \" data-element-id=\"elm_Ml0Y5Pcw1UuUfFlDs8BhLQ\" data-element-type=\"iconHeadingText\">\n<div class=\"zpicon-container zpicon-align-left \">\n<p class=\"zpicon-heading \" data-editor=\"true\"><strong>Obt\u00e9n un flujo de efectivo a tu favor<\/strong><\/p>\n<div class=\"zpicon-text-container \" data-editor=\"true\">\n<div>\n<div>\n<p>Genera proyecciones de gastos e ingresos para planificarlos y administrar estrat\u00e9gicamente tu dinero.<\/p>\n<\/div>\n<\/div>\n<\/div>\n<\/div>\n<\/div>\n<\/div>\n<div class=\"zpelem-col zpcol-md-4 zpcol-sm-12 zpalign-self- zpdefault-section zpdefault-section-bg \" data-element-id=\"elm_toIRhTCZOrN8kTiFosLHgw\" data-element-type=\"column\">\n<div class=\"zpelement zpelem-iconheadingtext \" data-element-id=\"elm_PpEMaZ5i6wKkbL5cO3cqsg\" data-element-type=\"iconHeadingText\">\n<div class=\"zpicon-container zpicon-align-left \">\n<p class=\"zpicon-heading \" data-editor=\"true\"><strong>Controla fechas de pago<\/strong><\/p>\n<div class=\"zpicon-text-container \" data-editor=\"true\">\n<div>\n<div>\n<div>\n<div>\n<p>Puedes modificar las fechas probables en que tus clientes te pagar\u00e1n para tener una mejor visi\u00f3n de tus ingresos y de tus cuentas por cobrar.<\/p>\n<\/div>\n<\/div>\n<\/div>\n<\/div>\n<\/div>\n<\/div>\n<\/div>\n<\/div>\n<\/div>\n<div class=\"zprow zpalign-items-flex-start zpjustify-content-flex-start \" data-element-id=\"elm_osqpv9JkwjasX3aERa1s8A\" data-element-type=\"row\">\n<div class=\"zpelem-col zpcol-md-4 zpcol-sm-12 zpalign-self- zpdefault-section zpdefault-section-bg \" data-element-id=\"elm_nBF5UmrQrS85jMUhV9HZaQ\" data-element-type=\"column\">\n<div class=\"zpelement zpelem-iconheadingtext \" data-element-id=\"elm_WRVAHZukSuNsQqzKukOqzg\" data-element-type=\"iconHeadingText\">\n<div class=\"zpicon-container zpicon-align-left \">\n<p class=\"zpicon-heading \" data-editor=\"true\"><strong>Conoce nuestro contabilizador<\/strong><\/p>\n<div class=\"zpicon-text-container \" data-editor=\"true\">\n<p>Personaliza asientos contables de cobro y pago de comprobantes, adem\u00e1s con el uso de segmentos de cuentas, f\u00f3rmulas o valores predefinidos podr\u00e1s potencializarlos.<\/p>\n<\/div>\n<\/div>\n<\/div>\n<\/div>\n<div class=\"zpelem-col zpcol-md-4 zpcol-sm-12 zpalign-self- zpdefault-section zpdefault-section-bg \" data-element-id=\"elm_Bn5dowPgQyJIU7C-shPGUA\" data-element-type=\"column\">\n<div class=\"zpelement zpelem-iconheadingtext \" data-element-id=\"elm_rc2MjjjPFB50rpQ4H7uIDQ\" data-element-type=\"iconHeadingText\">\n<div class=\"zpicon-container zpicon-align-left \">\n<p class=\"zpicon-heading \" data-editor=\"true\"><strong>Contabiliza tus documentos bancarios<\/strong><\/p>\n<div class=\"zpicon-text-container \" data-editor=\"true\">\n<p>Controla tus cajas y sus fondeos, reposiciones de gastos o vi\u00e1ticos, efectivo o cheques y toda tu informaci\u00f3n financiera desde un solo lugar.<\/p>\n<\/div>\n<\/div>\n<\/div>\n<\/div>\n<div class=\"zpelem-col zpcol-md-4 zpcol-sm-12 zpalign-self- zpdefault-section zpdefault-section-bg \" data-element-id=\"elm_22mxvnwBNrx8uNjywb8ykg\" data-element-type=\"column\">\n<div class=\"zpelement zpelem-iconheadingtext \" data-element-id=\"elm_uSmiYHM-EO4VwERtznnmpw\" data-element-type=\"iconHeadingText\">\n<div class=\"zpicon-container zpicon-align-left \">\n<p class=\"zpicon-heading \" data-editor=\"true\"><strong>Visualiza comprobantes y facturas<\/strong><\/p>\n<div class=\"zpicon-text-container \" data-editor=\"true\">\n<p>Cuentas con el timbrado ilimitado a cero pesos, lo que garantiza que sin importar cu\u00e1ntos CFDI requieras emitir, no pagar\u00e1s adicionalmente.<\/p>\n<\/div>\n<\/div>\n<\/div>\n<\/div>\n<\/div>\n","protected":false},"excerpt":{"rendered":"<p>Marca: CONTPAQI<\/p>\n<p>Tipo: Bancos<\/p>\n","protected":false},"featured_media":9331,"comment_status":"open","ping_status":"closed","template":"","meta":[],"product_brand":[],"product_cat":[1795,1783,313],"product_tag":[1758,1796,316],"class_list":{"0":"post-9330","1":"product","2":"type-product","3":"status-publish","4":"has-post-thumbnail","6":"product_cat-bancos","7":"product_cat-procesos-contables","8":"product_cat-sistemas-contpaqi","9":"product_tag-1-usuario","10":"product_tag-bancos","11":"product_tag-contpaqi","12":"pa_brands-contpaqi","14":"first","15":"instock","16":"shipping-taxable","17":"purchasable","18":"product-type-simple"},"_links":{"self":[{"href":"https:\/\/www.c-enter.com.mx\/tienda\/wp-json\/wp\/v2\/product\/9330","targetHints":{"allow":["GET"]}}],"collection":[{"href":"https:\/\/www.c-enter.com.mx\/tienda\/wp-json\/wp\/v2\/product"}],"about":[{"href":"https:\/\/www.c-enter.com.mx\/tienda\/wp-json\/wp\/v2\/types\/product"}],"replies":[{"embeddable":true,"href":"https:\/\/www.c-enter.com.mx\/tienda\/wp-json\/wp\/v2\/comments?post=9330"}],"wp:featuredmedia":[{"embeddable":true,"href":"https:\/\/www.c-enter.com.mx\/tienda\/wp-json\/wp\/v2\/media\/9331"}],"wp:attachment":[{"href":"https:\/\/www.c-enter.com.mx\/tienda\/wp-json\/wp\/v2\/media?parent=9330"}],"wp:term":[{"taxonomy":"product_brand","embeddable":true,"href":"https:\/\/www.c-enter.com.mx\/tienda\/wp-json\/wp\/v2\/product_brand?post=9330"},{"taxonomy":"product_cat","embeddable":true,"href":"https:\/\/www.c-enter.com.mx\/tienda\/wp-json\/wp\/v2\/product_cat?post=9330"},{"taxonomy":"product_tag","embeddable":true,"href":"https:\/\/www.c-enter.com.mx\/tienda\/wp-json\/wp\/v2\/product_tag?post=9330"}],"curies":[{"name":"wp","href":"https:\/\/api.w.org\/{rel}","templated":true}]}}