{"id":9640,"date":"2023-03-17T10:28:13","date_gmt":"2023-03-17T16:28:13","guid":{"rendered":"https:\/\/www.c-enter.com.mx\/tienda\/?post_type=product&#038;p=9640"},"modified":"2024-04-15T13:44:21","modified_gmt":"2024-04-15T19:44:21","slug":"enclosure-vorago-hdd-201-negro","status":"publish","type":"product","link":"https:\/\/www.c-enter.com.mx\/tienda\/producto\/enclosure-vorago-hdd-201-negro\/","title":{"rendered":"Enclosure Vorago HDD-201 Negro"},"content":{"rendered":"<ul class=\"a-unordered-list a-vertical a-spacing-mini\">\n<li><span class=\"a-list-item\">SEGURO Su carcasa met\u00e1lica adem\u00e1s de ser resistente protege toda la informaci\u00f3n que tienes respaldada.<\/span><\/li>\n<li><span class=\"a-list-item\">PORT\u00c1TIL Su tama\u00f1o y alimentaci\u00f3n USB lo hacen totalmente c\u00f3modo y portable.<\/span><\/li>\n<li><span class=\"a-list-item\">R\u00c1PIDO Su interfaz USB 3.0 te permite una velocidad de transferencia de hasta 5 Gbps.<\/span><\/li>\n<li><span class=\"a-list-item\">ALMAC\u00c9NALO TODO Su soporte de hasta 2 TB te permite almacenar y realizar copias de seguridad de tu ordenador f\u00e1cilmente.<\/span><\/li>\n<li><span class=\"a-list-item\">F\u00c1CIL DE INSTALAR Con su pr\u00e1ctico desarmador puedes colocar tu disco duro en la carcasa port\u00e1til y transportar toda tu informaci\u00f3n r\u00e1pidamente y al instante.<\/span><\/li>\n<\/ul>\n","protected":false},"excerpt":{"rendered":"<p>Marca: Vorago<\/p>\n<p>Color: Negro<\/p>\n","protected":false},"featured_media":9641,"comment_status":"open","ping_status":"closed","template":"","meta":[],"product_brand":[],"product_cat":[361,321],"product_tag":[364,1488,366,1886,357],"class_list":{"0":"post-9640","1":"product","2":"type-product","3":"status-publish","4":"has-post-thumbnail","6":"product_cat-case-para-discos-duros","7":"product_cat-discos-duros","8":"product_tag-case","9":"product_tag-enclosure","10":"product_tag-gabinete","11":"product_tag-hdd-201","12":"product_tag-vorago","13":"pa_brands-vorago","15":"first","16":"instock","17":"sale","18":"shipping-taxable","19":"purchasable","20":"product-type-simple"},"_links":{"self":[{"href":"https:\/\/www.c-enter.com.mx\/tienda\/wp-json\/wp\/v2\/product\/9640","targetHints":{"allow":["GET"]}}],"collection":[{"href":"https:\/\/www.c-enter.com.mx\/tienda\/wp-json\/wp\/v2\/product"}],"about":[{"href":"https:\/\/www.c-enter.com.mx\/tienda\/wp-json\/wp\/v2\/types\/product"}],"replies":[{"embeddable":true,"href":"https:\/\/www.c-enter.com.mx\/tienda\/wp-json\/wp\/v2\/comments?post=9640"}],"wp:featuredmedia":[{"embeddable":true,"href":"https:\/\/www.c-enter.com.mx\/tienda\/wp-json\/wp\/v2\/media\/9641"}],"wp:attachment":[{"href":"https:\/\/www.c-enter.com.mx\/tienda\/wp-json\/wp\/v2\/media?parent=9640"}],"wp:term":[{"taxonomy":"product_brand","embeddable":true,"href":"https:\/\/www.c-enter.com.mx\/tienda\/wp-json\/wp\/v2\/product_brand?post=9640"},{"taxonomy":"product_cat","embeddable":true,"href":"https:\/\/www.c-enter.com.mx\/tienda\/wp-json\/wp\/v2\/product_cat?post=9640"},{"taxonomy":"product_tag","embeddable":true,"href":"https:\/\/www.c-enter.com.mx\/tienda\/wp-json\/wp\/v2\/product_tag?post=9640"}],"curies":[{"name":"wp","href":"https:\/\/api.w.org\/{rel}","templated":true}]}}