{"id":9672,"date":"2023-03-17T12:18:45","date_gmt":"2023-03-17T18:18:45","guid":{"rendered":"https:\/\/www.c-enter.com.mx\/tienda\/?post_type=product&#038;p=9672"},"modified":"2025-01-27T13:13:10","modified_gmt":"2025-01-27T19:13:10","slug":"cargador-steren-para-aa-y-aaa-crg-015","status":"publish","type":"product","link":"https:\/\/www.c-enter.com.mx\/tienda\/producto\/cargador-steren-para-aa-y-aaa-crg-015\/","title":{"rendered":"Cargador Steren Para AA Y AAA CRG-015"},"content":{"rendered":"<p>Recarga bater\u00edas &#8220;AA&#8221; y &#8220;AAA&#8221; con este cargador, compatible con pilas de composici\u00f3n n\u00edquel-metal (Ni-MH) y n\u00edquel-cadmio (Ni-Cd).<\/p>\n<p>Tiene 2 indicadores LED de funcionamiento que encienden al colocar el par de bater\u00edas para recargar (La recarga debe ser en pares y con pilas del mismo tipo &#8220;AA&#8221; o &#8220;AAA&#8221;).<\/p>\n<p>Tambi\u00e9n incorpora clavija abatible para guardarlo y transportarlo f\u00e1cilmente.<\/p>\n<p>Incluye 4 bater\u00edas &#8220;AA&#8221; de 1300 mAh.<\/p>\n","protected":false},"excerpt":{"rendered":"<p>Marca: Steren<\/p>\n","protected":false},"featured_media":9673,"comment_status":"open","ping_status":"closed","template":"","meta":[],"product_brand":[],"product_cat":[288,1151,1152],"product_tag":[871,1447,858,1442,860,744],"class_list":{"0":"post-9672","1":"product","2":"type-product","3":"status-publish","4":"has-post-thumbnail","6":"product_cat-accesorios","7":"product_cat-baterias-recargables","8":"product_cat-cargadores-de-energia","9":"product_tag-aa","10":"product_tag-aaa","11":"product_tag-cargador-de-baterias","12":"product_tag-cargador-de-pilas","13":"product_tag-crg-015","14":"product_tag-steren","16":"first","17":"instock","18":"shipping-taxable","19":"purchasable","20":"product-type-simple"},"_links":{"self":[{"href":"https:\/\/www.c-enter.com.mx\/tienda\/wp-json\/wp\/v2\/product\/9672","targetHints":{"allow":["GET"]}}],"collection":[{"href":"https:\/\/www.c-enter.com.mx\/tienda\/wp-json\/wp\/v2\/product"}],"about":[{"href":"https:\/\/www.c-enter.com.mx\/tienda\/wp-json\/wp\/v2\/types\/product"}],"replies":[{"embeddable":true,"href":"https:\/\/www.c-enter.com.mx\/tienda\/wp-json\/wp\/v2\/comments?post=9672"}],"wp:featuredmedia":[{"embeddable":true,"href":"https:\/\/www.c-enter.com.mx\/tienda\/wp-json\/wp\/v2\/media\/9673"}],"wp:attachment":[{"href":"https:\/\/www.c-enter.com.mx\/tienda\/wp-json\/wp\/v2\/media?parent=9672"}],"wp:term":[{"taxonomy":"product_brand","embeddable":true,"href":"https:\/\/www.c-enter.com.mx\/tienda\/wp-json\/wp\/v2\/product_brand?post=9672"},{"taxonomy":"product_cat","embeddable":true,"href":"https:\/\/www.c-enter.com.mx\/tienda\/wp-json\/wp\/v2\/product_cat?post=9672"},{"taxonomy":"product_tag","embeddable":true,"href":"https:\/\/www.c-enter.com.mx\/tienda\/wp-json\/wp\/v2\/product_tag?post=9672"}],"curies":[{"name":"wp","href":"https:\/\/api.w.org\/{rel}","templated":true}]}}