{"id":9714,"date":"2023-03-20T13:18:17","date_gmt":"2023-03-20T19:18:17","guid":{"rendered":"https:\/\/www.c-enter.com.mx\/tienda\/?post_type=product&#038;p=9714"},"modified":"2025-01-27T13:09:21","modified_gmt":"2025-01-27T19:09:21","slug":"hub-7-puertos-techzone-usb-2-0-cargador-de-corriente-negro","status":"publish","type":"product","link":"https:\/\/www.c-enter.com.mx\/tienda\/producto\/hub-7-puertos-techzone-usb-2-0-cargador-de-corriente-negro\/","title":{"rendered":"HUB 7 Puertos Techzone USB 2.0 Cargador De Corriente Negro"},"content":{"rendered":"<ul>\n<li>\u00a0Proporciona siete puertos USB de Alta Velocidad 2.0 para equipos perif\u00e9ricos adicionales<\/li>\n<li>\u00a0Transmisor de M\u00faltiples Transacciones que soportan dispositivos USB de baja velocidad y alto ancho de banda para un desempe\u00f1o \u00f3ptimo<\/li>\n<li>\u00a0Cable alrededor del hub que permite conexiones f\u00e1ciles y protege los puertos que no est\u00e1n en uso.<\/li>\n<li>\u00a0Adaptador de corriente con protecci\u00f3n contra sobrecargas.<\/li>\n<li>\u00a0\\\u201dHot-swappable\\\u201d Capacidad de cambiar a otro puerto USB sin necesidad de detener el funcionamiento de su equipo.<\/li>\n<li>\u00a0\\\u201dPlug and Play\\\u201d (Enchufe y Listo) \u2013 Compatible con Windows y Mac<\/li>\n<\/ul>\n","protected":false},"excerpt":{"rendered":"<p>Marca: Techzone<\/p>\n<p>Color: Negro<\/p>\n<p>&nbsp;<\/p>\n","protected":false},"featured_media":9716,"comment_status":"open","ping_status":"closed","template":"","meta":[],"product_brand":[],"product_cat":[1140,418],"product_tag":[1920,419,279,1921],"class_list":{"0":"post-9714","1":"product","2":"type-product","3":"status-publish","4":"has-post-thumbnail","6":"product_cat-accesorios-para-pc","7":"product_cat-adaptadores-usb","8":"product_tag-7-puertos","9":"product_tag-hub","10":"product_tag-techzone","11":"product_tag-usb-2-0","13":"first","14":"instock","15":"shipping-taxable","16":"purchasable","17":"product-type-simple"},"_links":{"self":[{"href":"https:\/\/www.c-enter.com.mx\/tienda\/wp-json\/wp\/v2\/product\/9714","targetHints":{"allow":["GET"]}}],"collection":[{"href":"https:\/\/www.c-enter.com.mx\/tienda\/wp-json\/wp\/v2\/product"}],"about":[{"href":"https:\/\/www.c-enter.com.mx\/tienda\/wp-json\/wp\/v2\/types\/product"}],"replies":[{"embeddable":true,"href":"https:\/\/www.c-enter.com.mx\/tienda\/wp-json\/wp\/v2\/comments?post=9714"}],"wp:featuredmedia":[{"embeddable":true,"href":"https:\/\/www.c-enter.com.mx\/tienda\/wp-json\/wp\/v2\/media\/9716"}],"wp:attachment":[{"href":"https:\/\/www.c-enter.com.mx\/tienda\/wp-json\/wp\/v2\/media?parent=9714"}],"wp:term":[{"taxonomy":"product_brand","embeddable":true,"href":"https:\/\/www.c-enter.com.mx\/tienda\/wp-json\/wp\/v2\/product_brand?post=9714"},{"taxonomy":"product_cat","embeddable":true,"href":"https:\/\/www.c-enter.com.mx\/tienda\/wp-json\/wp\/v2\/product_cat?post=9714"},{"taxonomy":"product_tag","embeddable":true,"href":"https:\/\/www.c-enter.com.mx\/tienda\/wp-json\/wp\/v2\/product_tag?post=9714"}],"curies":[{"name":"wp","href":"https:\/\/api.w.org\/{rel}","templated":true}]}}