{"id":9862,"date":"2023-03-27T14:11:21","date_gmt":"2023-03-27T20:11:21","guid":{"rendered":"https:\/\/www.c-enter.com.mx\/tienda\/?post_type=product&#038;p=9862"},"modified":"2025-01-27T11:55:03","modified_gmt":"2025-01-27T17:55:03","slug":"goma-para-borrar-pelikan-pastel","status":"publish","type":"product","link":"https:\/\/www.c-enter.com.mx\/tienda\/producto\/goma-para-borrar-pelikan-pastel\/","title":{"rendered":"Goma Para  Borrar Pelikan Pastel"},"content":{"rendered":"<p>\u2022 Logra un limpio y excelente borrado.<\/p>\n<p>\u2022 Borra sin da\u00f1ar ni maltratar el papel gracias a su textura suave, que no deja manchas.<\/p>\n<p>\u2022 Su dise\u00f1o te brinda una mayor sujeci\u00f3n para borrados m\u00e1s precisos en espacios reducidos.<\/p>\n<p>\u2022 Encu\u00e9ntralas en 4 incre\u00edbles colores pastel: rosa, azul turquesa, verde y lila.<\/p>\n<p>\u2022 Ideal para uso escolar y profesional.<\/p>\n<p>\u2022 No t\u00f3xica.<\/p>\n","protected":false},"excerpt":{"rendered":"<p>Marca: Pelikan<\/p>\n<p>Color: Pasteles<\/p>\n","protected":false},"featured_media":9863,"comment_status":"open","ping_status":"closed","template":"","meta":[],"product_brand":[],"product_cat":[980],"product_tag":[2013,2015,2012,2016,2014,1035],"class_list":{"0":"post-9862","1":"product","2":"type-product","3":"status-publish","4":"has-post-thumbnail","6":"product_cat-papeleria","7":"product_tag-borrador","8":"product_tag-color-pastel","9":"product_tag-goma","10":"product_tag-goma-para-borrar","11":"product_tag-pastel","12":"product_tag-pelikan","14":"first","15":"outofstock","16":"shipping-taxable","17":"purchasable","18":"product-type-simple"},"_links":{"self":[{"href":"https:\/\/www.c-enter.com.mx\/tienda\/wp-json\/wp\/v2\/product\/9862","targetHints":{"allow":["GET"]}}],"collection":[{"href":"https:\/\/www.c-enter.com.mx\/tienda\/wp-json\/wp\/v2\/product"}],"about":[{"href":"https:\/\/www.c-enter.com.mx\/tienda\/wp-json\/wp\/v2\/types\/product"}],"replies":[{"embeddable":true,"href":"https:\/\/www.c-enter.com.mx\/tienda\/wp-json\/wp\/v2\/comments?post=9862"}],"wp:featuredmedia":[{"embeddable":true,"href":"https:\/\/www.c-enter.com.mx\/tienda\/wp-json\/wp\/v2\/media\/9863"}],"wp:attachment":[{"href":"https:\/\/www.c-enter.com.mx\/tienda\/wp-json\/wp\/v2\/media?parent=9862"}],"wp:term":[{"taxonomy":"product_brand","embeddable":true,"href":"https:\/\/www.c-enter.com.mx\/tienda\/wp-json\/wp\/v2\/product_brand?post=9862"},{"taxonomy":"product_cat","embeddable":true,"href":"https:\/\/www.c-enter.com.mx\/tienda\/wp-json\/wp\/v2\/product_cat?post=9862"},{"taxonomy":"product_tag","embeddable":true,"href":"https:\/\/www.c-enter.com.mx\/tienda\/wp-json\/wp\/v2\/product_tag?post=9862"}],"curies":[{"name":"wp","href":"https:\/\/api.w.org\/{rel}","templated":true}]}}