{"id":9921,"date":"2023-03-28T13:46:38","date_gmt":"2023-03-28T19:46:38","guid":{"rendered":"https:\/\/www.c-enter.com.mx\/tienda\/?post_type=product&#038;p=9921"},"modified":"2025-01-21T16:46:27","modified_gmt":"2025-01-21T22:46:27","slug":"portalapices-malla-metalica-grande-negro","status":"publish","type":"product","link":"https:\/\/www.c-enter.com.mx\/tienda\/producto\/portalapices-malla-metalica-grande-negro\/","title":{"rendered":"Portal\u00e1pices Malla Met\u00e1lica Grande Negro"},"content":{"rendered":"<p>Material: Malla Met\u00e1lica<\/p>\n<p>Color: negro.<\/p>\n<p>Tama\u00f1o: 11.5 X 14 cm<\/p>\n","protected":false},"excerpt":{"rendered":"<p>Marca: Nextep<\/p>\n<p>Color: Negro<\/p>\n","protected":false},"featured_media":9922,"comment_status":"open","ping_status":"closed","template":"","meta":[],"product_brand":[],"product_cat":[980],"product_tag":[2023,997,2084,2083],"class_list":{"0":"post-9921","1":"product","2":"type-product","3":"status-publish","4":"has-post-thumbnail","6":"product_cat-papeleria","7":"product_tag-nextep","8":"product_tag-portalapices","9":"product_tag-portalapices-grande","10":"product_tag-portalapices-malla-metalica","12":"first","13":"instock","14":"shipping-taxable","15":"purchasable","16":"product-type-simple"},"_links":{"self":[{"href":"https:\/\/www.c-enter.com.mx\/tienda\/wp-json\/wp\/v2\/product\/9921","targetHints":{"allow":["GET"]}}],"collection":[{"href":"https:\/\/www.c-enter.com.mx\/tienda\/wp-json\/wp\/v2\/product"}],"about":[{"href":"https:\/\/www.c-enter.com.mx\/tienda\/wp-json\/wp\/v2\/types\/product"}],"replies":[{"embeddable":true,"href":"https:\/\/www.c-enter.com.mx\/tienda\/wp-json\/wp\/v2\/comments?post=9921"}],"wp:featuredmedia":[{"embeddable":true,"href":"https:\/\/www.c-enter.com.mx\/tienda\/wp-json\/wp\/v2\/media\/9922"}],"wp:attachment":[{"href":"https:\/\/www.c-enter.com.mx\/tienda\/wp-json\/wp\/v2\/media?parent=9921"}],"wp:term":[{"taxonomy":"product_brand","embeddable":true,"href":"https:\/\/www.c-enter.com.mx\/tienda\/wp-json\/wp\/v2\/product_brand?post=9921"},{"taxonomy":"product_cat","embeddable":true,"href":"https:\/\/www.c-enter.com.mx\/tienda\/wp-json\/wp\/v2\/product_cat?post=9921"},{"taxonomy":"product_tag","embeddable":true,"href":"https:\/\/www.c-enter.com.mx\/tienda\/wp-json\/wp\/v2\/product_tag?post=9921"}],"curies":[{"name":"wp","href":"https:\/\/api.w.org\/{rel}","templated":true}]}}